{"id":160,"date":"2024-07-17T13:17:44","date_gmt":"2024-07-17T11:17:44","guid":{"rendered":"https:\/\/naebulashop.com\/?page_id=160"},"modified":"2025-10-21T09:44:05","modified_gmt":"2025-10-21T07:44:05","slug":"a-propos","status":"publish","type":"page","link":"https:\/\/naebulashop.com\/en\/a-propos\/","title":{"rendered":"About"},"content":{"rendered":"\t\t<div data-elementor-type=\"wp-page\" data-elementor-id=\"160\" class=\"elementor elementor-160\" data-elementor-post-type=\"page\">\n\t\t\t\t<div class=\"elementor-element elementor-element-51c66d8 e-flex e-con-boxed e-con e-parent\" data-id=\"51c66d8\" data-element_type=\"container\" data-e-type=\"container\">\n\t\t\t\t\t<div class=\"e-con-inner\">\n\t\t\t\t<div class=\"elementor-element elementor-element-52b4b2e animated-slow elementor-invisible elementor-widget elementor-widget-heading\" data-id=\"52b4b2e\" data-element_type=\"widget\" data-e-type=\"widget\" data-settings=\"{&quot;_animation&quot;:&quot;slideInUp&quot;}\" data-widget_type=\"heading.default\">\n\t\t\t\t<div class=\"elementor-widget-container\">\n\t\t\t\t\t<h2 class=\"elementor-heading-title elementor-size-default\">N\u00e6b\u00fcla : qu'est ce que c'est ?<\/h2>\t\t\t\t<\/div>\n\t\t\t\t<\/div>\n\t\t\t\t\t<\/div>\n\t\t\t\t<\/div>\n\t\t<div class=\"elementor-element elementor-element-undefined-84a6b06 e-flex e-con-boxed e-con e-parent\" data-id=\"undefined-84a6b06\" data-element_type=\"container\" data-e-type=\"container\">\n\t\t\t\t\t<div class=\"e-con-inner\">\n\t\t<div class=\"elementor-element elementor-element-undefined-3534be6 e-flex e-con-boxed e-con e-child\" data-id=\"undefined-3534be6\" data-element_type=\"container\" data-e-type=\"container\">\n\t\t\t\t\t<div class=\"e-con-inner\">\n\t\t\t\t<div class=\"elementor-element elementor-element-undefined-5fed9ea elementor-widget-mobile__width-initial animated-slow elementor-invisible elementor-widget elementor-widget-image\" data-id=\"undefined-5fed9ea\" data-element_type=\"widget\" data-e-type=\"widget\" data-settings=\"{&quot;_animation&quot;:&quot;fadeInDown&quot;}\" data-widget_type=\"image.default\">\n\t\t\t\t<div class=\"elementor-widget-container\">\n\t\t\t\t\t\t\t\t\t\t\t\t\t\t\t<img fetchpriority=\"high\" decoding=\"async\" width=\"800\" height=\"574\" src=\"https:\/\/naebulashop.com\/wp-content\/uploads\/2024\/11\/pexels-pixabay-2150-1024x735.jpg\" class=\"attachment-large size-large wp-image-1271\" alt=\"\" srcset=\"https:\/\/naebulashop.com\/wp-content\/uploads\/2024\/11\/pexels-pixabay-2150-1024x735.jpg 1024w, https:\/\/naebulashop.com\/wp-content\/uploads\/2024\/11\/pexels-pixabay-2150-300x215.jpg 300w, https:\/\/naebulashop.com\/wp-content\/uploads\/2024\/11\/pexels-pixabay-2150-768x551.jpg 768w, https:\/\/naebulashop.com\/wp-content\/uploads\/2024\/11\/pexels-pixabay-2150-1536x1102.jpg 1536w, https:\/\/naebulashop.com\/wp-content\/uploads\/2024\/11\/pexels-pixabay-2150-2048x1470.jpg 2048w, https:\/\/naebulashop.com\/wp-content\/uploads\/2024\/11\/pexels-pixabay-2150-600x431.jpg 600w\" sizes=\"(max-width: 800px) 100vw, 800px\" \/>\t\t\t\t\t\t\t\t\t\t\t\t\t\t\t<\/div>\n\t\t\t\t<\/div>\n\t\t\t\t<div class=\"elementor-element elementor-element-undefined-7802b3e elementor-widget-mobile__width-initial animated-slow elementor-invisible elementor-widget elementor-widget-image\" data-id=\"undefined-7802b3e\" data-element_type=\"widget\" data-e-type=\"widget\" data-settings=\"{&quot;_animation&quot;:&quot;fadeInUp&quot;}\" data-widget_type=\"image.default\">\n\t\t\t\t<div class=\"elementor-widget-container\">\n\t\t\t\t\t\t\t\t\t\t\t\t\t\t\t<img decoding=\"async\" width=\"800\" height=\"534\" data-src=\"https:\/\/naebulashop.com\/wp-content\/uploads\/2024\/11\/pexels-cottonbro-7484153-1024x683.jpg\" class=\"attachment-large size-large wp-image-1273 lazyload\" alt=\"\" data-srcset=\"https:\/\/naebulashop.com\/wp-content\/uploads\/2024\/11\/pexels-cottonbro-7484153-1024x683.jpg 1024w, https:\/\/naebulashop.com\/wp-content\/uploads\/2024\/11\/pexels-cottonbro-7484153-300x200.jpg 300w, https:\/\/naebulashop.com\/wp-content\/uploads\/2024\/11\/pexels-cottonbro-7484153-768x512.jpg 768w, https:\/\/naebulashop.com\/wp-content\/uploads\/2024\/11\/pexels-cottonbro-7484153-1536x1024.jpg 1536w, https:\/\/naebulashop.com\/wp-content\/uploads\/2024\/11\/pexels-cottonbro-7484153-2048x1365.jpg 2048w, https:\/\/naebulashop.com\/wp-content\/uploads\/2024\/11\/pexels-cottonbro-7484153-600x400.jpg 600w\" data-sizes=\"(max-width: 800px) 100vw, 800px\" src=\"data:image\/svg+xml;base64,PHN2ZyB3aWR0aD0iMSIgaGVpZ2h0PSIxIiB4bWxucz0iaHR0cDovL3d3dy53My5vcmcvMjAwMC9zdmciPjwvc3ZnPg==\" style=\"--smush-placeholder-width: 800px; --smush-placeholder-aspect-ratio: 800\/534;\" \/>\t\t\t\t\t\t\t\t\t\t\t\t\t\t\t<\/div>\n\t\t\t\t<\/div>\n\t\t\t\t\t<\/div>\n\t\t\t\t<\/div>\n\t\t<div class=\"elementor-element elementor-element-undefined-d39d4c0 e-con-full e-flex e-con e-child\" data-id=\"undefined-d39d4c0\" data-element_type=\"container\" data-e-type=\"container\">\n\t\t\t\t<div class=\"elementor-element elementor-element-undefined-4b02b8b elementor-widget elementor-widget-heading\" data-id=\"undefined-4b02b8b\" data-element_type=\"widget\" data-e-type=\"widget\" data-widget_type=\"heading.default\">\n\t\t\t\t<div class=\"elementor-widget-container\">\n\t\t\t\t\t<h1 class=\"elementor-heading-title elementor-size-default\">N\u00f4tre voyage<\/h1>\t\t\t\t<\/div>\n\t\t\t\t<\/div>\n\t\t\t\t<div class=\"elementor-element elementor-element-undefined-7623d21 elementor-widget elementor-widget-text-editor\" data-id=\"undefined-7623d21\" data-element_type=\"widget\" data-e-type=\"widget\" data-widget_type=\"text-editor.default\">\n\t\t\t\t<div class=\"elementor-widget-container\">\n\t\t\t\t\t\t\t\t\t<p><strong>N<em>\u00e6<\/em>b\u00fcla<\/strong> est n\u00e9 de ma passion pour l&rsquo;espace et le design graphique. Fascin\u00e9 par l&rsquo;univers et les myst\u00e8res du cosmos, j&rsquo;ai toujours voulu combiner mon amour pour l&rsquo;astronomie avec mon talent en design visuel. C\u2019est en 2021 que l\u2019id\u00e9e du <strong>N<em>\u00e6<\/em>b\u00fcla Shop<\/strong> a commenc\u00e9 \u00e0 prendre forme, imagin\u00e9e comme un espace d\u00e9di\u00e9 aux amoureux des \u00e9toiles, des galaxies et de tout ce qui touche \u00e0 l\u2019univers.<\/p>\t\t\t\t\t\t\t\t<\/div>\n\t\t\t\t<\/div>\n\t\t\t\t<div class=\"elementor-element elementor-element-undefined-cc4f670 elementor-blockquote--button-color-custom elementor-blockquote--skin-border elementor-widget elementor-widget-blockquote\" data-id=\"undefined-cc4f670\" data-element_type=\"widget\" data-e-type=\"widget\" data-widget_type=\"blockquote.default\">\n\t\t\t\t<div class=\"elementor-widget-container\">\n\t\t\t\t\t\t\t<blockquote class=\"elementor-blockquote\">\n\t\t\t<p class=\"elementor-blockquote__content\">\n\t\t\t\t\u201cL'univers est un immense livre.\u201d\t\t\t<\/p>\n\t\t\t\t\t\t\t<div class=\"e-q-footer\">\n\t\t\t\t\t\t\t\t\t\t\t<cite class=\"elementor-blockquote__author\">Mohyddin Inb Arabi <\/cite>\n\t\t\t\t\t\t\t\t\t\t\t\t\t\t<\/div>\n\t\t\t\t\t<\/blockquote>\n\t\t\t\t\t\t<\/div>\n\t\t\t\t<\/div>\n\t\t\t\t<\/div>\n\t\t\t\t\t<\/div>\n\t\t\t\t<\/div>\n\t\t<div class=\"elementor-element elementor-element-8189b74 e-con-full e-flex e-con e-parent\" data-id=\"8189b74\" data-element_type=\"container\" data-e-type=\"container\" data-settings=\"{&quot;background_background&quot;:&quot;slideshow&quot;,&quot;background_slideshow_gallery&quot;:[{&quot;id&quot;:605,&quot;url&quot;:&quot;https:\\\/\\\/naebulashop.com\\\/wp-content\\\/uploads\\\/2024\\\/10\\\/unisex-staple-t-shirt-black-zoomed-in-6721f28279e74.jpg&quot;}],&quot;background_slideshow_loop&quot;:&quot;yes&quot;,&quot;background_slideshow_slide_duration&quot;:5000,&quot;background_slideshow_slide_transition&quot;:&quot;fade&quot;,&quot;background_slideshow_transition_duration&quot;:500}\">\n\t\t\t\t<\/div>\n\t\t<div class=\"elementor-element elementor-element-98f5463 e-flex e-con-boxed e-con e-parent\" data-id=\"98f5463\" data-element_type=\"container\" data-e-type=\"container\">\n\t\t\t\t\t<div class=\"e-con-inner\">\n\t\t<div class=\"elementor-element elementor-element-35999b1 e-flex e-con-boxed e-con e-child\" data-id=\"35999b1\" data-element_type=\"container\" data-e-type=\"container\">\n\t\t\t\t\t<div class=\"e-con-inner\">\n\t\t<div class=\"elementor-element elementor-element-00564b7 e-con-full e-flex e-con e-child\" data-id=\"00564b7\" data-element_type=\"container\" data-e-type=\"container\">\n\t\t\t\t<div class=\"elementor-element elementor-element-745899c elementor-widget elementor-widget-heading\" data-id=\"745899c\" data-element_type=\"widget\" data-e-type=\"widget\" data-widget_type=\"heading.default\">\n\t\t\t\t<div class=\"elementor-widget-container\">\n\t\t\t\t\t<h1 class=\"elementor-heading-title elementor-size-default\">la conception<\/h1>\t\t\t\t<\/div>\n\t\t\t\t<\/div>\n\t\t\t\t<div class=\"elementor-element elementor-element-3541de8 elementor-widget elementor-widget-text-editor\" data-id=\"3541de8\" data-element_type=\"widget\" data-e-type=\"widget\" data-widget_type=\"text-editor.default\">\n\t\t\t\t<div class=\"elementor-widget-container\">\n\t\t\t\t\t\t\t\t\t<p>Apr\u00e8s des mois d\u2019esquisses, d&rsquo;exp\u00e9rimentations graphiques et de d\u00e9veloppement de concepts, j&rsquo;ai donn\u00e9 vie \u00e0<strong> N<em>\u00e6<\/em>b\u00fcla Shop<\/strong>, une boutique en ligne proposant des v\u00eatements inspir\u00e9s de l&rsquo;esth\u00e9tique spatiale. Chaque pi\u00e8ce de la collection est con\u00e7ue pour \u00e9voquer la beaut\u00e9 de l&rsquo;infini et l\u2019\u00e9l\u00e9gance du cosmos. <strong>N<em>\u00e6<\/em>b\u00fcla <\/strong>s&rsquo;adresse \u00e0 ceux qui r\u00eavent d&rsquo;ailleurs et cherchent \u00e0 porter un morceau du ciel \u00e9toil\u00e9 au quotidien.<\/p><p>Avec une approche \u00e9thique et une production en impression \u00e0 la demande, je m\u2019engage \u00e0 cr\u00e9er des v\u00eatements de qualit\u00e9 tout en limitant l&rsquo;impact environnemental. <strong>N<em>\u00e6<\/em>b\u00fcla<\/strong> continue de grandir, avec pour mission de partager la magie de l&rsquo;espace \u00e0 travers un style unique et des designs captivants.<\/p>\t\t\t\t\t\t\t\t<\/div>\n\t\t\t\t<\/div>\n\t\t\t\t<div class=\"elementor-element elementor-element-fc4e9eb elementor-align-left elementor-widget elementor-widget-button\" data-id=\"fc4e9eb\" data-element_type=\"widget\" data-e-type=\"widget\" data-widget_type=\"button.default\">\n\t\t\t\t<div class=\"elementor-widget-container\">\n\t\t\t\t\t\t\t\t\t<div class=\"elementor-button-wrapper\">\n\t\t\t\t\t<a class=\"elementor-button elementor-button-link elementor-size-sm\" href=\"https:\/\/naebulashop.com\/contact\/\">\n\t\t\t\t\t\t<span class=\"elementor-button-content-wrapper\">\n\t\t\t\t\t\t\t\t\t<span class=\"elementor-button-text\">Nous contacter<\/span>\n\t\t\t\t\t<\/span>\n\t\t\t\t\t<\/a>\n\t\t\t\t<\/div>\n\t\t\t\t\t\t\t\t<\/div>\n\t\t\t\t<\/div>\n\t\t\t\t<\/div>\n\t\t\t\t<div class=\"elementor-element elementor-element-9538348 animated-slow elementor-widget__width-initial elementor-invisible elementor-widget elementor-widget-image\" data-id=\"9538348\" data-element_type=\"widget\" data-e-type=\"widget\" data-settings=\"{&quot;_animation&quot;:&quot;slideInLeft&quot;}\" data-widget_type=\"image.default\">\n\t\t\t\t<div class=\"elementor-widget-container\">\n\t\t\t\t\t\t\t\t\t\t\t\t\t\t\t<img decoding=\"async\" width=\"683\" height=\"1024\" data-src=\"https:\/\/naebulashop.com\/wp-content\/uploads\/2024\/11\/pexels-meruyert-gonullu-8978434-683x1024.jpg\" class=\"attachment-large size-large wp-image-1278 lazyload\" alt=\"\" data-srcset=\"https:\/\/naebulashop.com\/wp-content\/uploads\/2024\/11\/pexels-meruyert-gonullu-8978434-683x1024.jpg 683w, https:\/\/naebulashop.com\/wp-content\/uploads\/2024\/11\/pexels-meruyert-gonullu-8978434-200x300.jpg 200w, https:\/\/naebulashop.com\/wp-content\/uploads\/2024\/11\/pexels-meruyert-gonullu-8978434-768x1152.jpg 768w, https:\/\/naebulashop.com\/wp-content\/uploads\/2024\/11\/pexels-meruyert-gonullu-8978434-1024x1536.jpg 1024w, https:\/\/naebulashop.com\/wp-content\/uploads\/2024\/11\/pexels-meruyert-gonullu-8978434-1365x2048.jpg 1365w, https:\/\/naebulashop.com\/wp-content\/uploads\/2024\/11\/pexels-meruyert-gonullu-8978434-600x900.jpg 600w, https:\/\/naebulashop.com\/wp-content\/uploads\/2024\/11\/pexels-meruyert-gonullu-8978434-scaled.jpg 1707w\" data-sizes=\"(max-width: 683px) 100vw, 683px\" src=\"data:image\/svg+xml;base64,PHN2ZyB3aWR0aD0iMSIgaGVpZ2h0PSIxIiB4bWxucz0iaHR0cDovL3d3dy53My5vcmcvMjAwMC9zdmciPjwvc3ZnPg==\" style=\"--smush-placeholder-width: 683px; --smush-placeholder-aspect-ratio: 683\/1024;\" \/>\t\t\t\t\t\t\t\t\t\t\t\t\t\t\t<\/div>\n\t\t\t\t<\/div>\n\t\t\t\t\t<\/div>\n\t\t\t\t<\/div>\n\t\t\t\t\t<\/div>\n\t\t\t\t<\/div>\n\t\t\t\t<\/div>\n\t\t","protected":false},"excerpt":{"rendered":"<p>N\u00e6b\u00fcla : qu&rsquo;est ce que c&rsquo;est ? N\u00f4tre voyage N\u00e6b\u00fcla est n\u00e9 de ma passion pour l&rsquo;espace et le design graphique. Fascin\u00e9 par l&rsquo;univers et les myst\u00e8res du cosmos, j&rsquo;ai toujours voulu combiner mon amour pour l&rsquo;astronomie avec mon talent en design visuel. C\u2019est en 2021 que l\u2019id\u00e9e du N\u00e6b\u00fcla Shop a commenc\u00e9 \u00e0 prendre [&hellip;]<\/p>\n","protected":false},"author":1,"featured_media":0,"parent":0,"menu_order":0,"comment_status":"closed","ping_status":"closed","template":"","meta":{"footnotes":""},"class_list":["post-160","page","type-page","status-publish","hentry"],"yoast_head":"<!-- This site is optimized with the Yoast SEO plugin v27.4 - https:\/\/yoast.com\/product\/yoast-seo-wordpress\/ -->\n<title>\u00c0 propos - Naebula<\/title>\n<meta name=\"robots\" content=\"index, follow, max-snippet:-1, max-image-preview:large, max-video-preview:-1\" \/>\n<link rel=\"canonical\" href=\"https:\/\/naebulashop.com\/en\/a-propos\/\" \/>\n<meta property=\"og:locale\" content=\"en_US\" \/>\n<meta property=\"og:type\" content=\"article\" \/>\n<meta property=\"og:title\" content=\"\u00c0 propos - Naebula\" \/>\n<meta property=\"og:description\" content=\"N\u00e6b\u00fcla : qu&rsquo;est ce que c&rsquo;est ? N\u00f4tre voyage N\u00e6b\u00fcla est n\u00e9 de ma passion pour l&rsquo;espace et le design graphique. Fascin\u00e9 par l&rsquo;univers et les myst\u00e8res du cosmos, j&rsquo;ai toujours voulu combiner mon amour pour l&rsquo;astronomie avec mon talent en design visuel. C\u2019est en 2021 que l\u2019id\u00e9e du N\u00e6b\u00fcla Shop a commenc\u00e9 \u00e0 prendre [&hellip;]\" \/>\n<meta property=\"og:url\" content=\"https:\/\/naebulashop.com\/en\/a-propos\/\" \/>\n<meta property=\"og:site_name\" content=\"Naebula\" \/>\n<meta property=\"article:modified_time\" content=\"2025-10-21T07:44:05+00:00\" \/>\n<meta property=\"og:image\" content=\"https:\/\/naebulashop.com\/wp-content\/uploads\/2024\/11\/pexels-pixabay-2150.jpg\" \/>\n\t<meta property=\"og:image:width\" content=\"2500\" \/>\n\t<meta property=\"og:image:height\" content=\"1794\" \/>\n\t<meta property=\"og:image:type\" content=\"image\/jpeg\" \/>\n<meta name=\"twitter:card\" content=\"summary_large_image\" \/>\n<meta name=\"twitter:label1\" content=\"Est. reading time\" \/>\n\t<meta name=\"twitter:data1\" content=\"2 minutes\" \/>\n<script type=\"application\/ld+json\" class=\"yoast-schema-graph\">{\"@context\":\"https:\\\/\\\/schema.org\",\"@graph\":[{\"@type\":\"WebPage\",\"@id\":\"https:\\\/\\\/naebulashop.com\\\/a-propos\\\/\",\"url\":\"https:\\\/\\\/naebulashop.com\\\/a-propos\\\/\",\"name\":\"\u00c0 propos - Naebula\",\"isPartOf\":{\"@id\":\"https:\\\/\\\/naebulashop.com\\\/#website\"},\"primaryImageOfPage\":{\"@id\":\"https:\\\/\\\/naebulashop.com\\\/a-propos\\\/#primaryimage\"},\"image\":{\"@id\":\"https:\\\/\\\/naebulashop.com\\\/a-propos\\\/#primaryimage\"},\"thumbnailUrl\":\"https:\\\/\\\/naebulashop.com\\\/wp-content\\\/uploads\\\/2024\\\/11\\\/pexels-pixabay-2150-1024x735.jpg\",\"datePublished\":\"2024-07-17T11:17:44+00:00\",\"dateModified\":\"2025-10-21T07:44:05+00:00\",\"breadcrumb\":{\"@id\":\"https:\\\/\\\/naebulashop.com\\\/a-propos\\\/#breadcrumb\"},\"inLanguage\":\"en-US\",\"potentialAction\":[{\"@type\":\"ReadAction\",\"target\":[\"https:\\\/\\\/naebulashop.com\\\/a-propos\\\/\"]}]},{\"@type\":\"ImageObject\",\"inLanguage\":\"en-US\",\"@id\":\"https:\\\/\\\/naebulashop.com\\\/a-propos\\\/#primaryimage\",\"url\":\"https:\\\/\\\/naebulashop.com\\\/wp-content\\\/uploads\\\/2024\\\/11\\\/pexels-pixabay-2150-1024x735.jpg\",\"contentUrl\":\"https:\\\/\\\/naebulashop.com\\\/wp-content\\\/uploads\\\/2024\\\/11\\\/pexels-pixabay-2150-1024x735.jpg\"},{\"@type\":\"BreadcrumbList\",\"@id\":\"https:\\\/\\\/naebulashop.com\\\/a-propos\\\/#breadcrumb\",\"itemListElement\":[{\"@type\":\"ListItem\",\"position\":1,\"name\":\"Accueil\",\"item\":\"https:\\\/\\\/naebulashop.com\\\/\"},{\"@type\":\"ListItem\",\"position\":2,\"name\":\"\u00c0 propos\"}]},{\"@type\":\"WebSite\",\"@id\":\"https:\\\/\\\/naebulashop.com\\\/#website\",\"url\":\"https:\\\/\\\/naebulashop.com\\\/\",\"name\":\"Naebula\",\"description\":\"\",\"publisher\":{\"@id\":\"https:\\\/\\\/naebulashop.com\\\/#organization\"},\"potentialAction\":[{\"@type\":\"SearchAction\",\"target\":{\"@type\":\"EntryPoint\",\"urlTemplate\":\"https:\\\/\\\/naebulashop.com\\\/?s={search_term_string}\"},\"query-input\":{\"@type\":\"PropertyValueSpecification\",\"valueRequired\":true,\"valueName\":\"search_term_string\"}}],\"inLanguage\":\"en-US\"},{\"@type\":\"Organization\",\"@id\":\"https:\\\/\\\/naebulashop.com\\\/#organization\",\"name\":\"Naebula\",\"url\":\"https:\\\/\\\/naebulashop.com\\\/\",\"logo\":{\"@type\":\"ImageObject\",\"inLanguage\":\"en-US\",\"@id\":\"https:\\\/\\\/naebulashop.com\\\/#\\\/schema\\\/logo\\\/image\\\/\",\"url\":\"https:\\\/\\\/naebulashop.com\\\/wp-content\\\/uploads\\\/2024\\\/07\\\/naebula-1.png\",\"contentUrl\":\"https:\\\/\\\/naebulashop.com\\\/wp-content\\\/uploads\\\/2024\\\/07\\\/naebula-1.png\",\"width\":1121,\"height\":379,\"caption\":\"Naebula\"},\"image\":{\"@id\":\"https:\\\/\\\/naebulashop.com\\\/#\\\/schema\\\/logo\\\/image\\\/\"},\"sameAs\":[\"https:\\\/\\\/www.instagram.com\\\/naebulaclothing\\\/\"]}]}<\/script>\n<!-- \/ Yoast SEO plugin. -->","yoast_head_json":{"title":"\u00c0 propos - Naebula","robots":{"index":"index","follow":"follow","max-snippet":"max-snippet:-1","max-image-preview":"max-image-preview:large","max-video-preview":"max-video-preview:-1"},"canonical":"https:\/\/naebulashop.com\/en\/a-propos\/","og_locale":"en_US","og_type":"article","og_title":"\u00c0 propos - Naebula","og_description":"N\u00e6b\u00fcla : qu&rsquo;est ce que c&rsquo;est ? N\u00f4tre voyage N\u00e6b\u00fcla est n\u00e9 de ma passion pour l&rsquo;espace et le design graphique. Fascin\u00e9 par l&rsquo;univers et les myst\u00e8res du cosmos, j&rsquo;ai toujours voulu combiner mon amour pour l&rsquo;astronomie avec mon talent en design visuel. C\u2019est en 2021 que l\u2019id\u00e9e du N\u00e6b\u00fcla Shop a commenc\u00e9 \u00e0 prendre [&hellip;]","og_url":"https:\/\/naebulashop.com\/en\/a-propos\/","og_site_name":"Naebula","article_modified_time":"2025-10-21T07:44:05+00:00","og_image":[{"width":2500,"height":1794,"url":"https:\/\/naebulashop.com\/wp-content\/uploads\/2024\/11\/pexels-pixabay-2150.jpg","type":"image\/jpeg"}],"twitter_card":"summary_large_image","twitter_misc":{"Est. reading time":"2 minutes"},"schema":{"@context":"https:\/\/schema.org","@graph":[{"@type":"WebPage","@id":"https:\/\/naebulashop.com\/a-propos\/","url":"https:\/\/naebulashop.com\/a-propos\/","name":"\u00c0 propos - Naebula","isPartOf":{"@id":"https:\/\/naebulashop.com\/#website"},"primaryImageOfPage":{"@id":"https:\/\/naebulashop.com\/a-propos\/#primaryimage"},"image":{"@id":"https:\/\/naebulashop.com\/a-propos\/#primaryimage"},"thumbnailUrl":"https:\/\/naebulashop.com\/wp-content\/uploads\/2024\/11\/pexels-pixabay-2150-1024x735.jpg","datePublished":"2024-07-17T11:17:44+00:00","dateModified":"2025-10-21T07:44:05+00:00","breadcrumb":{"@id":"https:\/\/naebulashop.com\/a-propos\/#breadcrumb"},"inLanguage":"en-US","potentialAction":[{"@type":"ReadAction","target":["https:\/\/naebulashop.com\/a-propos\/"]}]},{"@type":"ImageObject","inLanguage":"en-US","@id":"https:\/\/naebulashop.com\/a-propos\/#primaryimage","url":"https:\/\/naebulashop.com\/wp-content\/uploads\/2024\/11\/pexels-pixabay-2150-1024x735.jpg","contentUrl":"https:\/\/naebulashop.com\/wp-content\/uploads\/2024\/11\/pexels-pixabay-2150-1024x735.jpg"},{"@type":"BreadcrumbList","@id":"https:\/\/naebulashop.com\/a-propos\/#breadcrumb","itemListElement":[{"@type":"ListItem","position":1,"name":"Accueil","item":"https:\/\/naebulashop.com\/"},{"@type":"ListItem","position":2,"name":"\u00c0 propos"}]},{"@type":"WebSite","@id":"https:\/\/naebulashop.com\/#website","url":"https:\/\/naebulashop.com\/","name":"Naebula","description":"","publisher":{"@id":"https:\/\/naebulashop.com\/#organization"},"potentialAction":[{"@type":"SearchAction","target":{"@type":"EntryPoint","urlTemplate":"https:\/\/naebulashop.com\/?s={search_term_string}"},"query-input":{"@type":"PropertyValueSpecification","valueRequired":true,"valueName":"search_term_string"}}],"inLanguage":"en-US"},{"@type":"Organization","@id":"https:\/\/naebulashop.com\/#organization","name":"Naebula","url":"https:\/\/naebulashop.com\/","logo":{"@type":"ImageObject","inLanguage":"en-US","@id":"https:\/\/naebulashop.com\/#\/schema\/logo\/image\/","url":"https:\/\/naebulashop.com\/wp-content\/uploads\/2024\/07\/naebula-1.png","contentUrl":"https:\/\/naebulashop.com\/wp-content\/uploads\/2024\/07\/naebula-1.png","width":1121,"height":379,"caption":"Naebula"},"image":{"@id":"https:\/\/naebulashop.com\/#\/schema\/logo\/image\/"},"sameAs":["https:\/\/www.instagram.com\/naebulaclothing\/"]}]}},"_links":{"self":[{"href":"https:\/\/naebulashop.com\/en\/wp-json\/wp\/v2\/pages\/160","targetHints":{"allow":["GET"]}}],"collection":[{"href":"https:\/\/naebulashop.com\/en\/wp-json\/wp\/v2\/pages"}],"about":[{"href":"https:\/\/naebulashop.com\/en\/wp-json\/wp\/v2\/types\/page"}],"author":[{"embeddable":true,"href":"https:\/\/naebulashop.com\/en\/wp-json\/wp\/v2\/users\/1"}],"replies":[{"embeddable":true,"href":"https:\/\/naebulashop.com\/en\/wp-json\/wp\/v2\/comments?post=160"}],"version-history":[{"count":38,"href":"https:\/\/naebulashop.com\/en\/wp-json\/wp\/v2\/pages\/160\/revisions"}],"predecessor-version":[{"id":1935,"href":"https:\/\/naebulashop.com\/en\/wp-json\/wp\/v2\/pages\/160\/revisions\/1935"}],"wp:attachment":[{"href":"https:\/\/naebulashop.com\/en\/wp-json\/wp\/v2\/media?parent=160"}],"curies":[{"name":"wp","href":"https:\/\/api.w.org\/{rel}","templated":true}]}}