{"id":8,"date":"2024-09-30T13:31:32","date_gmt":"2024-09-30T11:31:32","guid":{"rendered":"https:\/\/naebulashop.com\/?page_id=8"},"modified":"2024-11-19T10:06:04","modified_gmt":"2024-11-19T09:06:04","slug":"legal","status":"publish","type":"page","link":"https:\/\/naebulashop.com\/en\/legal\/","title":{"rendered":"Mentions L\u00e9gales"},"content":{"rendered":"<div data-elementor-type=\"wp-page\" data-elementor-id=\"8\" class=\"elementor elementor-8\" data-elementor-post-type=\"page\">\n\t\t\t\t<div class=\"elementor-element elementor-element-8d3a327 e-con-full e-flex e-con e-child\" data-id=\"8d3a327\" data-element_type=\"container\" data-e-type=\"container\" data-settings=\"{&quot;background_background&quot;:&quot;classic&quot;}\">\n\t\t<div class=\"elementor-element elementor-element-8190110 e-flex e-con-boxed e-con e-child\" data-id=\"8190110\" data-element_type=\"container\" data-e-type=\"container\">\n\t\t\t\t\t<div class=\"e-con-inner\">\n\t\t\t\t<div class=\"elementor-element elementor-element-be0747a animated-slow elementor-invisible elementor-widget elementor-widget-heading\" data-id=\"be0747a\" data-element_type=\"widget\" data-e-type=\"widget\" data-settings=\"{&quot;_animation&quot;:&quot;slideInUp&quot;}\" data-widget_type=\"heading.default\">\n\t\t\t\t<div class=\"elementor-widget-container\">\n\t\t\t\t\t<h2 class=\"elementor-heading-title elementor-size-default\">Legal notices<\/h2>\t\t\t\t<\/div>\n\t\t\t\t<\/div>\n\t\t\t\t<div class=\"elementor-element elementor-element-ba53516 animated-slow elementor-invisible elementor-widget elementor-widget-text-editor\" data-id=\"ba53516\" data-element_type=\"widget\" data-e-type=\"widget\" data-settings=\"{&quot;_animation&quot;:&quot;slideInUp&quot;}\" data-widget_type=\"text-editor.default\">\n\t\t\t\t<div class=\"elementor-widget-container\">\n\t\t\t\t\t\t\t\t\t<h4><strong>Site editor:<\/strong><\/h4><p>Name : <strong>Lilian Garcia<\/strong><br \/>Status: Self-employed<br \/>Address : <strong>Avenue Maurice Planes, Montpellier, France<\/strong><br \/>SIRET: <strong>88082901500010<\/strong><br \/>Email: <strong>contact@naebulashop.com<\/strong><br \/>Responsible for publication: <strong>Lilian Garcia<\/strong><\/p><p>\u00a0<\/p><h4><strong>Site host:<\/strong><\/h4><p><strong>Host Name<\/strong> : IONOS<\/p><p><strong>Host address<\/strong> : 7, Place de la Gare, BP 70109, 57200 Sarreguemines Cedex France<\/p><p><strong>Phone number and\/or contact of the host<\/strong> : 0970 808 911<\/p><p>\u00a0<\/p><h4><strong>Intellectual property:<\/strong><\/h4><p>All elements of the site <strong>N<em>ae<\/em>b\u00fcla Shop<\/strong>, whether visual or audio, including the underlying technology, are protected by copyright, trademark law or patents. They are the exclusive property of the publisher.<\/p><p>Any reproduction, representation, modification, publication, adaptation of all or part of the elements of the site, whatever the means or process used, is prohibited without the prior written authorization of the publisher.<\/p><p>\u00a0<\/p><h4><strong>Personal data:<\/strong><\/h4><p>Information collected via the forms on the site\u00a0<strong>N<em>ae<\/em>b\u00fcla Shop<\/strong> are intended for the exclusive use of the publisher in the context of processing orders, sending newsletters or other communications. They are stored in secure conditions and will never be shared with third parties without your consent.<\/p><p>In accordance with the French Data Protection Act, you have the right to access, rectify and delete data concerning you. To exercise this right, please contact us at: <strong>contact@naebulashop.com<\/strong><\/p><p>\u00a0<\/p><h4><strong>Cookies:<\/strong><\/h4><p>The site\u00a0<strong>N<em>ae<\/em>b\u00fcla Shop<\/strong> uses cookies to improve user experience and analyze traffic. You can set your browser to block cookies or be notified when they are installed, but some features of the site may not function properly.<\/p><p>\u00a0<\/p><h4><strong>Responsibility :<\/strong><\/h4><p>Lilian Garcia strives to provide on the site\u00a0<strong>N<em>ae<\/em>b\u00fcla Shop<\/strong> information as accurate as possible. However, it cannot be held responsible for omissions, inaccuracies and deficiencies in the update, whether due to its own actions or those of third-party partners who provide it with this information.<\/p><p>The site may contain links to other websites. Lilian Garcia cannot be held responsible for the content of these third-party sites.<\/p><p>\u00a0<\/p><h4><strong>Disputes:<\/strong><\/h4><p>In the event of a dispute, the applicable law will be French law, and the competent courts will be those within the jurisdiction of the publisher&#039;s head office.<\/p>\t\t\t\t\t\t\t\t<\/div>\n\t\t\t\t<\/div>\n\t\t\t\t\t<\/div>\n\t\t\t\t<\/div>\n\t\t\t\t<\/div>\n\t\t\t\t<\/div>","protected":false},"excerpt":{"rendered":"<p>Mentions l\u00e9gales \u00c9diteur du site : Nom : Lilian GarciaStatut : Auto-entrepreneurAdresse : Avenue Maurice Planes, Montpellier, FranceSIRET : 88082901500010Email : contact@naebulashop.comResponsable de la publication : Lilian Garcia \u00a0 H\u00e9bergeur du site : Nom de l&rsquo;h\u00e9bergeur : IONOS Adresse de l&rsquo;h\u00e9bergeur : 7, place de la Gare , BP 70109, 57200 Sarreguemines Cedex France Num\u00e9ro [&hellip;]<\/p>\n","protected":false},"author":1,"featured_media":0,"parent":0,"menu_order":0,"comment_status":"closed","ping_status":"closed","template":"","meta":{"footnotes":""},"class_list":["post-8","page","type-page","status-publish","hentry"],"yoast_head":"<!-- This site is optimized with the Yoast SEO plugin v27.4 - https:\/\/yoast.com\/product\/yoast-seo-wordpress\/ -->\n<title>Mentions L\u00e9gales - Naebula<\/title>\n<meta name=\"robots\" content=\"index, follow, max-snippet:-1, max-image-preview:large, max-video-preview:-1\" \/>\n<link rel=\"canonical\" href=\"https:\/\/naebulashop.com\/en\/legal\/\" \/>\n<meta property=\"og:locale\" content=\"en_US\" \/>\n<meta property=\"og:type\" content=\"article\" \/>\n<meta property=\"og:title\" content=\"Mentions L\u00e9gales - Naebula\" \/>\n<meta property=\"og:description\" content=\"Mentions l\u00e9gales \u00c9diteur du site : Nom : Lilian GarciaStatut : Auto-entrepreneurAdresse : Avenue Maurice Planes, Montpellier, FranceSIRET : 88082901500010Email : contact@naebulashop.comResponsable de la publication : Lilian Garcia \u00a0 H\u00e9bergeur du site : Nom de l&rsquo;h\u00e9bergeur : IONOS Adresse de l&rsquo;h\u00e9bergeur : 7, place de la Gare , BP 70109, 57200 Sarreguemines Cedex France Num\u00e9ro [&hellip;]\" \/>\n<meta property=\"og:url\" content=\"https:\/\/naebulashop.com\/en\/legal\/\" \/>\n<meta property=\"og:site_name\" content=\"Naebula\" \/>\n<meta property=\"article:modified_time\" content=\"2024-11-19T09:06:04+00:00\" \/>\n<meta name=\"twitter:card\" content=\"summary_large_image\" \/>\n<meta name=\"twitter:label1\" content=\"Est. reading time\" \/>\n\t<meta name=\"twitter:data1\" content=\"2 minutes\" \/>\n<script type=\"application\/ld+json\" class=\"yoast-schema-graph\">{\"@context\":\"https:\\\/\\\/schema.org\",\"@graph\":[{\"@type\":\"WebPage\",\"@id\":\"https:\\\/\\\/naebulashop.com\\\/legal\\\/\",\"url\":\"https:\\\/\\\/naebulashop.com\\\/legal\\\/\",\"name\":\"Mentions L\u00e9gales - Naebula\",\"isPartOf\":{\"@id\":\"https:\\\/\\\/naebulashop.com\\\/#website\"},\"datePublished\":\"2024-09-30T11:31:32+00:00\",\"dateModified\":\"2024-11-19T09:06:04+00:00\",\"breadcrumb\":{\"@id\":\"https:\\\/\\\/naebulashop.com\\\/legal\\\/#breadcrumb\"},\"inLanguage\":\"en-US\",\"potentialAction\":[{\"@type\":\"ReadAction\",\"target\":[\"https:\\\/\\\/naebulashop.com\\\/legal\\\/\"]}]},{\"@type\":\"BreadcrumbList\",\"@id\":\"https:\\\/\\\/naebulashop.com\\\/legal\\\/#breadcrumb\",\"itemListElement\":[{\"@type\":\"ListItem\",\"position\":1,\"name\":\"Accueil\",\"item\":\"https:\\\/\\\/naebulashop.com\\\/\"},{\"@type\":\"ListItem\",\"position\":2,\"name\":\"Mentions L\u00e9gales\"}]},{\"@type\":\"WebSite\",\"@id\":\"https:\\\/\\\/naebulashop.com\\\/#website\",\"url\":\"https:\\\/\\\/naebulashop.com\\\/\",\"name\":\"Naebula\",\"description\":\"\",\"publisher\":{\"@id\":\"https:\\\/\\\/naebulashop.com\\\/#organization\"},\"potentialAction\":[{\"@type\":\"SearchAction\",\"target\":{\"@type\":\"EntryPoint\",\"urlTemplate\":\"https:\\\/\\\/naebulashop.com\\\/?s={search_term_string}\"},\"query-input\":{\"@type\":\"PropertyValueSpecification\",\"valueRequired\":true,\"valueName\":\"search_term_string\"}}],\"inLanguage\":\"en-US\"},{\"@type\":\"Organization\",\"@id\":\"https:\\\/\\\/naebulashop.com\\\/#organization\",\"name\":\"Naebula\",\"url\":\"https:\\\/\\\/naebulashop.com\\\/\",\"logo\":{\"@type\":\"ImageObject\",\"inLanguage\":\"en-US\",\"@id\":\"https:\\\/\\\/naebulashop.com\\\/#\\\/schema\\\/logo\\\/image\\\/\",\"url\":\"https:\\\/\\\/naebulashop.com\\\/wp-content\\\/uploads\\\/2024\\\/07\\\/naebula-1.png\",\"contentUrl\":\"https:\\\/\\\/naebulashop.com\\\/wp-content\\\/uploads\\\/2024\\\/07\\\/naebula-1.png\",\"width\":1121,\"height\":379,\"caption\":\"Naebula\"},\"image\":{\"@id\":\"https:\\\/\\\/naebulashop.com\\\/#\\\/schema\\\/logo\\\/image\\\/\"},\"sameAs\":[\"https:\\\/\\\/www.instagram.com\\\/naebulaclothing\\\/\"]}]}<\/script>\n<!-- \/ Yoast SEO plugin. -->","yoast_head_json":{"title":"Mentions L\u00e9gales - Naebula","robots":{"index":"index","follow":"follow","max-snippet":"max-snippet:-1","max-image-preview":"max-image-preview:large","max-video-preview":"max-video-preview:-1"},"canonical":"https:\/\/naebulashop.com\/en\/legal\/","og_locale":"en_US","og_type":"article","og_title":"Mentions L\u00e9gales - Naebula","og_description":"Mentions l\u00e9gales \u00c9diteur du site : Nom : Lilian GarciaStatut : Auto-entrepreneurAdresse : Avenue Maurice Planes, Montpellier, FranceSIRET : 88082901500010Email : contact@naebulashop.comResponsable de la publication : Lilian Garcia \u00a0 H\u00e9bergeur du site : Nom de l&rsquo;h\u00e9bergeur : IONOS Adresse de l&rsquo;h\u00e9bergeur : 7, place de la Gare , BP 70109, 57200 Sarreguemines Cedex France Num\u00e9ro [&hellip;]","og_url":"https:\/\/naebulashop.com\/en\/legal\/","og_site_name":"Naebula","article_modified_time":"2024-11-19T09:06:04+00:00","twitter_card":"summary_large_image","twitter_misc":{"Est. reading time":"2 minutes"},"schema":{"@context":"https:\/\/schema.org","@graph":[{"@type":"WebPage","@id":"https:\/\/naebulashop.com\/legal\/","url":"https:\/\/naebulashop.com\/legal\/","name":"Mentions L\u00e9gales - Naebula","isPartOf":{"@id":"https:\/\/naebulashop.com\/#website"},"datePublished":"2024-09-30T11:31:32+00:00","dateModified":"2024-11-19T09:06:04+00:00","breadcrumb":{"@id":"https:\/\/naebulashop.com\/legal\/#breadcrumb"},"inLanguage":"en-US","potentialAction":[{"@type":"ReadAction","target":["https:\/\/naebulashop.com\/legal\/"]}]},{"@type":"BreadcrumbList","@id":"https:\/\/naebulashop.com\/legal\/#breadcrumb","itemListElement":[{"@type":"ListItem","position":1,"name":"Accueil","item":"https:\/\/naebulashop.com\/"},{"@type":"ListItem","position":2,"name":"Mentions L\u00e9gales"}]},{"@type":"WebSite","@id":"https:\/\/naebulashop.com\/#website","url":"https:\/\/naebulashop.com\/","name":"Naebula","description":"","publisher":{"@id":"https:\/\/naebulashop.com\/#organization"},"potentialAction":[{"@type":"SearchAction","target":{"@type":"EntryPoint","urlTemplate":"https:\/\/naebulashop.com\/?s={search_term_string}"},"query-input":{"@type":"PropertyValueSpecification","valueRequired":true,"valueName":"search_term_string"}}],"inLanguage":"en-US"},{"@type":"Organization","@id":"https:\/\/naebulashop.com\/#organization","name":"Naebula","url":"https:\/\/naebulashop.com\/","logo":{"@type":"ImageObject","inLanguage":"en-US","@id":"https:\/\/naebulashop.com\/#\/schema\/logo\/image\/","url":"https:\/\/naebulashop.com\/wp-content\/uploads\/2024\/07\/naebula-1.png","contentUrl":"https:\/\/naebulashop.com\/wp-content\/uploads\/2024\/07\/naebula-1.png","width":1121,"height":379,"caption":"Naebula"},"image":{"@id":"https:\/\/naebulashop.com\/#\/schema\/logo\/image\/"},"sameAs":["https:\/\/www.instagram.com\/naebulaclothing\/"]}]}},"_links":{"self":[{"href":"https:\/\/naebulashop.com\/en\/wp-json\/wp\/v2\/pages\/8","targetHints":{"allow":["GET"]}}],"collection":[{"href":"https:\/\/naebulashop.com\/en\/wp-json\/wp\/v2\/pages"}],"about":[{"href":"https:\/\/naebulashop.com\/en\/wp-json\/wp\/v2\/types\/page"}],"author":[{"embeddable":true,"href":"https:\/\/naebulashop.com\/en\/wp-json\/wp\/v2\/users\/1"}],"replies":[{"embeddable":true,"href":"https:\/\/naebulashop.com\/en\/wp-json\/wp\/v2\/comments?post=8"}],"version-history":[{"count":14,"href":"https:\/\/naebulashop.com\/en\/wp-json\/wp\/v2\/pages\/8\/revisions"}],"predecessor-version":[{"id":1150,"href":"https:\/\/naebulashop.com\/en\/wp-json\/wp\/v2\/pages\/8\/revisions\/1150"}],"wp:attachment":[{"href":"https:\/\/naebulashop.com\/en\/wp-json\/wp\/v2\/media?parent=8"}],"curies":[{"name":"wp","href":"https:\/\/api.w.org\/{rel}","templated":true}]}}