{"id":1218,"date":"2024-11-22T11:23:40","date_gmt":"2024-11-22T10:23:40","guid":{"rendered":"https:\/\/naebulashop.com\/produit\/hoodie-terre-white\/"},"modified":"2025-09-02T11:32:33","modified_gmt":"2025-09-02T09:32:33","slug":"hoodie-terre-white","status":"publish","type":"product","link":"https:\/\/naebulashop.com\/en\/product\/hoodie-terre-white\/","title":{"rendered":"Hoodie \u201cTerre\u201d &#8211; White"},"content":{"rendered":"<p>Show your passion for the blue planet with the \u201cEarth\u201d Hoodie \u2013 White, a key piece from the Solar System collection. Inspired by the beauty of our solar system, this tee celebrates Earth with a sleek, minimalist design.<\/p>\n<p>\u2022 50 % preshrunk cotton and 50 % polyester<br \/>\n\u2022 Fabric weight: 271.25 g\/m\u00b2<br \/>\n\u2022 Air-jet spun yarn with soft feel and reduced pilling<br \/>\n\u2022 Double-lined hood with matching drawstring<br \/>\n\u2022 Body turned a quarter turn to avoid central crease<br \/>\n\u2022 Athletic ribbed knit cuffs and waistband with spandex<br \/>\n\u2022 Front pocket<br \/>\n\u2022 Double needle stitching of collar, shoulders, armholes, cuffs and hem<br \/>\n\u2022 Virgin product from Bangladesh, Nicaragua, Honduras or El Salvador<\/p>","protected":false},"excerpt":{"rendered":"<p>Affichez votre passion pour la plan\u00e8te bleue avec le Hoodie \u00ab\u00a0Terre\u00a0\u00bb \u2013 White, une pi\u00e8ce ma\u00eetresse de la collection Solar System. Inspir\u00e9 par la beaut\u00e9 de notre syst\u00e8me solaire, ce t-shirt c\u00e9l\u00e8bre la Terre avec un design \u00e9l\u00e9gant et minimaliste. \u2022 50\u00a0% coton pr\u00e9r\u00e9tr\u00e9ci et 50\u00a0% polyester \u2022 Grammage du tissu\u00a0: 271,25 g\/m\u00b2 \u2022 Fil [&hellip;]<\/p>\n","protected":false},"featured_media":1226,"comment_status":"open","ping_status":"closed","template":"","meta":[],"product_brand":[],"product_cat":[47,51],"product_tag":[],"class_list":{"0":"post-1218","1":"product","2":"type-product","3":"status-publish","4":"has-post-thumbnail","6":"product_cat-hoodies","7":"product_cat-solarsystem","9":"first","10":"instock","11":"taxable","12":"shipping-taxable","13":"purchasable","14":"product-type-variable"},"yoast_head":"<!-- This site is optimized with the Yoast SEO plugin v27.4 - https:\/\/yoast.com\/product\/yoast-seo-wordpress\/ -->\n<title>Hoodie \u201cTerre\u201d - White - Naebula<\/title>\n<meta name=\"robots\" content=\"index, follow, max-snippet:-1, max-image-preview:large, max-video-preview:-1\" \/>\n<link rel=\"canonical\" href=\"https:\/\/naebulashop.com\/en\/product\/hoodie-terre-white\/\" \/>\n<meta property=\"og:locale\" content=\"en_US\" \/>\n<meta property=\"og:type\" content=\"article\" \/>\n<meta property=\"og:title\" content=\"Hoodie \u201cTerre\u201d - White - Naebula\" \/>\n<meta property=\"og:description\" content=\"Affichez votre passion pour la plan\u00e8te bleue avec le Hoodie \u00ab\u00a0Terre\u00a0\u00bb \u2013 White, une pi\u00e8ce ma\u00eetresse de la collection Solar System. Inspir\u00e9 par la beaut\u00e9 de notre syst\u00e8me solaire, ce t-shirt c\u00e9l\u00e8bre la Terre avec un design \u00e9l\u00e9gant et minimaliste. \u2022 50\u00a0% coton pr\u00e9r\u00e9tr\u00e9ci et 50\u00a0% polyester \u2022 Grammage du tissu\u00a0: 271,25 g\/m\u00b2 \u2022 Fil [&hellip;]\" \/>\n<meta property=\"og:url\" content=\"https:\/\/naebulashop.com\/en\/product\/hoodie-terre-white\/\" \/>\n<meta property=\"og:site_name\" content=\"Naebula\" \/>\n<meta property=\"article:modified_time\" content=\"2025-09-02T09:32:33+00:00\" \/>\n<meta property=\"og:image\" content=\"https:\/\/naebulashop.com\/wp-content\/uploads\/2024\/11\/unisex-heavy-blend-hoodie-white-front-67405b9dc54b9.jpg\" \/>\n\t<meta property=\"og:image:width\" content=\"2000\" \/>\n\t<meta property=\"og:image:height\" content=\"2000\" \/>\n\t<meta property=\"og:image:type\" content=\"image\/jpeg\" \/>\n<meta name=\"twitter:card\" content=\"summary_large_image\" \/>\n<meta name=\"twitter:label1\" content=\"Est. reading time\" \/>\n\t<meta name=\"twitter:data1\" content=\"1 minute\" \/>\n<script type=\"application\/ld+json\" class=\"yoast-schema-graph\">{\"@context\":\"https:\\\/\\\/schema.org\",\"@graph\":[{\"@type\":\"WebPage\",\"@id\":\"https:\\\/\\\/naebulashop.com\\\/produit\\\/hoodie-terre-white\\\/\",\"url\":\"https:\\\/\\\/naebulashop.com\\\/produit\\\/hoodie-terre-white\\\/\",\"name\":\"Hoodie \u201cTerre\u201d - White - Naebula\",\"isPartOf\":{\"@id\":\"https:\\\/\\\/naebulashop.com\\\/#website\"},\"primaryImageOfPage\":{\"@id\":\"https:\\\/\\\/naebulashop.com\\\/produit\\\/hoodie-terre-white\\\/#primaryimage\"},\"image\":{\"@id\":\"https:\\\/\\\/naebulashop.com\\\/produit\\\/hoodie-terre-white\\\/#primaryimage\"},\"thumbnailUrl\":\"https:\\\/\\\/naebulashop.com\\\/wp-content\\\/uploads\\\/2024\\\/11\\\/unisex-heavy-blend-hoodie-white-front-67405b9dc54b9.jpg\",\"datePublished\":\"2024-11-22T10:23:40+00:00\",\"dateModified\":\"2025-09-02T09:32:33+00:00\",\"breadcrumb\":{\"@id\":\"https:\\\/\\\/naebulashop.com\\\/produit\\\/hoodie-terre-white\\\/#breadcrumb\"},\"inLanguage\":\"en-US\",\"potentialAction\":[{\"@type\":\"ReadAction\",\"target\":[\"https:\\\/\\\/naebulashop.com\\\/produit\\\/hoodie-terre-white\\\/\"]}]},{\"@type\":\"ImageObject\",\"inLanguage\":\"en-US\",\"@id\":\"https:\\\/\\\/naebulashop.com\\\/produit\\\/hoodie-terre-white\\\/#primaryimage\",\"url\":\"https:\\\/\\\/naebulashop.com\\\/wp-content\\\/uploads\\\/2024\\\/11\\\/unisex-heavy-blend-hoodie-white-front-67405b9dc54b9.jpg\",\"contentUrl\":\"https:\\\/\\\/naebulashop.com\\\/wp-content\\\/uploads\\\/2024\\\/11\\\/unisex-heavy-blend-hoodie-white-front-67405b9dc54b9.jpg\",\"width\":2000,\"height\":2000},{\"@type\":\"BreadcrumbList\",\"@id\":\"https:\\\/\\\/naebulashop.com\\\/produit\\\/hoodie-terre-white\\\/#breadcrumb\",\"itemListElement\":[{\"@type\":\"ListItem\",\"position\":1,\"name\":\"Accueil\",\"item\":\"https:\\\/\\\/naebulashop.com\\\/\"},{\"@type\":\"ListItem\",\"position\":2,\"name\":\"Boutique\",\"item\":\"https:\\\/\\\/naebulashop.com\\\/boutique\\\/\"},{\"@type\":\"ListItem\",\"position\":3,\"name\":\"Hoodie \u201cTerre\u201d &#8211; White\"}]},{\"@type\":\"WebSite\",\"@id\":\"https:\\\/\\\/naebulashop.com\\\/#website\",\"url\":\"https:\\\/\\\/naebulashop.com\\\/\",\"name\":\"Naebula\",\"description\":\"\",\"publisher\":{\"@id\":\"https:\\\/\\\/naebulashop.com\\\/#organization\"},\"potentialAction\":[{\"@type\":\"SearchAction\",\"target\":{\"@type\":\"EntryPoint\",\"urlTemplate\":\"https:\\\/\\\/naebulashop.com\\\/?s={search_term_string}\"},\"query-input\":{\"@type\":\"PropertyValueSpecification\",\"valueRequired\":true,\"valueName\":\"search_term_string\"}}],\"inLanguage\":\"en-US\"},{\"@type\":\"Organization\",\"@id\":\"https:\\\/\\\/naebulashop.com\\\/#organization\",\"name\":\"Naebula\",\"url\":\"https:\\\/\\\/naebulashop.com\\\/\",\"logo\":{\"@type\":\"ImageObject\",\"inLanguage\":\"en-US\",\"@id\":\"https:\\\/\\\/naebulashop.com\\\/#\\\/schema\\\/logo\\\/image\\\/\",\"url\":\"https:\\\/\\\/naebulashop.com\\\/wp-content\\\/uploads\\\/2024\\\/07\\\/naebula-1.png\",\"contentUrl\":\"https:\\\/\\\/naebulashop.com\\\/wp-content\\\/uploads\\\/2024\\\/07\\\/naebula-1.png\",\"width\":1121,\"height\":379,\"caption\":\"Naebula\"},\"image\":{\"@id\":\"https:\\\/\\\/naebulashop.com\\\/#\\\/schema\\\/logo\\\/image\\\/\"},\"sameAs\":[\"https:\\\/\\\/www.instagram.com\\\/naebulaclothing\\\/\"]}]}<\/script>\n<!-- \/ Yoast SEO plugin. -->","yoast_head_json":{"title":"Hoodie \u201cTerre\u201d - White - Naebula","robots":{"index":"index","follow":"follow","max-snippet":"max-snippet:-1","max-image-preview":"max-image-preview:large","max-video-preview":"max-video-preview:-1"},"canonical":"https:\/\/naebulashop.com\/en\/product\/hoodie-terre-white\/","og_locale":"en_US","og_type":"article","og_title":"Hoodie \u201cTerre\u201d - White - Naebula","og_description":"Affichez votre passion pour la plan\u00e8te bleue avec le Hoodie \u00ab\u00a0Terre\u00a0\u00bb \u2013 White, une pi\u00e8ce ma\u00eetresse de la collection Solar System. Inspir\u00e9 par la beaut\u00e9 de notre syst\u00e8me solaire, ce t-shirt c\u00e9l\u00e8bre la Terre avec un design \u00e9l\u00e9gant et minimaliste. \u2022 50\u00a0% coton pr\u00e9r\u00e9tr\u00e9ci et 50\u00a0% polyester \u2022 Grammage du tissu\u00a0: 271,25 g\/m\u00b2 \u2022 Fil [&hellip;]","og_url":"https:\/\/naebulashop.com\/en\/product\/hoodie-terre-white\/","og_site_name":"Naebula","article_modified_time":"2025-09-02T09:32:33+00:00","og_image":[{"width":2000,"height":2000,"url":"https:\/\/naebulashop.com\/wp-content\/uploads\/2024\/11\/unisex-heavy-blend-hoodie-white-front-67405b9dc54b9.jpg","type":"image\/jpeg"}],"twitter_card":"summary_large_image","twitter_misc":{"Est. reading time":"1 minute"},"schema":{"@context":"https:\/\/schema.org","@graph":[{"@type":"WebPage","@id":"https:\/\/naebulashop.com\/produit\/hoodie-terre-white\/","url":"https:\/\/naebulashop.com\/produit\/hoodie-terre-white\/","name":"Hoodie \u201cTerre\u201d - White - Naebula","isPartOf":{"@id":"https:\/\/naebulashop.com\/#website"},"primaryImageOfPage":{"@id":"https:\/\/naebulashop.com\/produit\/hoodie-terre-white\/#primaryimage"},"image":{"@id":"https:\/\/naebulashop.com\/produit\/hoodie-terre-white\/#primaryimage"},"thumbnailUrl":"https:\/\/naebulashop.com\/wp-content\/uploads\/2024\/11\/unisex-heavy-blend-hoodie-white-front-67405b9dc54b9.jpg","datePublished":"2024-11-22T10:23:40+00:00","dateModified":"2025-09-02T09:32:33+00:00","breadcrumb":{"@id":"https:\/\/naebulashop.com\/produit\/hoodie-terre-white\/#breadcrumb"},"inLanguage":"en-US","potentialAction":[{"@type":"ReadAction","target":["https:\/\/naebulashop.com\/produit\/hoodie-terre-white\/"]}]},{"@type":"ImageObject","inLanguage":"en-US","@id":"https:\/\/naebulashop.com\/produit\/hoodie-terre-white\/#primaryimage","url":"https:\/\/naebulashop.com\/wp-content\/uploads\/2024\/11\/unisex-heavy-blend-hoodie-white-front-67405b9dc54b9.jpg","contentUrl":"https:\/\/naebulashop.com\/wp-content\/uploads\/2024\/11\/unisex-heavy-blend-hoodie-white-front-67405b9dc54b9.jpg","width":2000,"height":2000},{"@type":"BreadcrumbList","@id":"https:\/\/naebulashop.com\/produit\/hoodie-terre-white\/#breadcrumb","itemListElement":[{"@type":"ListItem","position":1,"name":"Accueil","item":"https:\/\/naebulashop.com\/"},{"@type":"ListItem","position":2,"name":"Boutique","item":"https:\/\/naebulashop.com\/boutique\/"},{"@type":"ListItem","position":3,"name":"Hoodie \u201cTerre\u201d &#8211; White"}]},{"@type":"WebSite","@id":"https:\/\/naebulashop.com\/#website","url":"https:\/\/naebulashop.com\/","name":"Naebula","description":"","publisher":{"@id":"https:\/\/naebulashop.com\/#organization"},"potentialAction":[{"@type":"SearchAction","target":{"@type":"EntryPoint","urlTemplate":"https:\/\/naebulashop.com\/?s={search_term_string}"},"query-input":{"@type":"PropertyValueSpecification","valueRequired":true,"valueName":"search_term_string"}}],"inLanguage":"en-US"},{"@type":"Organization","@id":"https:\/\/naebulashop.com\/#organization","name":"Naebula","url":"https:\/\/naebulashop.com\/","logo":{"@type":"ImageObject","inLanguage":"en-US","@id":"https:\/\/naebulashop.com\/#\/schema\/logo\/image\/","url":"https:\/\/naebulashop.com\/wp-content\/uploads\/2024\/07\/naebula-1.png","contentUrl":"https:\/\/naebulashop.com\/wp-content\/uploads\/2024\/07\/naebula-1.png","width":1121,"height":379,"caption":"Naebula"},"image":{"@id":"https:\/\/naebulashop.com\/#\/schema\/logo\/image\/"},"sameAs":["https:\/\/www.instagram.com\/naebulaclothing\/"]}]}},"_links":{"self":[{"href":"https:\/\/naebulashop.com\/en\/wp-json\/wp\/v2\/product\/1218","targetHints":{"allow":["GET"]}}],"collection":[{"href":"https:\/\/naebulashop.com\/en\/wp-json\/wp\/v2\/product"}],"about":[{"href":"https:\/\/naebulashop.com\/en\/wp-json\/wp\/v2\/types\/product"}],"replies":[{"embeddable":true,"href":"https:\/\/naebulashop.com\/en\/wp-json\/wp\/v2\/comments?post=1218"}],"wp:featuredmedia":[{"embeddable":true,"href":"https:\/\/naebulashop.com\/en\/wp-json\/wp\/v2\/media\/1226"}],"wp:attachment":[{"href":"https:\/\/naebulashop.com\/en\/wp-json\/wp\/v2\/media?parent=1218"}],"wp:term":[{"taxonomy":"product_brand","embeddable":true,"href":"https:\/\/naebulashop.com\/en\/wp-json\/wp\/v2\/product_brand?post=1218"},{"taxonomy":"product_cat","embeddable":true,"href":"https:\/\/naebulashop.com\/en\/wp-json\/wp\/v2\/product_cat?post=1218"},{"taxonomy":"product_tag","embeddable":true,"href":"https:\/\/naebulashop.com\/en\/wp-json\/wp\/v2\/product_tag?post=1218"}],"curies":[{"name":"wp","href":"https:\/\/api.w.org\/{rel}","templated":true}]}}