{"id":1570,"date":"2025-06-12T15:15:44","date_gmt":"2025-06-12T13:15:44","guid":{"rendered":"https:\/\/naebulashop.com\/produit\/naebula-colors-pink-jogger\/"},"modified":"2025-09-01T14:22:27","modified_gmt":"2025-09-01T12:22:27","slug":"naebula-colors-pink-jogger","status":"publish","type":"product","link":"https:\/\/naebulashop.com\/en\/product\/naebula-colors-pink-jogger\/","title":{"rendered":"Naebula Colors : Orange Jogger"},"content":{"rendered":"<p>Apporte une touche de soleil \u00e0 ton \u00e9t\u00e9 avec ce pantalon de jogging orange sign\u00e9 Naebula. Con\u00e7u pour compl\u00e9ter \u00e0 la perfection l\u2019ensemble monochrome, ce bas m\u00eale confort ultime et esth\u00e9tique affirm\u00e9e. Sa coupe l\u00e9g\u00e8rement fusel\u00e9e assure un tomb\u00e9 structur\u00e9 tout en offrant une libert\u00e9 de mouvement id\u00e9ale pour les journ\u00e9es actives ou les moments de d\u00e9tente.<\/p>\n<p>Un essentiel de saison pour celles et ceux qui veulent briller au soleil sans faire de compromis sur le style.<br \/>\n\u2022 95 % recycled polyester, 5 % spandex<br \/>\n\u2022 \u00c9vas\u00e9<br \/>\n\u2022 Coupe d\u00e9tendue<br \/>\n\u2022 Side pockets<br \/>\n\u2022 Ceinture \u00e9lastique avec cordon<br \/>\n\u2022 Detachable care label<\/p>\n<p>Pour toutes questions ou pr\u00e9occupations concernant les mesures de s\u00e9curit\u00e9 des produits, veuillez contacter notre repr\u00e9sentant europ\u00e9en \u00e0\u00a0<b>gpsr@sindenventures.com<\/b>.<\/p>","protected":false},"excerpt":{"rendered":"<p>Apporte une touche de soleil \u00e0 ton \u00e9t\u00e9 avec ce pantalon de jogging orange sign\u00e9 Naebula. Con\u00e7u pour compl\u00e9ter \u00e0 la perfection l\u2019ensemble monochrome, ce bas m\u00eale confort ultime et esth\u00e9tique affirm\u00e9e. Sa coupe l\u00e9g\u00e8rement fusel\u00e9e assure un tomb\u00e9 structur\u00e9 tout en offrant une libert\u00e9 de mouvement id\u00e9ale pour les journ\u00e9es actives ou les moments [&hellip;]<\/p>\n","protected":false},"featured_media":1577,"comment_status":"open","ping_status":"closed","template":"","meta":[],"product_brand":[],"product_cat":[59,49],"product_tag":[],"class_list":{"0":"post-1570","1":"product","2":"type-product","3":"status-publish","4":"has-post-thumbnail","6":"product_cat-colors","7":"product_cat-joggers","9":"first","10":"instock","11":"taxable","12":"shipping-taxable","13":"purchasable","14":"product-type-variable"},"yoast_head":"<!-- This site is optimized with the Yoast SEO plugin v27.4 - https:\/\/yoast.com\/product\/yoast-seo-wordpress\/ -->\n<title>Naebula Colors : Orange Jogger - Naebula<\/title>\n<meta name=\"robots\" content=\"index, follow, max-snippet:-1, max-image-preview:large, max-video-preview:-1\" \/>\n<link rel=\"canonical\" href=\"https:\/\/naebulashop.com\/en\/product\/naebula-colors-pink-jogger\/\" \/>\n<meta property=\"og:locale\" content=\"en_US\" \/>\n<meta property=\"og:type\" content=\"article\" \/>\n<meta property=\"og:title\" content=\"Naebula Colors : Orange Jogger - Naebula\" \/>\n<meta property=\"og:description\" content=\"Apporte une touche de soleil \u00e0 ton \u00e9t\u00e9 avec ce pantalon de jogging orange sign\u00e9 Naebula. Con\u00e7u pour compl\u00e9ter \u00e0 la perfection l\u2019ensemble monochrome, ce bas m\u00eale confort ultime et esth\u00e9tique affirm\u00e9e. Sa coupe l\u00e9g\u00e8rement fusel\u00e9e assure un tomb\u00e9 structur\u00e9 tout en offrant une libert\u00e9 de mouvement id\u00e9ale pour les journ\u00e9es actives ou les moments [&hellip;]\" \/>\n<meta property=\"og:url\" content=\"https:\/\/naebulashop.com\/en\/product\/naebula-colors-pink-jogger\/\" \/>\n<meta property=\"og:site_name\" content=\"Naebula\" \/>\n<meta property=\"article:modified_time\" content=\"2025-09-01T12:22:27+00:00\" \/>\n<meta property=\"og:image\" content=\"https:\/\/naebulashop.com\/wp-content\/uploads\/2025\/06\/all-over-print-unisex-wide-leg-joggers-white-front-684ad2f1aa4d2.jpg\" \/>\n\t<meta property=\"og:image:width\" content=\"2000\" \/>\n\t<meta property=\"og:image:height\" content=\"2000\" \/>\n\t<meta property=\"og:image:type\" content=\"image\/jpeg\" \/>\n<meta name=\"twitter:card\" content=\"summary_large_image\" \/>\n<meta name=\"twitter:label1\" content=\"Est. reading time\" \/>\n\t<meta name=\"twitter:data1\" content=\"2 minutes\" \/>\n<script type=\"application\/ld+json\" class=\"yoast-schema-graph\">{\"@context\":\"https:\\\/\\\/schema.org\",\"@graph\":[{\"@type\":\"WebPage\",\"@id\":\"https:\\\/\\\/naebulashop.com\\\/produit\\\/naebula-colors-pink-jogger\\\/\",\"url\":\"https:\\\/\\\/naebulashop.com\\\/produit\\\/naebula-colors-pink-jogger\\\/\",\"name\":\"Naebula Colors : Orange Jogger - Naebula\",\"isPartOf\":{\"@id\":\"https:\\\/\\\/naebulashop.com\\\/#website\"},\"primaryImageOfPage\":{\"@id\":\"https:\\\/\\\/naebulashop.com\\\/produit\\\/naebula-colors-pink-jogger\\\/#primaryimage\"},\"image\":{\"@id\":\"https:\\\/\\\/naebulashop.com\\\/produit\\\/naebula-colors-pink-jogger\\\/#primaryimage\"},\"thumbnailUrl\":\"https:\\\/\\\/naebulashop.com\\\/wp-content\\\/uploads\\\/2025\\\/06\\\/all-over-print-unisex-wide-leg-joggers-white-front-684ad2f1aa4d2.jpg\",\"datePublished\":\"2025-06-12T13:15:44+00:00\",\"dateModified\":\"2025-09-01T12:22:27+00:00\",\"breadcrumb\":{\"@id\":\"https:\\\/\\\/naebulashop.com\\\/produit\\\/naebula-colors-pink-jogger\\\/#breadcrumb\"},\"inLanguage\":\"en-US\",\"potentialAction\":[{\"@type\":\"ReadAction\",\"target\":[\"https:\\\/\\\/naebulashop.com\\\/produit\\\/naebula-colors-pink-jogger\\\/\"]}]},{\"@type\":\"ImageObject\",\"inLanguage\":\"en-US\",\"@id\":\"https:\\\/\\\/naebulashop.com\\\/produit\\\/naebula-colors-pink-jogger\\\/#primaryimage\",\"url\":\"https:\\\/\\\/naebulashop.com\\\/wp-content\\\/uploads\\\/2025\\\/06\\\/all-over-print-unisex-wide-leg-joggers-white-front-684ad2f1aa4d2.jpg\",\"contentUrl\":\"https:\\\/\\\/naebulashop.com\\\/wp-content\\\/uploads\\\/2025\\\/06\\\/all-over-print-unisex-wide-leg-joggers-white-front-684ad2f1aa4d2.jpg\",\"width\":2000,\"height\":2000},{\"@type\":\"BreadcrumbList\",\"@id\":\"https:\\\/\\\/naebulashop.com\\\/produit\\\/naebula-colors-pink-jogger\\\/#breadcrumb\",\"itemListElement\":[{\"@type\":\"ListItem\",\"position\":1,\"name\":\"Accueil\",\"item\":\"https:\\\/\\\/naebulashop.com\\\/\"},{\"@type\":\"ListItem\",\"position\":2,\"name\":\"Boutique\",\"item\":\"https:\\\/\\\/naebulashop.com\\\/boutique\\\/\"},{\"@type\":\"ListItem\",\"position\":3,\"name\":\"Naebula Colors : Orange Jogger\"}]},{\"@type\":\"WebSite\",\"@id\":\"https:\\\/\\\/naebulashop.com\\\/#website\",\"url\":\"https:\\\/\\\/naebulashop.com\\\/\",\"name\":\"Naebula\",\"description\":\"\",\"publisher\":{\"@id\":\"https:\\\/\\\/naebulashop.com\\\/#organization\"},\"potentialAction\":[{\"@type\":\"SearchAction\",\"target\":{\"@type\":\"EntryPoint\",\"urlTemplate\":\"https:\\\/\\\/naebulashop.com\\\/?s={search_term_string}\"},\"query-input\":{\"@type\":\"PropertyValueSpecification\",\"valueRequired\":true,\"valueName\":\"search_term_string\"}}],\"inLanguage\":\"en-US\"},{\"@type\":\"Organization\",\"@id\":\"https:\\\/\\\/naebulashop.com\\\/#organization\",\"name\":\"Naebula\",\"url\":\"https:\\\/\\\/naebulashop.com\\\/\",\"logo\":{\"@type\":\"ImageObject\",\"inLanguage\":\"en-US\",\"@id\":\"https:\\\/\\\/naebulashop.com\\\/#\\\/schema\\\/logo\\\/image\\\/\",\"url\":\"https:\\\/\\\/naebulashop.com\\\/wp-content\\\/uploads\\\/2024\\\/07\\\/naebula-1.png\",\"contentUrl\":\"https:\\\/\\\/naebulashop.com\\\/wp-content\\\/uploads\\\/2024\\\/07\\\/naebula-1.png\",\"width\":1121,\"height\":379,\"caption\":\"Naebula\"},\"image\":{\"@id\":\"https:\\\/\\\/naebulashop.com\\\/#\\\/schema\\\/logo\\\/image\\\/\"},\"sameAs\":[\"https:\\\/\\\/www.instagram.com\\\/naebulaclothing\\\/\"]}]}<\/script>\n<!-- \/ Yoast SEO plugin. -->","yoast_head_json":{"title":"Naebula Colors : Orange Jogger - Naebula","robots":{"index":"index","follow":"follow","max-snippet":"max-snippet:-1","max-image-preview":"max-image-preview:large","max-video-preview":"max-video-preview:-1"},"canonical":"https:\/\/naebulashop.com\/en\/product\/naebula-colors-pink-jogger\/","og_locale":"en_US","og_type":"article","og_title":"Naebula Colors : Orange Jogger - Naebula","og_description":"Apporte une touche de soleil \u00e0 ton \u00e9t\u00e9 avec ce pantalon de jogging orange sign\u00e9 Naebula. Con\u00e7u pour compl\u00e9ter \u00e0 la perfection l\u2019ensemble monochrome, ce bas m\u00eale confort ultime et esth\u00e9tique affirm\u00e9e. Sa coupe l\u00e9g\u00e8rement fusel\u00e9e assure un tomb\u00e9 structur\u00e9 tout en offrant une libert\u00e9 de mouvement id\u00e9ale pour les journ\u00e9es actives ou les moments [&hellip;]","og_url":"https:\/\/naebulashop.com\/en\/product\/naebula-colors-pink-jogger\/","og_site_name":"Naebula","article_modified_time":"2025-09-01T12:22:27+00:00","og_image":[{"width":2000,"height":2000,"url":"https:\/\/naebulashop.com\/wp-content\/uploads\/2025\/06\/all-over-print-unisex-wide-leg-joggers-white-front-684ad2f1aa4d2.jpg","type":"image\/jpeg"}],"twitter_card":"summary_large_image","twitter_misc":{"Est. reading time":"2 minutes"},"schema":{"@context":"https:\/\/schema.org","@graph":[{"@type":"WebPage","@id":"https:\/\/naebulashop.com\/produit\/naebula-colors-pink-jogger\/","url":"https:\/\/naebulashop.com\/produit\/naebula-colors-pink-jogger\/","name":"Naebula Colors : Orange Jogger - Naebula","isPartOf":{"@id":"https:\/\/naebulashop.com\/#website"},"primaryImageOfPage":{"@id":"https:\/\/naebulashop.com\/produit\/naebula-colors-pink-jogger\/#primaryimage"},"image":{"@id":"https:\/\/naebulashop.com\/produit\/naebula-colors-pink-jogger\/#primaryimage"},"thumbnailUrl":"https:\/\/naebulashop.com\/wp-content\/uploads\/2025\/06\/all-over-print-unisex-wide-leg-joggers-white-front-684ad2f1aa4d2.jpg","datePublished":"2025-06-12T13:15:44+00:00","dateModified":"2025-09-01T12:22:27+00:00","breadcrumb":{"@id":"https:\/\/naebulashop.com\/produit\/naebula-colors-pink-jogger\/#breadcrumb"},"inLanguage":"en-US","potentialAction":[{"@type":"ReadAction","target":["https:\/\/naebulashop.com\/produit\/naebula-colors-pink-jogger\/"]}]},{"@type":"ImageObject","inLanguage":"en-US","@id":"https:\/\/naebulashop.com\/produit\/naebula-colors-pink-jogger\/#primaryimage","url":"https:\/\/naebulashop.com\/wp-content\/uploads\/2025\/06\/all-over-print-unisex-wide-leg-joggers-white-front-684ad2f1aa4d2.jpg","contentUrl":"https:\/\/naebulashop.com\/wp-content\/uploads\/2025\/06\/all-over-print-unisex-wide-leg-joggers-white-front-684ad2f1aa4d2.jpg","width":2000,"height":2000},{"@type":"BreadcrumbList","@id":"https:\/\/naebulashop.com\/produit\/naebula-colors-pink-jogger\/#breadcrumb","itemListElement":[{"@type":"ListItem","position":1,"name":"Accueil","item":"https:\/\/naebulashop.com\/"},{"@type":"ListItem","position":2,"name":"Boutique","item":"https:\/\/naebulashop.com\/boutique\/"},{"@type":"ListItem","position":3,"name":"Naebula Colors : Orange Jogger"}]},{"@type":"WebSite","@id":"https:\/\/naebulashop.com\/#website","url":"https:\/\/naebulashop.com\/","name":"Naebula","description":"","publisher":{"@id":"https:\/\/naebulashop.com\/#organization"},"potentialAction":[{"@type":"SearchAction","target":{"@type":"EntryPoint","urlTemplate":"https:\/\/naebulashop.com\/?s={search_term_string}"},"query-input":{"@type":"PropertyValueSpecification","valueRequired":true,"valueName":"search_term_string"}}],"inLanguage":"en-US"},{"@type":"Organization","@id":"https:\/\/naebulashop.com\/#organization","name":"Naebula","url":"https:\/\/naebulashop.com\/","logo":{"@type":"ImageObject","inLanguage":"en-US","@id":"https:\/\/naebulashop.com\/#\/schema\/logo\/image\/","url":"https:\/\/naebulashop.com\/wp-content\/uploads\/2024\/07\/naebula-1.png","contentUrl":"https:\/\/naebulashop.com\/wp-content\/uploads\/2024\/07\/naebula-1.png","width":1121,"height":379,"caption":"Naebula"},"image":{"@id":"https:\/\/naebulashop.com\/#\/schema\/logo\/image\/"},"sameAs":["https:\/\/www.instagram.com\/naebulaclothing\/"]}]}},"_links":{"self":[{"href":"https:\/\/naebulashop.com\/en\/wp-json\/wp\/v2\/product\/1570","targetHints":{"allow":["GET"]}}],"collection":[{"href":"https:\/\/naebulashop.com\/en\/wp-json\/wp\/v2\/product"}],"about":[{"href":"https:\/\/naebulashop.com\/en\/wp-json\/wp\/v2\/types\/product"}],"replies":[{"embeddable":true,"href":"https:\/\/naebulashop.com\/en\/wp-json\/wp\/v2\/comments?post=1570"}],"wp:featuredmedia":[{"embeddable":true,"href":"https:\/\/naebulashop.com\/en\/wp-json\/wp\/v2\/media\/1577"}],"wp:attachment":[{"href":"https:\/\/naebulashop.com\/en\/wp-json\/wp\/v2\/media?parent=1570"}],"wp:term":[{"taxonomy":"product_brand","embeddable":true,"href":"https:\/\/naebulashop.com\/en\/wp-json\/wp\/v2\/product_brand?post=1570"},{"taxonomy":"product_cat","embeddable":true,"href":"https:\/\/naebulashop.com\/en\/wp-json\/wp\/v2\/product_cat?post=1570"},{"taxonomy":"product_tag","embeddable":true,"href":"https:\/\/naebulashop.com\/en\/wp-json\/wp\/v2\/product_tag?post=1570"}],"curies":[{"name":"wp","href":"https:\/\/api.w.org\/{rel}","templated":true}]}}