{"id":1605,"date":"2025-06-13T09:14:19","date_gmt":"2025-06-13T07:14:19","guid":{"rendered":"https:\/\/naebulashop.com\/produit\/naebula-colors-orange-t-shirt\/"},"modified":"2025-09-01T14:20:05","modified_gmt":"2025-09-01T12:20:05","slug":"naebula-colors-orange-t-shirt","status":"publish","type":"product","link":"https:\/\/naebulashop.com\/en\/product\/naebula-colors-orange-t-shirt\/","title":{"rendered":"Naebula Colors : Orange T-Shirt"},"content":{"rendered":"<p>Plonge dans l\u2019univers doux et vibrant de Naebula avec ce t-shirt orange, pi\u00e8ce phare de la collection estivale. Minimaliste, mais percutant, il mise sur une broderie subtile du logo Naebula Colors, plac\u00e9e sur le torse pour une touche \u00e9l\u00e9gante et pleine de fra\u00eecheur.<\/p>\n<p>\u2022 100 % combed and ring-spun cotton (heather colors contain polyester)<br \/>\n\u2022 Fabric weight: 142 g\/m\u00b2 (4.2 oz\/yd\u00b2)<br \/>\n\u2022 Preshrunk fabric<br \/>\n\u2022 Side seam<br \/>\n\u2022 Shoulder to shoulder tape<br \/>\n\u2022 Virgin product from Nicaragua, Mexico, Honduras or the United States<\/p>\n<p>Pour toutes questions ou pr\u00e9occupations concernant les mesures de s\u00e9curit\u00e9 des produits, veuillez contacter notre repr\u00e9sentant europ\u00e9en \u00e0\u00a0<b>gpsr@sindenventures.com<\/b>.<\/p>","protected":false},"excerpt":{"rendered":"<p>Plonge dans l\u2019univers doux et vibrant de Naebula avec ce t-shirt orange, pi\u00e8ce phare de la collection estivale. Minimaliste, mais percutant, il mise sur une broderie subtile du logo Naebula Colors, plac\u00e9e sur le torse pour une touche \u00e9l\u00e9gante et pleine de fra\u00eecheur. \u2022 100\u00a0%\u00a0coton peign\u00e9 et fil\u00e9 \u00e0 l&rsquo;anneau (les couleurs chin\u00e9es contiennent du [&hellip;]<\/p>\n","protected":false},"featured_media":1613,"comment_status":"open","ping_status":"closed","template":"","meta":[],"product_brand":[],"product_cat":[59,48],"product_tag":[],"class_list":{"0":"post-1605","1":"product","2":"type-product","3":"status-publish","4":"has-post-thumbnail","6":"product_cat-colors","7":"product_cat-tshirts","9":"first","10":"instock","11":"taxable","12":"shipping-taxable","13":"purchasable","14":"product-type-variable"},"yoast_head":"<!-- This site is optimized with the Yoast SEO plugin v27.4 - https:\/\/yoast.com\/product\/yoast-seo-wordpress\/ -->\n<title>Naebula Colors : Orange T-Shirt - Naebula<\/title>\n<meta name=\"robots\" content=\"index, follow, max-snippet:-1, max-image-preview:large, max-video-preview:-1\" \/>\n<link rel=\"canonical\" href=\"https:\/\/naebulashop.com\/en\/product\/naebula-colors-orange-t-shirt\/\" \/>\n<meta property=\"og:locale\" content=\"en_US\" \/>\n<meta property=\"og:type\" content=\"article\" \/>\n<meta property=\"og:title\" content=\"Naebula Colors : Orange T-Shirt - Naebula\" \/>\n<meta property=\"og:description\" content=\"Plonge dans l\u2019univers doux et vibrant de Naebula avec ce t-shirt orange, pi\u00e8ce phare de la collection estivale. Minimaliste, mais percutant, il mise sur une broderie subtile du logo Naebula Colors, plac\u00e9e sur le torse pour une touche \u00e9l\u00e9gante et pleine de fra\u00eecheur. \u2022 100\u00a0%\u00a0coton peign\u00e9 et fil\u00e9 \u00e0 l&rsquo;anneau (les couleurs chin\u00e9es contiennent du [&hellip;]\" \/>\n<meta property=\"og:url\" content=\"https:\/\/naebulashop.com\/en\/product\/naebula-colors-orange-t-shirt\/\" \/>\n<meta property=\"og:site_name\" content=\"Naebula\" \/>\n<meta property=\"article:modified_time\" content=\"2025-09-01T12:20:05+00:00\" \/>\n<meta property=\"og:image\" content=\"https:\/\/naebulashop.com\/wp-content\/uploads\/2025\/06\/unisex-staple-t-shirt-gold-front-684bcfb5068bd.jpg\" \/>\n\t<meta property=\"og:image:width\" content=\"2000\" \/>\n\t<meta property=\"og:image:height\" content=\"2000\" \/>\n\t<meta property=\"og:image:type\" content=\"image\/jpeg\" \/>\n<meta name=\"twitter:card\" content=\"summary_large_image\" \/>\n<meta name=\"twitter:label1\" content=\"Est. reading time\" \/>\n\t<meta name=\"twitter:data1\" content=\"2 minutes\" \/>\n<script type=\"application\/ld+json\" class=\"yoast-schema-graph\">{\"@context\":\"https:\\\/\\\/schema.org\",\"@graph\":[{\"@type\":\"WebPage\",\"@id\":\"https:\\\/\\\/naebulashop.com\\\/produit\\\/naebula-colors-orange-t-shirt\\\/\",\"url\":\"https:\\\/\\\/naebulashop.com\\\/produit\\\/naebula-colors-orange-t-shirt\\\/\",\"name\":\"Naebula Colors : Orange T-Shirt - Naebula\",\"isPartOf\":{\"@id\":\"https:\\\/\\\/naebulashop.com\\\/#website\"},\"primaryImageOfPage\":{\"@id\":\"https:\\\/\\\/naebulashop.com\\\/produit\\\/naebula-colors-orange-t-shirt\\\/#primaryimage\"},\"image\":{\"@id\":\"https:\\\/\\\/naebulashop.com\\\/produit\\\/naebula-colors-orange-t-shirt\\\/#primaryimage\"},\"thumbnailUrl\":\"https:\\\/\\\/naebulashop.com\\\/wp-content\\\/uploads\\\/2025\\\/06\\\/unisex-staple-t-shirt-gold-front-684bcfb5068bd.jpg\",\"datePublished\":\"2025-06-13T07:14:19+00:00\",\"dateModified\":\"2025-09-01T12:20:05+00:00\",\"breadcrumb\":{\"@id\":\"https:\\\/\\\/naebulashop.com\\\/produit\\\/naebula-colors-orange-t-shirt\\\/#breadcrumb\"},\"inLanguage\":\"en-US\",\"potentialAction\":[{\"@type\":\"ReadAction\",\"target\":[\"https:\\\/\\\/naebulashop.com\\\/produit\\\/naebula-colors-orange-t-shirt\\\/\"]}]},{\"@type\":\"ImageObject\",\"inLanguage\":\"en-US\",\"@id\":\"https:\\\/\\\/naebulashop.com\\\/produit\\\/naebula-colors-orange-t-shirt\\\/#primaryimage\",\"url\":\"https:\\\/\\\/naebulashop.com\\\/wp-content\\\/uploads\\\/2025\\\/06\\\/unisex-staple-t-shirt-gold-front-684bcfb5068bd.jpg\",\"contentUrl\":\"https:\\\/\\\/naebulashop.com\\\/wp-content\\\/uploads\\\/2025\\\/06\\\/unisex-staple-t-shirt-gold-front-684bcfb5068bd.jpg\",\"width\":2000,\"height\":2000},{\"@type\":\"BreadcrumbList\",\"@id\":\"https:\\\/\\\/naebulashop.com\\\/produit\\\/naebula-colors-orange-t-shirt\\\/#breadcrumb\",\"itemListElement\":[{\"@type\":\"ListItem\",\"position\":1,\"name\":\"Accueil\",\"item\":\"https:\\\/\\\/naebulashop.com\\\/\"},{\"@type\":\"ListItem\",\"position\":2,\"name\":\"Boutique\",\"item\":\"https:\\\/\\\/naebulashop.com\\\/boutique\\\/\"},{\"@type\":\"ListItem\",\"position\":3,\"name\":\"Naebula Colors : Orange T-Shirt\"}]},{\"@type\":\"WebSite\",\"@id\":\"https:\\\/\\\/naebulashop.com\\\/#website\",\"url\":\"https:\\\/\\\/naebulashop.com\\\/\",\"name\":\"Naebula\",\"description\":\"\",\"publisher\":{\"@id\":\"https:\\\/\\\/naebulashop.com\\\/#organization\"},\"potentialAction\":[{\"@type\":\"SearchAction\",\"target\":{\"@type\":\"EntryPoint\",\"urlTemplate\":\"https:\\\/\\\/naebulashop.com\\\/?s={search_term_string}\"},\"query-input\":{\"@type\":\"PropertyValueSpecification\",\"valueRequired\":true,\"valueName\":\"search_term_string\"}}],\"inLanguage\":\"en-US\"},{\"@type\":\"Organization\",\"@id\":\"https:\\\/\\\/naebulashop.com\\\/#organization\",\"name\":\"Naebula\",\"url\":\"https:\\\/\\\/naebulashop.com\\\/\",\"logo\":{\"@type\":\"ImageObject\",\"inLanguage\":\"en-US\",\"@id\":\"https:\\\/\\\/naebulashop.com\\\/#\\\/schema\\\/logo\\\/image\\\/\",\"url\":\"https:\\\/\\\/naebulashop.com\\\/wp-content\\\/uploads\\\/2024\\\/07\\\/naebula-1.png\",\"contentUrl\":\"https:\\\/\\\/naebulashop.com\\\/wp-content\\\/uploads\\\/2024\\\/07\\\/naebula-1.png\",\"width\":1121,\"height\":379,\"caption\":\"Naebula\"},\"image\":{\"@id\":\"https:\\\/\\\/naebulashop.com\\\/#\\\/schema\\\/logo\\\/image\\\/\"},\"sameAs\":[\"https:\\\/\\\/www.instagram.com\\\/naebulaclothing\\\/\"]}]}<\/script>\n<!-- \/ Yoast SEO plugin. -->","yoast_head_json":{"title":"Naebula Colors : Orange T-Shirt - Naebula","robots":{"index":"index","follow":"follow","max-snippet":"max-snippet:-1","max-image-preview":"max-image-preview:large","max-video-preview":"max-video-preview:-1"},"canonical":"https:\/\/naebulashop.com\/en\/product\/naebula-colors-orange-t-shirt\/","og_locale":"en_US","og_type":"article","og_title":"Naebula Colors : Orange T-Shirt - Naebula","og_description":"Plonge dans l\u2019univers doux et vibrant de Naebula avec ce t-shirt orange, pi\u00e8ce phare de la collection estivale. Minimaliste, mais percutant, il mise sur une broderie subtile du logo Naebula Colors, plac\u00e9e sur le torse pour une touche \u00e9l\u00e9gante et pleine de fra\u00eecheur. \u2022 100\u00a0%\u00a0coton peign\u00e9 et fil\u00e9 \u00e0 l&rsquo;anneau (les couleurs chin\u00e9es contiennent du [&hellip;]","og_url":"https:\/\/naebulashop.com\/en\/product\/naebula-colors-orange-t-shirt\/","og_site_name":"Naebula","article_modified_time":"2025-09-01T12:20:05+00:00","og_image":[{"width":2000,"height":2000,"url":"https:\/\/naebulashop.com\/wp-content\/uploads\/2025\/06\/unisex-staple-t-shirt-gold-front-684bcfb5068bd.jpg","type":"image\/jpeg"}],"twitter_card":"summary_large_image","twitter_misc":{"Est. reading time":"2 minutes"},"schema":{"@context":"https:\/\/schema.org","@graph":[{"@type":"WebPage","@id":"https:\/\/naebulashop.com\/produit\/naebula-colors-orange-t-shirt\/","url":"https:\/\/naebulashop.com\/produit\/naebula-colors-orange-t-shirt\/","name":"Naebula Colors : Orange T-Shirt - Naebula","isPartOf":{"@id":"https:\/\/naebulashop.com\/#website"},"primaryImageOfPage":{"@id":"https:\/\/naebulashop.com\/produit\/naebula-colors-orange-t-shirt\/#primaryimage"},"image":{"@id":"https:\/\/naebulashop.com\/produit\/naebula-colors-orange-t-shirt\/#primaryimage"},"thumbnailUrl":"https:\/\/naebulashop.com\/wp-content\/uploads\/2025\/06\/unisex-staple-t-shirt-gold-front-684bcfb5068bd.jpg","datePublished":"2025-06-13T07:14:19+00:00","dateModified":"2025-09-01T12:20:05+00:00","breadcrumb":{"@id":"https:\/\/naebulashop.com\/produit\/naebula-colors-orange-t-shirt\/#breadcrumb"},"inLanguage":"en-US","potentialAction":[{"@type":"ReadAction","target":["https:\/\/naebulashop.com\/produit\/naebula-colors-orange-t-shirt\/"]}]},{"@type":"ImageObject","inLanguage":"en-US","@id":"https:\/\/naebulashop.com\/produit\/naebula-colors-orange-t-shirt\/#primaryimage","url":"https:\/\/naebulashop.com\/wp-content\/uploads\/2025\/06\/unisex-staple-t-shirt-gold-front-684bcfb5068bd.jpg","contentUrl":"https:\/\/naebulashop.com\/wp-content\/uploads\/2025\/06\/unisex-staple-t-shirt-gold-front-684bcfb5068bd.jpg","width":2000,"height":2000},{"@type":"BreadcrumbList","@id":"https:\/\/naebulashop.com\/produit\/naebula-colors-orange-t-shirt\/#breadcrumb","itemListElement":[{"@type":"ListItem","position":1,"name":"Accueil","item":"https:\/\/naebulashop.com\/"},{"@type":"ListItem","position":2,"name":"Boutique","item":"https:\/\/naebulashop.com\/boutique\/"},{"@type":"ListItem","position":3,"name":"Naebula Colors : Orange T-Shirt"}]},{"@type":"WebSite","@id":"https:\/\/naebulashop.com\/#website","url":"https:\/\/naebulashop.com\/","name":"Naebula","description":"","publisher":{"@id":"https:\/\/naebulashop.com\/#organization"},"potentialAction":[{"@type":"SearchAction","target":{"@type":"EntryPoint","urlTemplate":"https:\/\/naebulashop.com\/?s={search_term_string}"},"query-input":{"@type":"PropertyValueSpecification","valueRequired":true,"valueName":"search_term_string"}}],"inLanguage":"en-US"},{"@type":"Organization","@id":"https:\/\/naebulashop.com\/#organization","name":"Naebula","url":"https:\/\/naebulashop.com\/","logo":{"@type":"ImageObject","inLanguage":"en-US","@id":"https:\/\/naebulashop.com\/#\/schema\/logo\/image\/","url":"https:\/\/naebulashop.com\/wp-content\/uploads\/2024\/07\/naebula-1.png","contentUrl":"https:\/\/naebulashop.com\/wp-content\/uploads\/2024\/07\/naebula-1.png","width":1121,"height":379,"caption":"Naebula"},"image":{"@id":"https:\/\/naebulashop.com\/#\/schema\/logo\/image\/"},"sameAs":["https:\/\/www.instagram.com\/naebulaclothing\/"]}]}},"_links":{"self":[{"href":"https:\/\/naebulashop.com\/en\/wp-json\/wp\/v2\/product\/1605","targetHints":{"allow":["GET"]}}],"collection":[{"href":"https:\/\/naebulashop.com\/en\/wp-json\/wp\/v2\/product"}],"about":[{"href":"https:\/\/naebulashop.com\/en\/wp-json\/wp\/v2\/types\/product"}],"replies":[{"embeddable":true,"href":"https:\/\/naebulashop.com\/en\/wp-json\/wp\/v2\/comments?post=1605"}],"wp:featuredmedia":[{"embeddable":true,"href":"https:\/\/naebulashop.com\/en\/wp-json\/wp\/v2\/media\/1613"}],"wp:attachment":[{"href":"https:\/\/naebulashop.com\/en\/wp-json\/wp\/v2\/media?parent=1605"}],"wp:term":[{"taxonomy":"product_brand","embeddable":true,"href":"https:\/\/naebulashop.com\/en\/wp-json\/wp\/v2\/product_brand?post=1605"},{"taxonomy":"product_cat","embeddable":true,"href":"https:\/\/naebulashop.com\/en\/wp-json\/wp\/v2\/product_cat?post=1605"},{"taxonomy":"product_tag","embeddable":true,"href":"https:\/\/naebulashop.com\/en\/wp-json\/wp\/v2\/product_tag?post=1605"}],"curies":[{"name":"wp","href":"https:\/\/api.w.org\/{rel}","templated":true}]}}