{"id":1762,"date":"2025-09-01T15:02:27","date_gmt":"2025-09-01T13:02:27","guid":{"rendered":"https:\/\/naebulashop.com\/produit\/naebula-colors-pastel-cap\/"},"modified":"2025-09-01T15:04:14","modified_gmt":"2025-09-01T13:04:14","slug":"naebula-colors-pastel-cap","status":"publish","type":"product","link":"https:\/\/naebulashop.com\/en\/product\/naebula-colors-pastel-cap\/","title":{"rendered":"Naebula Colors : Pastel Cap"},"content":{"rendered":"<p>La casquette de baseball pastel est en 100\u00a0% coton chino. Dot\u00e9e d\u2019une couronne non structur\u00e9e, 6 panneaux et \u00e0 profil bas. Mais surtout, cette casquette est la candidate id\u00e9ale pour venir compl\u00e9ter vos tenues color\u00e9es\u00a0!<\/p>\n<p>\u2022 100\u00a0% coton chino<br \/>\n\u2022 Couronne souple et non structur\u00e9e<br \/>\n\u2022 6 panneaux, profil bas<br \/>\n\u2022 Sommet pr\u00e9d\u00e9fini<br \/>\n\u2022 \u0152illets cousus<br \/>\n\u2022 Sangle dans le m\u00eame tissu avec boucle \u00e0 trois barres<br \/>\n\u2022 Nettoyage \u00e0 l\u2019\u00e9ponge seulement<br \/>\n\u2022\u00a0Produit vierge provenant de Chine<\/p>","protected":false},"excerpt":{"rendered":"<p>La casquette de baseball pastel est en 100\u00a0% coton chino. Dot\u00e9e d\u2019une couronne non structur\u00e9e, 6 panneaux et \u00e0 profil bas. Mais surtout, cette casquette est la candidate id\u00e9ale pour venir compl\u00e9ter vos tenues color\u00e9es\u00a0! \u2022 100\u00a0% coton chino \u2022 Couronne souple et non structur\u00e9e \u2022 6 panneaux, profil bas \u2022 Sommet pr\u00e9d\u00e9fini \u2022 \u0152illets [&hellip;]<\/p>\n","protected":false},"featured_media":1768,"comment_status":"open","ping_status":"closed","template":"","meta":[],"product_brand":[],"product_cat":[50,59,53],"product_tag":[],"class_list":{"0":"post-1762","1":"product","2":"type-product","3":"status-publish","4":"has-post-thumbnail","6":"product_cat-accesoires","7":"product_cat-colors","8":"product_cat-brode","10":"first","11":"instock","12":"taxable","13":"shipping-taxable","14":"purchasable","15":"product-type-variable"},"yoast_head":"<!-- This site is optimized with the Yoast SEO plugin v27.4 - https:\/\/yoast.com\/product\/yoast-seo-wordpress\/ -->\n<title>Naebula Colors : Pastel Cap - Naebula<\/title>\n<meta name=\"robots\" content=\"index, follow, max-snippet:-1, max-image-preview:large, max-video-preview:-1\" \/>\n<link rel=\"canonical\" href=\"https:\/\/naebulashop.com\/en\/product\/naebula-colors-pastel-cap\/\" \/>\n<meta property=\"og:locale\" content=\"en_US\" \/>\n<meta property=\"og:type\" content=\"article\" \/>\n<meta property=\"og:title\" content=\"Naebula Colors : Pastel Cap - Naebula\" \/>\n<meta property=\"og:description\" content=\"La casquette de baseball pastel est en 100\u00a0% coton chino. Dot\u00e9e d\u2019une couronne non structur\u00e9e, 6 panneaux et \u00e0 profil bas. Mais surtout, cette casquette est la candidate id\u00e9ale pour venir compl\u00e9ter vos tenues color\u00e9es\u00a0! \u2022 100\u00a0% coton chino \u2022 Couronne souple et non structur\u00e9e \u2022 6 panneaux, profil bas \u2022 Sommet pr\u00e9d\u00e9fini \u2022 \u0152illets [&hellip;]\" \/>\n<meta property=\"og:url\" content=\"https:\/\/naebulashop.com\/en\/product\/naebula-colors-pastel-cap\/\" \/>\n<meta property=\"og:site_name\" content=\"Naebula\" \/>\n<meta property=\"article:modified_time\" content=\"2025-09-01T13:04:14+00:00\" \/>\n<meta property=\"og:image\" content=\"https:\/\/naebulashop.com\/wp-content\/uploads\/2025\/09\/pastel-baseball-hat-pastel-blue-front-68b5995263022.jpg\" \/>\n\t<meta property=\"og:image:width\" content=\"2000\" \/>\n\t<meta property=\"og:image:height\" content=\"2000\" \/>\n\t<meta property=\"og:image:type\" content=\"image\/jpeg\" \/>\n<meta name=\"twitter:card\" content=\"summary_large_image\" \/>\n<script type=\"application\/ld+json\" class=\"yoast-schema-graph\">{\"@context\":\"https:\\\/\\\/schema.org\",\"@graph\":[{\"@type\":\"WebPage\",\"@id\":\"https:\\\/\\\/naebulashop.com\\\/produit\\\/naebula-colors-pastel-cap\\\/\",\"url\":\"https:\\\/\\\/naebulashop.com\\\/produit\\\/naebula-colors-pastel-cap\\\/\",\"name\":\"Naebula Colors : Pastel Cap - Naebula\",\"isPartOf\":{\"@id\":\"https:\\\/\\\/naebulashop.com\\\/#website\"},\"primaryImageOfPage\":{\"@id\":\"https:\\\/\\\/naebulashop.com\\\/produit\\\/naebula-colors-pastel-cap\\\/#primaryimage\"},\"image\":{\"@id\":\"https:\\\/\\\/naebulashop.com\\\/produit\\\/naebula-colors-pastel-cap\\\/#primaryimage\"},\"thumbnailUrl\":\"https:\\\/\\\/naebulashop.com\\\/wp-content\\\/uploads\\\/2025\\\/09\\\/pastel-baseball-hat-pastel-blue-front-68b5995263022.jpg\",\"datePublished\":\"2025-09-01T13:02:27+00:00\",\"dateModified\":\"2025-09-01T13:04:14+00:00\",\"breadcrumb\":{\"@id\":\"https:\\\/\\\/naebulashop.com\\\/produit\\\/naebula-colors-pastel-cap\\\/#breadcrumb\"},\"inLanguage\":\"en-US\",\"potentialAction\":[{\"@type\":\"ReadAction\",\"target\":[\"https:\\\/\\\/naebulashop.com\\\/produit\\\/naebula-colors-pastel-cap\\\/\"]}]},{\"@type\":\"ImageObject\",\"inLanguage\":\"en-US\",\"@id\":\"https:\\\/\\\/naebulashop.com\\\/produit\\\/naebula-colors-pastel-cap\\\/#primaryimage\",\"url\":\"https:\\\/\\\/naebulashop.com\\\/wp-content\\\/uploads\\\/2025\\\/09\\\/pastel-baseball-hat-pastel-blue-front-68b5995263022.jpg\",\"contentUrl\":\"https:\\\/\\\/naebulashop.com\\\/wp-content\\\/uploads\\\/2025\\\/09\\\/pastel-baseball-hat-pastel-blue-front-68b5995263022.jpg\",\"width\":2000,\"height\":2000},{\"@type\":\"BreadcrumbList\",\"@id\":\"https:\\\/\\\/naebulashop.com\\\/produit\\\/naebula-colors-pastel-cap\\\/#breadcrumb\",\"itemListElement\":[{\"@type\":\"ListItem\",\"position\":1,\"name\":\"Accueil\",\"item\":\"https:\\\/\\\/naebulashop.com\\\/\"},{\"@type\":\"ListItem\",\"position\":2,\"name\":\"Boutique\",\"item\":\"https:\\\/\\\/naebulashop.com\\\/boutique\\\/\"},{\"@type\":\"ListItem\",\"position\":3,\"name\":\"Naebula Colors : Pastel Cap\"}]},{\"@type\":\"WebSite\",\"@id\":\"https:\\\/\\\/naebulashop.com\\\/#website\",\"url\":\"https:\\\/\\\/naebulashop.com\\\/\",\"name\":\"Naebula\",\"description\":\"\",\"publisher\":{\"@id\":\"https:\\\/\\\/naebulashop.com\\\/#organization\"},\"potentialAction\":[{\"@type\":\"SearchAction\",\"target\":{\"@type\":\"EntryPoint\",\"urlTemplate\":\"https:\\\/\\\/naebulashop.com\\\/?s={search_term_string}\"},\"query-input\":{\"@type\":\"PropertyValueSpecification\",\"valueRequired\":true,\"valueName\":\"search_term_string\"}}],\"inLanguage\":\"en-US\"},{\"@type\":\"Organization\",\"@id\":\"https:\\\/\\\/naebulashop.com\\\/#organization\",\"name\":\"Naebula\",\"url\":\"https:\\\/\\\/naebulashop.com\\\/\",\"logo\":{\"@type\":\"ImageObject\",\"inLanguage\":\"en-US\",\"@id\":\"https:\\\/\\\/naebulashop.com\\\/#\\\/schema\\\/logo\\\/image\\\/\",\"url\":\"https:\\\/\\\/naebulashop.com\\\/wp-content\\\/uploads\\\/2024\\\/07\\\/naebula-1.png\",\"contentUrl\":\"https:\\\/\\\/naebulashop.com\\\/wp-content\\\/uploads\\\/2024\\\/07\\\/naebula-1.png\",\"width\":1121,\"height\":379,\"caption\":\"Naebula\"},\"image\":{\"@id\":\"https:\\\/\\\/naebulashop.com\\\/#\\\/schema\\\/logo\\\/image\\\/\"},\"sameAs\":[\"https:\\\/\\\/www.instagram.com\\\/naebulaclothing\\\/\"]}]}<\/script>\n<!-- \/ Yoast SEO plugin. -->","yoast_head_json":{"title":"Naebula Colors : Pastel Cap - Naebula","robots":{"index":"index","follow":"follow","max-snippet":"max-snippet:-1","max-image-preview":"max-image-preview:large","max-video-preview":"max-video-preview:-1"},"canonical":"https:\/\/naebulashop.com\/en\/product\/naebula-colors-pastel-cap\/","og_locale":"en_US","og_type":"article","og_title":"Naebula Colors : Pastel Cap - Naebula","og_description":"La casquette de baseball pastel est en 100\u00a0% coton chino. Dot\u00e9e d\u2019une couronne non structur\u00e9e, 6 panneaux et \u00e0 profil bas. Mais surtout, cette casquette est la candidate id\u00e9ale pour venir compl\u00e9ter vos tenues color\u00e9es\u00a0! \u2022 100\u00a0% coton chino \u2022 Couronne souple et non structur\u00e9e \u2022 6 panneaux, profil bas \u2022 Sommet pr\u00e9d\u00e9fini \u2022 \u0152illets [&hellip;]","og_url":"https:\/\/naebulashop.com\/en\/product\/naebula-colors-pastel-cap\/","og_site_name":"Naebula","article_modified_time":"2025-09-01T13:04:14+00:00","og_image":[{"width":2000,"height":2000,"url":"https:\/\/naebulashop.com\/wp-content\/uploads\/2025\/09\/pastel-baseball-hat-pastel-blue-front-68b5995263022.jpg","type":"image\/jpeg"}],"twitter_card":"summary_large_image","schema":{"@context":"https:\/\/schema.org","@graph":[{"@type":"WebPage","@id":"https:\/\/naebulashop.com\/produit\/naebula-colors-pastel-cap\/","url":"https:\/\/naebulashop.com\/produit\/naebula-colors-pastel-cap\/","name":"Naebula Colors : Pastel Cap - Naebula","isPartOf":{"@id":"https:\/\/naebulashop.com\/#website"},"primaryImageOfPage":{"@id":"https:\/\/naebulashop.com\/produit\/naebula-colors-pastel-cap\/#primaryimage"},"image":{"@id":"https:\/\/naebulashop.com\/produit\/naebula-colors-pastel-cap\/#primaryimage"},"thumbnailUrl":"https:\/\/naebulashop.com\/wp-content\/uploads\/2025\/09\/pastel-baseball-hat-pastel-blue-front-68b5995263022.jpg","datePublished":"2025-09-01T13:02:27+00:00","dateModified":"2025-09-01T13:04:14+00:00","breadcrumb":{"@id":"https:\/\/naebulashop.com\/produit\/naebula-colors-pastel-cap\/#breadcrumb"},"inLanguage":"en-US","potentialAction":[{"@type":"ReadAction","target":["https:\/\/naebulashop.com\/produit\/naebula-colors-pastel-cap\/"]}]},{"@type":"ImageObject","inLanguage":"en-US","@id":"https:\/\/naebulashop.com\/produit\/naebula-colors-pastel-cap\/#primaryimage","url":"https:\/\/naebulashop.com\/wp-content\/uploads\/2025\/09\/pastel-baseball-hat-pastel-blue-front-68b5995263022.jpg","contentUrl":"https:\/\/naebulashop.com\/wp-content\/uploads\/2025\/09\/pastel-baseball-hat-pastel-blue-front-68b5995263022.jpg","width":2000,"height":2000},{"@type":"BreadcrumbList","@id":"https:\/\/naebulashop.com\/produit\/naebula-colors-pastel-cap\/#breadcrumb","itemListElement":[{"@type":"ListItem","position":1,"name":"Accueil","item":"https:\/\/naebulashop.com\/"},{"@type":"ListItem","position":2,"name":"Boutique","item":"https:\/\/naebulashop.com\/boutique\/"},{"@type":"ListItem","position":3,"name":"Naebula Colors : Pastel Cap"}]},{"@type":"WebSite","@id":"https:\/\/naebulashop.com\/#website","url":"https:\/\/naebulashop.com\/","name":"Naebula","description":"","publisher":{"@id":"https:\/\/naebulashop.com\/#organization"},"potentialAction":[{"@type":"SearchAction","target":{"@type":"EntryPoint","urlTemplate":"https:\/\/naebulashop.com\/?s={search_term_string}"},"query-input":{"@type":"PropertyValueSpecification","valueRequired":true,"valueName":"search_term_string"}}],"inLanguage":"en-US"},{"@type":"Organization","@id":"https:\/\/naebulashop.com\/#organization","name":"Naebula","url":"https:\/\/naebulashop.com\/","logo":{"@type":"ImageObject","inLanguage":"en-US","@id":"https:\/\/naebulashop.com\/#\/schema\/logo\/image\/","url":"https:\/\/naebulashop.com\/wp-content\/uploads\/2024\/07\/naebula-1.png","contentUrl":"https:\/\/naebulashop.com\/wp-content\/uploads\/2024\/07\/naebula-1.png","width":1121,"height":379,"caption":"Naebula"},"image":{"@id":"https:\/\/naebulashop.com\/#\/schema\/logo\/image\/"},"sameAs":["https:\/\/www.instagram.com\/naebulaclothing\/"]}]}},"_links":{"self":[{"href":"https:\/\/naebulashop.com\/en\/wp-json\/wp\/v2\/product\/1762","targetHints":{"allow":["GET"]}}],"collection":[{"href":"https:\/\/naebulashop.com\/en\/wp-json\/wp\/v2\/product"}],"about":[{"href":"https:\/\/naebulashop.com\/en\/wp-json\/wp\/v2\/types\/product"}],"replies":[{"embeddable":true,"href":"https:\/\/naebulashop.com\/en\/wp-json\/wp\/v2\/comments?post=1762"}],"wp:featuredmedia":[{"embeddable":true,"href":"https:\/\/naebulashop.com\/en\/wp-json\/wp\/v2\/media\/1768"}],"wp:attachment":[{"href":"https:\/\/naebulashop.com\/en\/wp-json\/wp\/v2\/media?parent=1762"}],"wp:term":[{"taxonomy":"product_brand","embeddable":true,"href":"https:\/\/naebulashop.com\/en\/wp-json\/wp\/v2\/product_brand?post=1762"},{"taxonomy":"product_cat","embeddable":true,"href":"https:\/\/naebulashop.com\/en\/wp-json\/wp\/v2\/product_cat?post=1762"},{"taxonomy":"product_tag","embeddable":true,"href":"https:\/\/naebulashop.com\/en\/wp-json\/wp\/v2\/product_tag?post=1762"}],"curies":[{"name":"wp","href":"https:\/\/api.w.org\/{rel}","templated":true}]}}