{"id":418,"date":"2024-10-22T11:19:55","date_gmt":"2024-10-22T09:19:55","guid":{"rendered":"https:\/\/naebulashop.com\/produit\/casquette-logo-noire\/"},"modified":"2025-09-02T11:34:13","modified_gmt":"2025-09-02T09:34:13","slug":"casquette-logo-black","status":"publish","type":"product","link":"https:\/\/naebulashop.com\/en\/product\/casquette-logo-black\/","title":{"rendered":"Casquette \u201cLogo\u201d &#8211; Black"},"content":{"rendered":"<p>Add a modern and clean touch to your look with the \u201cLogo\u201d Cap \u2013 Black, an essential accessory from the Naebula collection. This cap combines minimalist design and impeccable functionality, ideal for complementing your casual outfits with a modern style.<\/p>\n<p>\u2022 100 % cotton twill chino<br \/>\n\u2022 Unstructured, 6-sided, low profile<br \/>\n\u2022 6 embroidered eyelets<br \/>\n\u2022 7.6 cm crown<br \/>\n\u2022 Adjustment tab with antique buckle<br \/>\n\u2022 Virgin product from Vietnam or Bangladesh<\/p>","protected":false},"excerpt":{"rendered":"<p>Ajoutez une touche moderne et \u00e9pur\u00e9e \u00e0 votre look avec la Casquette \u201cLogo\u201d \u2013 Black, un accessoire essentiel de la collection Naebula. Cette casquette associe un design minimaliste et une fonctionnalit\u00e9 impeccable, id\u00e9ale pour compl\u00e9ter vos tenues d\u00e9contract\u00e9es avec un style moderne. \u2022 100 % chino en serg\u00e9 de coton \u2022 Non structur\u00e9e, 6 pans, [&hellip;]<\/p>\n","protected":false},"featured_media":849,"comment_status":"open","ping_status":"closed","template":"","meta":[],"product_brand":[],"product_cat":[50,53],"product_tag":[],"class_list":{"0":"post-418","1":"product","2":"type-product","3":"status-publish","4":"has-post-thumbnail","6":"product_cat-accesoires","7":"product_cat-brode","9":"first","10":"instock","11":"taxable","12":"shipping-taxable","13":"purchasable","14":"product-type-simple"},"yoast_head":"<!-- This site is optimized with the Yoast SEO plugin v27.4 - https:\/\/yoast.com\/product\/yoast-seo-wordpress\/ -->\n<title>Casquette \u201cLogo\u201d - Black - Naebula<\/title>\n<meta name=\"robots\" content=\"index, follow, max-snippet:-1, max-image-preview:large, max-video-preview:-1\" \/>\n<link rel=\"canonical\" href=\"https:\/\/naebulashop.com\/en\/product\/casquette-logo-black\/\" \/>\n<meta property=\"og:locale\" content=\"en_US\" \/>\n<meta property=\"og:type\" content=\"article\" \/>\n<meta property=\"og:title\" content=\"Casquette \u201cLogo\u201d - Black - Naebula\" \/>\n<meta property=\"og:description\" content=\"Ajoutez une touche moderne et \u00e9pur\u00e9e \u00e0 votre look avec la Casquette \u201cLogo\u201d \u2013 Black, un accessoire essentiel de la collection Naebula. Cette casquette associe un design minimaliste et une fonctionnalit\u00e9 impeccable, id\u00e9ale pour compl\u00e9ter vos tenues d\u00e9contract\u00e9es avec un style moderne. \u2022 100 % chino en serg\u00e9 de coton \u2022 Non structur\u00e9e, 6 pans, [&hellip;]\" \/>\n<meta property=\"og:url\" content=\"https:\/\/naebulashop.com\/en\/product\/casquette-logo-black\/\" \/>\n<meta property=\"og:site_name\" content=\"Naebula\" \/>\n<meta property=\"article:modified_time\" content=\"2025-09-02T09:34:13+00:00\" \/>\n<meta property=\"og:image\" content=\"https:\/\/naebulashop.com\/wp-content\/uploads\/2024\/10\/classic-dad-hat-black-front-6723b933c9e81.jpg\" \/>\n\t<meta property=\"og:image:width\" content=\"2000\" \/>\n\t<meta property=\"og:image:height\" content=\"2000\" \/>\n\t<meta property=\"og:image:type\" content=\"image\/jpeg\" \/>\n<meta name=\"twitter:card\" content=\"summary_large_image\" \/>\n<script type=\"application\/ld+json\" class=\"yoast-schema-graph\">{\"@context\":\"https:\\\/\\\/schema.org\",\"@graph\":[{\"@type\":\"WebPage\",\"@id\":\"https:\\\/\\\/naebulashop.com\\\/produit\\\/casquette-logo-black\\\/\",\"url\":\"https:\\\/\\\/naebulashop.com\\\/produit\\\/casquette-logo-black\\\/\",\"name\":\"Casquette \u201cLogo\u201d - Black - Naebula\",\"isPartOf\":{\"@id\":\"https:\\\/\\\/naebulashop.com\\\/#website\"},\"primaryImageOfPage\":{\"@id\":\"https:\\\/\\\/naebulashop.com\\\/produit\\\/casquette-logo-black\\\/#primaryimage\"},\"image\":{\"@id\":\"https:\\\/\\\/naebulashop.com\\\/produit\\\/casquette-logo-black\\\/#primaryimage\"},\"thumbnailUrl\":\"https:\\\/\\\/naebulashop.com\\\/wp-content\\\/uploads\\\/2024\\\/10\\\/classic-dad-hat-black-front-6723b933c9e81.jpg\",\"datePublished\":\"2024-10-22T09:19:55+00:00\",\"dateModified\":\"2025-09-02T09:34:13+00:00\",\"breadcrumb\":{\"@id\":\"https:\\\/\\\/naebulashop.com\\\/produit\\\/casquette-logo-black\\\/#breadcrumb\"},\"inLanguage\":\"en-US\",\"potentialAction\":[{\"@type\":\"ReadAction\",\"target\":[\"https:\\\/\\\/naebulashop.com\\\/produit\\\/casquette-logo-black\\\/\"]}]},{\"@type\":\"ImageObject\",\"inLanguage\":\"en-US\",\"@id\":\"https:\\\/\\\/naebulashop.com\\\/produit\\\/casquette-logo-black\\\/#primaryimage\",\"url\":\"https:\\\/\\\/naebulashop.com\\\/wp-content\\\/uploads\\\/2024\\\/10\\\/classic-dad-hat-black-front-6723b933c9e81.jpg\",\"contentUrl\":\"https:\\\/\\\/naebulashop.com\\\/wp-content\\\/uploads\\\/2024\\\/10\\\/classic-dad-hat-black-front-6723b933c9e81.jpg\",\"width\":2000,\"height\":2000},{\"@type\":\"BreadcrumbList\",\"@id\":\"https:\\\/\\\/naebulashop.com\\\/produit\\\/casquette-logo-black\\\/#breadcrumb\",\"itemListElement\":[{\"@type\":\"ListItem\",\"position\":1,\"name\":\"Accueil\",\"item\":\"https:\\\/\\\/naebulashop.com\\\/\"},{\"@type\":\"ListItem\",\"position\":2,\"name\":\"Boutique\",\"item\":\"https:\\\/\\\/naebulashop.com\\\/boutique\\\/\"},{\"@type\":\"ListItem\",\"position\":3,\"name\":\"Casquette \u201cLogo\u201d &#8211; Black\"}]},{\"@type\":\"WebSite\",\"@id\":\"https:\\\/\\\/naebulashop.com\\\/#website\",\"url\":\"https:\\\/\\\/naebulashop.com\\\/\",\"name\":\"Naebula\",\"description\":\"\",\"publisher\":{\"@id\":\"https:\\\/\\\/naebulashop.com\\\/#organization\"},\"potentialAction\":[{\"@type\":\"SearchAction\",\"target\":{\"@type\":\"EntryPoint\",\"urlTemplate\":\"https:\\\/\\\/naebulashop.com\\\/?s={search_term_string}\"},\"query-input\":{\"@type\":\"PropertyValueSpecification\",\"valueRequired\":true,\"valueName\":\"search_term_string\"}}],\"inLanguage\":\"en-US\"},{\"@type\":\"Organization\",\"@id\":\"https:\\\/\\\/naebulashop.com\\\/#organization\",\"name\":\"Naebula\",\"url\":\"https:\\\/\\\/naebulashop.com\\\/\",\"logo\":{\"@type\":\"ImageObject\",\"inLanguage\":\"en-US\",\"@id\":\"https:\\\/\\\/naebulashop.com\\\/#\\\/schema\\\/logo\\\/image\\\/\",\"url\":\"https:\\\/\\\/naebulashop.com\\\/wp-content\\\/uploads\\\/2024\\\/07\\\/naebula-1.png\",\"contentUrl\":\"https:\\\/\\\/naebulashop.com\\\/wp-content\\\/uploads\\\/2024\\\/07\\\/naebula-1.png\",\"width\":1121,\"height\":379,\"caption\":\"Naebula\"},\"image\":{\"@id\":\"https:\\\/\\\/naebulashop.com\\\/#\\\/schema\\\/logo\\\/image\\\/\"},\"sameAs\":[\"https:\\\/\\\/www.instagram.com\\\/naebulaclothing\\\/\"]}]}<\/script>\n<!-- \/ Yoast SEO plugin. -->","yoast_head_json":{"title":"Casquette \u201cLogo\u201d - Black - Naebula","robots":{"index":"index","follow":"follow","max-snippet":"max-snippet:-1","max-image-preview":"max-image-preview:large","max-video-preview":"max-video-preview:-1"},"canonical":"https:\/\/naebulashop.com\/en\/product\/casquette-logo-black\/","og_locale":"en_US","og_type":"article","og_title":"Casquette \u201cLogo\u201d - Black - Naebula","og_description":"Ajoutez une touche moderne et \u00e9pur\u00e9e \u00e0 votre look avec la Casquette \u201cLogo\u201d \u2013 Black, un accessoire essentiel de la collection Naebula. Cette casquette associe un design minimaliste et une fonctionnalit\u00e9 impeccable, id\u00e9ale pour compl\u00e9ter vos tenues d\u00e9contract\u00e9es avec un style moderne. \u2022 100 % chino en serg\u00e9 de coton \u2022 Non structur\u00e9e, 6 pans, [&hellip;]","og_url":"https:\/\/naebulashop.com\/en\/product\/casquette-logo-black\/","og_site_name":"Naebula","article_modified_time":"2025-09-02T09:34:13+00:00","og_image":[{"width":2000,"height":2000,"url":"https:\/\/naebulashop.com\/wp-content\/uploads\/2024\/10\/classic-dad-hat-black-front-6723b933c9e81.jpg","type":"image\/jpeg"}],"twitter_card":"summary_large_image","schema":{"@context":"https:\/\/schema.org","@graph":[{"@type":"WebPage","@id":"https:\/\/naebulashop.com\/produit\/casquette-logo-black\/","url":"https:\/\/naebulashop.com\/produit\/casquette-logo-black\/","name":"Casquette \u201cLogo\u201d - Black - Naebula","isPartOf":{"@id":"https:\/\/naebulashop.com\/#website"},"primaryImageOfPage":{"@id":"https:\/\/naebulashop.com\/produit\/casquette-logo-black\/#primaryimage"},"image":{"@id":"https:\/\/naebulashop.com\/produit\/casquette-logo-black\/#primaryimage"},"thumbnailUrl":"https:\/\/naebulashop.com\/wp-content\/uploads\/2024\/10\/classic-dad-hat-black-front-6723b933c9e81.jpg","datePublished":"2024-10-22T09:19:55+00:00","dateModified":"2025-09-02T09:34:13+00:00","breadcrumb":{"@id":"https:\/\/naebulashop.com\/produit\/casquette-logo-black\/#breadcrumb"},"inLanguage":"en-US","potentialAction":[{"@type":"ReadAction","target":["https:\/\/naebulashop.com\/produit\/casquette-logo-black\/"]}]},{"@type":"ImageObject","inLanguage":"en-US","@id":"https:\/\/naebulashop.com\/produit\/casquette-logo-black\/#primaryimage","url":"https:\/\/naebulashop.com\/wp-content\/uploads\/2024\/10\/classic-dad-hat-black-front-6723b933c9e81.jpg","contentUrl":"https:\/\/naebulashop.com\/wp-content\/uploads\/2024\/10\/classic-dad-hat-black-front-6723b933c9e81.jpg","width":2000,"height":2000},{"@type":"BreadcrumbList","@id":"https:\/\/naebulashop.com\/produit\/casquette-logo-black\/#breadcrumb","itemListElement":[{"@type":"ListItem","position":1,"name":"Accueil","item":"https:\/\/naebulashop.com\/"},{"@type":"ListItem","position":2,"name":"Boutique","item":"https:\/\/naebulashop.com\/boutique\/"},{"@type":"ListItem","position":3,"name":"Casquette \u201cLogo\u201d &#8211; Black"}]},{"@type":"WebSite","@id":"https:\/\/naebulashop.com\/#website","url":"https:\/\/naebulashop.com\/","name":"Naebula","description":"","publisher":{"@id":"https:\/\/naebulashop.com\/#organization"},"potentialAction":[{"@type":"SearchAction","target":{"@type":"EntryPoint","urlTemplate":"https:\/\/naebulashop.com\/?s={search_term_string}"},"query-input":{"@type":"PropertyValueSpecification","valueRequired":true,"valueName":"search_term_string"}}],"inLanguage":"en-US"},{"@type":"Organization","@id":"https:\/\/naebulashop.com\/#organization","name":"Naebula","url":"https:\/\/naebulashop.com\/","logo":{"@type":"ImageObject","inLanguage":"en-US","@id":"https:\/\/naebulashop.com\/#\/schema\/logo\/image\/","url":"https:\/\/naebulashop.com\/wp-content\/uploads\/2024\/07\/naebula-1.png","contentUrl":"https:\/\/naebulashop.com\/wp-content\/uploads\/2024\/07\/naebula-1.png","width":1121,"height":379,"caption":"Naebula"},"image":{"@id":"https:\/\/naebulashop.com\/#\/schema\/logo\/image\/"},"sameAs":["https:\/\/www.instagram.com\/naebulaclothing\/"]}]}},"_links":{"self":[{"href":"https:\/\/naebulashop.com\/en\/wp-json\/wp\/v2\/product\/418","targetHints":{"allow":["GET"]}}],"collection":[{"href":"https:\/\/naebulashop.com\/en\/wp-json\/wp\/v2\/product"}],"about":[{"href":"https:\/\/naebulashop.com\/en\/wp-json\/wp\/v2\/types\/product"}],"replies":[{"embeddable":true,"href":"https:\/\/naebulashop.com\/en\/wp-json\/wp\/v2\/comments?post=418"}],"wp:featuredmedia":[{"embeddable":true,"href":"https:\/\/naebulashop.com\/en\/wp-json\/wp\/v2\/media\/849"}],"wp:attachment":[{"href":"https:\/\/naebulashop.com\/en\/wp-json\/wp\/v2\/media?parent=418"}],"wp:term":[{"taxonomy":"product_brand","embeddable":true,"href":"https:\/\/naebulashop.com\/en\/wp-json\/wp\/v2\/product_brand?post=418"},{"taxonomy":"product_cat","embeddable":true,"href":"https:\/\/naebulashop.com\/en\/wp-json\/wp\/v2\/product_cat?post=418"},{"taxonomy":"product_tag","embeddable":true,"href":"https:\/\/naebulashop.com\/en\/wp-json\/wp\/v2\/product_tag?post=418"}],"curies":[{"name":"wp","href":"https:\/\/api.w.org\/{rel}","templated":true}]}}