{"id":569,"date":"2024-10-29T16:32:20","date_gmt":"2024-10-29T15:32:20","guid":{"rendered":"https:\/\/naebulashop.com\/produit\/t-shirt-mars-black\/"},"modified":"2025-09-02T11:42:12","modified_gmt":"2025-09-02T09:42:12","slug":"t-shirt-mars-black","status":"publish","type":"product","link":"https:\/\/naebulashop.com\/en\/product\/t-shirt-mars-black\/","title":{"rendered":"\u201cMars\u201d T-shirt \u2013 Black"},"content":{"rendered":"<p>Explore the raw energy and power of Mars with the \u201cMars\u201d T-Shirt \u2013 Black, a bold piece from the Solar System collection. This hoodie celebrates the red planet with a captivating design and a construction designed to combine comfort and style.<\/p>\n<p>\u2022 100 % combed and ring-spun cotton (heather colors contain polyester)<br \/>\n\u2022 Fabric weight: 142 g\/m\u00b2 (4.2 oz\/yd\u00b2)<br \/>\n\u2022 Preshrunk fabric<br \/>\n\u2022 Side seam<br \/>\n\u2022 Shoulder to shoulder tape<br \/>\n\u2022 Virgin product from Nicaragua, Mexico, Honduras or the United States<\/p>","protected":false},"excerpt":{"rendered":"<p>Explorez l&rsquo;\u00e9nergie brute et la puissance martienne avec le T-shirt \u201cMars\u201d \u2013 Black, une pi\u00e8ce audacieuse de la collection Solar System. Ce hoodie c\u00e9l\u00e8bre la plan\u00e8te rouge avec un design fascinant et une conception pens\u00e9e pour allier confort et style. \u2022 100\u00a0%\u00a0coton peign\u00e9 et fil\u00e9 \u00e0 l&rsquo;anneau (les couleurs chin\u00e9es contiennent du polyester) \u2022 Poids [&hellip;]<\/p>\n","protected":false},"featured_media":579,"comment_status":"open","ping_status":"closed","template":"","meta":[],"product_brand":[],"product_cat":[51,48],"product_tag":[],"class_list":{"0":"post-569","1":"product","2":"type-product","3":"status-publish","4":"has-post-thumbnail","6":"product_cat-solarsystem","7":"product_cat-tshirts","9":"first","10":"instock","11":"taxable","12":"shipping-taxable","13":"purchasable","14":"product-type-variable"},"yoast_head":"<!-- This site is optimized with the Yoast SEO plugin v27.4 - https:\/\/yoast.com\/product\/yoast-seo-wordpress\/ -->\n<title>T-shirt \u201cMars\u201d \u2013 Black - Naebula<\/title>\n<meta name=\"robots\" content=\"index, follow, max-snippet:-1, max-image-preview:large, max-video-preview:-1\" \/>\n<link rel=\"canonical\" href=\"https:\/\/naebulashop.com\/en\/product\/t-shirt-mars-black\/\" \/>\n<meta property=\"og:locale\" content=\"en_US\" \/>\n<meta property=\"og:type\" content=\"article\" \/>\n<meta property=\"og:title\" content=\"T-shirt \u201cMars\u201d \u2013 Black - Naebula\" \/>\n<meta property=\"og:description\" content=\"Explorez l&rsquo;\u00e9nergie brute et la puissance martienne avec le T-shirt \u201cMars\u201d \u2013 Black, une pi\u00e8ce audacieuse de la collection Solar System. Ce hoodie c\u00e9l\u00e8bre la plan\u00e8te rouge avec un design fascinant et une conception pens\u00e9e pour allier confort et style. \u2022 100\u00a0%\u00a0coton peign\u00e9 et fil\u00e9 \u00e0 l&rsquo;anneau (les couleurs chin\u00e9es contiennent du polyester) \u2022 Poids [&hellip;]\" \/>\n<meta property=\"og:url\" content=\"https:\/\/naebulashop.com\/en\/product\/t-shirt-mars-black\/\" \/>\n<meta property=\"og:site_name\" content=\"Naebula\" \/>\n<meta property=\"article:modified_time\" content=\"2025-09-02T09:42:12+00:00\" \/>\n<meta property=\"og:image\" content=\"https:\/\/naebulashop.com\/wp-content\/uploads\/2024\/10\/unisex-staple-t-shirt-black-front-6720ffee7a07f.jpg\" \/>\n\t<meta property=\"og:image:width\" content=\"2000\" \/>\n\t<meta property=\"og:image:height\" content=\"2000\" \/>\n\t<meta property=\"og:image:type\" content=\"image\/jpeg\" \/>\n<meta name=\"twitter:card\" content=\"summary_large_image\" \/>\n<script type=\"application\/ld+json\" class=\"yoast-schema-graph\">{\"@context\":\"https:\\\/\\\/schema.org\",\"@graph\":[{\"@type\":\"WebPage\",\"@id\":\"https:\\\/\\\/naebulashop.com\\\/produit\\\/t-shirt-mars-black\\\/\",\"url\":\"https:\\\/\\\/naebulashop.com\\\/produit\\\/t-shirt-mars-black\\\/\",\"name\":\"T-shirt \u201cMars\u201d \u2013 Black - Naebula\",\"isPartOf\":{\"@id\":\"https:\\\/\\\/naebulashop.com\\\/#website\"},\"primaryImageOfPage\":{\"@id\":\"https:\\\/\\\/naebulashop.com\\\/produit\\\/t-shirt-mars-black\\\/#primaryimage\"},\"image\":{\"@id\":\"https:\\\/\\\/naebulashop.com\\\/produit\\\/t-shirt-mars-black\\\/#primaryimage\"},\"thumbnailUrl\":\"https:\\\/\\\/naebulashop.com\\\/wp-content\\\/uploads\\\/2024\\\/10\\\/unisex-staple-t-shirt-black-front-6720ffee7a07f.jpg\",\"datePublished\":\"2024-10-29T15:32:20+00:00\",\"dateModified\":\"2025-09-02T09:42:12+00:00\",\"breadcrumb\":{\"@id\":\"https:\\\/\\\/naebulashop.com\\\/produit\\\/t-shirt-mars-black\\\/#breadcrumb\"},\"inLanguage\":\"en-US\",\"potentialAction\":[{\"@type\":\"ReadAction\",\"target\":[\"https:\\\/\\\/naebulashop.com\\\/produit\\\/t-shirt-mars-black\\\/\"]}]},{\"@type\":\"ImageObject\",\"inLanguage\":\"en-US\",\"@id\":\"https:\\\/\\\/naebulashop.com\\\/produit\\\/t-shirt-mars-black\\\/#primaryimage\",\"url\":\"https:\\\/\\\/naebulashop.com\\\/wp-content\\\/uploads\\\/2024\\\/10\\\/unisex-staple-t-shirt-black-front-6720ffee7a07f.jpg\",\"contentUrl\":\"https:\\\/\\\/naebulashop.com\\\/wp-content\\\/uploads\\\/2024\\\/10\\\/unisex-staple-t-shirt-black-front-6720ffee7a07f.jpg\",\"width\":2000,\"height\":2000},{\"@type\":\"BreadcrumbList\",\"@id\":\"https:\\\/\\\/naebulashop.com\\\/produit\\\/t-shirt-mars-black\\\/#breadcrumb\",\"itemListElement\":[{\"@type\":\"ListItem\",\"position\":1,\"name\":\"Accueil\",\"item\":\"https:\\\/\\\/naebulashop.com\\\/\"},{\"@type\":\"ListItem\",\"position\":2,\"name\":\"Boutique\",\"item\":\"https:\\\/\\\/naebulashop.com\\\/boutique\\\/\"},{\"@type\":\"ListItem\",\"position\":3,\"name\":\"T-shirt \u201cMars\u201d \u2013 Black\"}]},{\"@type\":\"WebSite\",\"@id\":\"https:\\\/\\\/naebulashop.com\\\/#website\",\"url\":\"https:\\\/\\\/naebulashop.com\\\/\",\"name\":\"Naebula\",\"description\":\"\",\"publisher\":{\"@id\":\"https:\\\/\\\/naebulashop.com\\\/#organization\"},\"potentialAction\":[{\"@type\":\"SearchAction\",\"target\":{\"@type\":\"EntryPoint\",\"urlTemplate\":\"https:\\\/\\\/naebulashop.com\\\/?s={search_term_string}\"},\"query-input\":{\"@type\":\"PropertyValueSpecification\",\"valueRequired\":true,\"valueName\":\"search_term_string\"}}],\"inLanguage\":\"en-US\"},{\"@type\":\"Organization\",\"@id\":\"https:\\\/\\\/naebulashop.com\\\/#organization\",\"name\":\"Naebula\",\"url\":\"https:\\\/\\\/naebulashop.com\\\/\",\"logo\":{\"@type\":\"ImageObject\",\"inLanguage\":\"en-US\",\"@id\":\"https:\\\/\\\/naebulashop.com\\\/#\\\/schema\\\/logo\\\/image\\\/\",\"url\":\"https:\\\/\\\/naebulashop.com\\\/wp-content\\\/uploads\\\/2024\\\/07\\\/naebula-1.png\",\"contentUrl\":\"https:\\\/\\\/naebulashop.com\\\/wp-content\\\/uploads\\\/2024\\\/07\\\/naebula-1.png\",\"width\":1121,\"height\":379,\"caption\":\"Naebula\"},\"image\":{\"@id\":\"https:\\\/\\\/naebulashop.com\\\/#\\\/schema\\\/logo\\\/image\\\/\"},\"sameAs\":[\"https:\\\/\\\/www.instagram.com\\\/naebulaclothing\\\/\"]}]}<\/script>\n<!-- \/ Yoast SEO plugin. -->","yoast_head_json":{"title":"T-shirt \u201cMars\u201d \u2013 Black - Naebula","robots":{"index":"index","follow":"follow","max-snippet":"max-snippet:-1","max-image-preview":"max-image-preview:large","max-video-preview":"max-video-preview:-1"},"canonical":"https:\/\/naebulashop.com\/en\/product\/t-shirt-mars-black\/","og_locale":"en_US","og_type":"article","og_title":"T-shirt \u201cMars\u201d \u2013 Black - Naebula","og_description":"Explorez l&rsquo;\u00e9nergie brute et la puissance martienne avec le T-shirt \u201cMars\u201d \u2013 Black, une pi\u00e8ce audacieuse de la collection Solar System. Ce hoodie c\u00e9l\u00e8bre la plan\u00e8te rouge avec un design fascinant et une conception pens\u00e9e pour allier confort et style. \u2022 100\u00a0%\u00a0coton peign\u00e9 et fil\u00e9 \u00e0 l&rsquo;anneau (les couleurs chin\u00e9es contiennent du polyester) \u2022 Poids [&hellip;]","og_url":"https:\/\/naebulashop.com\/en\/product\/t-shirt-mars-black\/","og_site_name":"Naebula","article_modified_time":"2025-09-02T09:42:12+00:00","og_image":[{"width":2000,"height":2000,"url":"https:\/\/naebulashop.com\/wp-content\/uploads\/2024\/10\/unisex-staple-t-shirt-black-front-6720ffee7a07f.jpg","type":"image\/jpeg"}],"twitter_card":"summary_large_image","schema":{"@context":"https:\/\/schema.org","@graph":[{"@type":"WebPage","@id":"https:\/\/naebulashop.com\/produit\/t-shirt-mars-black\/","url":"https:\/\/naebulashop.com\/produit\/t-shirt-mars-black\/","name":"T-shirt \u201cMars\u201d \u2013 Black - Naebula","isPartOf":{"@id":"https:\/\/naebulashop.com\/#website"},"primaryImageOfPage":{"@id":"https:\/\/naebulashop.com\/produit\/t-shirt-mars-black\/#primaryimage"},"image":{"@id":"https:\/\/naebulashop.com\/produit\/t-shirt-mars-black\/#primaryimage"},"thumbnailUrl":"https:\/\/naebulashop.com\/wp-content\/uploads\/2024\/10\/unisex-staple-t-shirt-black-front-6720ffee7a07f.jpg","datePublished":"2024-10-29T15:32:20+00:00","dateModified":"2025-09-02T09:42:12+00:00","breadcrumb":{"@id":"https:\/\/naebulashop.com\/produit\/t-shirt-mars-black\/#breadcrumb"},"inLanguage":"en-US","potentialAction":[{"@type":"ReadAction","target":["https:\/\/naebulashop.com\/produit\/t-shirt-mars-black\/"]}]},{"@type":"ImageObject","inLanguage":"en-US","@id":"https:\/\/naebulashop.com\/produit\/t-shirt-mars-black\/#primaryimage","url":"https:\/\/naebulashop.com\/wp-content\/uploads\/2024\/10\/unisex-staple-t-shirt-black-front-6720ffee7a07f.jpg","contentUrl":"https:\/\/naebulashop.com\/wp-content\/uploads\/2024\/10\/unisex-staple-t-shirt-black-front-6720ffee7a07f.jpg","width":2000,"height":2000},{"@type":"BreadcrumbList","@id":"https:\/\/naebulashop.com\/produit\/t-shirt-mars-black\/#breadcrumb","itemListElement":[{"@type":"ListItem","position":1,"name":"Accueil","item":"https:\/\/naebulashop.com\/"},{"@type":"ListItem","position":2,"name":"Boutique","item":"https:\/\/naebulashop.com\/boutique\/"},{"@type":"ListItem","position":3,"name":"T-shirt \u201cMars\u201d \u2013 Black"}]},{"@type":"WebSite","@id":"https:\/\/naebulashop.com\/#website","url":"https:\/\/naebulashop.com\/","name":"Naebula","description":"","publisher":{"@id":"https:\/\/naebulashop.com\/#organization"},"potentialAction":[{"@type":"SearchAction","target":{"@type":"EntryPoint","urlTemplate":"https:\/\/naebulashop.com\/?s={search_term_string}"},"query-input":{"@type":"PropertyValueSpecification","valueRequired":true,"valueName":"search_term_string"}}],"inLanguage":"en-US"},{"@type":"Organization","@id":"https:\/\/naebulashop.com\/#organization","name":"Naebula","url":"https:\/\/naebulashop.com\/","logo":{"@type":"ImageObject","inLanguage":"en-US","@id":"https:\/\/naebulashop.com\/#\/schema\/logo\/image\/","url":"https:\/\/naebulashop.com\/wp-content\/uploads\/2024\/07\/naebula-1.png","contentUrl":"https:\/\/naebulashop.com\/wp-content\/uploads\/2024\/07\/naebula-1.png","width":1121,"height":379,"caption":"Naebula"},"image":{"@id":"https:\/\/naebulashop.com\/#\/schema\/logo\/image\/"},"sameAs":["https:\/\/www.instagram.com\/naebulaclothing\/"]}]}},"_links":{"self":[{"href":"https:\/\/naebulashop.com\/en\/wp-json\/wp\/v2\/product\/569","targetHints":{"allow":["GET"]}}],"collection":[{"href":"https:\/\/naebulashop.com\/en\/wp-json\/wp\/v2\/product"}],"about":[{"href":"https:\/\/naebulashop.com\/en\/wp-json\/wp\/v2\/types\/product"}],"replies":[{"embeddable":true,"href":"https:\/\/naebulashop.com\/en\/wp-json\/wp\/v2\/comments?post=569"}],"wp:featuredmedia":[{"embeddable":true,"href":"https:\/\/naebulashop.com\/en\/wp-json\/wp\/v2\/media\/579"}],"wp:attachment":[{"href":"https:\/\/naebulashop.com\/en\/wp-json\/wp\/v2\/media?parent=569"}],"wp:term":[{"taxonomy":"product_brand","embeddable":true,"href":"https:\/\/naebulashop.com\/en\/wp-json\/wp\/v2\/product_brand?post=569"},{"taxonomy":"product_cat","embeddable":true,"href":"https:\/\/naebulashop.com\/en\/wp-json\/wp\/v2\/product_cat?post=569"},{"taxonomy":"product_tag","embeddable":true,"href":"https:\/\/naebulashop.com\/en\/wp-json\/wp\/v2\/product_tag?post=569"}],"curies":[{"name":"wp","href":"https:\/\/api.w.org\/{rel}","templated":true}]}}