{"id":606,"date":"2024-10-30T09:59:44","date_gmt":"2024-10-30T08:59:44","guid":{"rendered":"https:\/\/naebulashop.com\/produit\/jogger-monogram-black\/"},"modified":"2025-09-02T11:44:05","modified_gmt":"2025-09-02T09:44:05","slug":"jogger-monogram-black","status":"publish","type":"product","link":"https:\/\/naebulashop.com\/en\/product\/jogger-monogram-black\/","title":{"rendered":"\u201cMonogram\u201d Jogger \u2013 Black"},"content":{"rendered":"<p>The Jogger \u201cMonogram\u201d \u2013 Black is a must-have piece from Naebula\u2019s permanent collection, designed to combine comfort, functionality and minimalist style. With its clean design and subtle details, it perfectly embodies the brand\u2019s timeless spirit.<\/p>\n<p>\u2022 95 % recycled polyester, 5 % spandex<br \/>\n\u2022 Flared legs<br \/>\n\u2022 Comfortable fit<br \/>\n\u2022 Side pockets<br \/>\n\u2022 Elastic waistband with drawstring<br \/>\n\u2022 Detachable care label<\/p>","protected":false},"excerpt":{"rendered":"<p>Le Jogger \u201cMonogram\u201d \u2013 Black est une pi\u00e8ce incontournable de la collection permanente de Naebula, con\u00e7ue pour allier confort, fonctionnalit\u00e9 et style minimaliste. Avec son design \u00e9pur\u00e9 et ses d\u00e9tails subtils, il incarne parfaitement l&rsquo;esprit intemporel de la marque. \u2022 95\u00a0% polyester recycl\u00e9, 5\u00a0% spandex \u2022 Jambes \u00e9vas\u00e9es \u2022 Coupe confortable \u2022 Poches lat\u00e9rales \u2022 [&hellip;]<\/p>\n","protected":false},"featured_media":620,"comment_status":"open","ping_status":"closed","template":"","meta":[],"product_brand":[],"product_cat":[49,52],"product_tag":[],"class_list":{"0":"post-606","1":"product","2":"type-product","3":"status-publish","4":"has-post-thumbnail","6":"product_cat-joggers","7":"product_cat-monogram","9":"first","10":"instock","11":"taxable","12":"shipping-taxable","13":"purchasable","14":"product-type-variable"},"yoast_head":"<!-- This site is optimized with the Yoast SEO plugin v27.4 - https:\/\/yoast.com\/product\/yoast-seo-wordpress\/ -->\n<title>Jogger \u201cMonogram\u201d \u2013 Black - Naebula<\/title>\n<meta name=\"robots\" content=\"index, follow, max-snippet:-1, max-image-preview:large, max-video-preview:-1\" \/>\n<link rel=\"canonical\" href=\"https:\/\/naebulashop.com\/en\/product\/jogger-monogram-black\/\" \/>\n<meta property=\"og:locale\" content=\"en_US\" \/>\n<meta property=\"og:type\" content=\"article\" \/>\n<meta property=\"og:title\" content=\"Jogger \u201cMonogram\u201d \u2013 Black - Naebula\" \/>\n<meta property=\"og:description\" content=\"Le Jogger \u201cMonogram\u201d \u2013 Black est une pi\u00e8ce incontournable de la collection permanente de Naebula, con\u00e7ue pour allier confort, fonctionnalit\u00e9 et style minimaliste. Avec son design \u00e9pur\u00e9 et ses d\u00e9tails subtils, il incarne parfaitement l&rsquo;esprit intemporel de la marque. \u2022 95\u00a0% polyester recycl\u00e9, 5\u00a0% spandex \u2022 Jambes \u00e9vas\u00e9es \u2022 Coupe confortable \u2022 Poches lat\u00e9rales \u2022 [&hellip;]\" \/>\n<meta property=\"og:url\" content=\"https:\/\/naebulashop.com\/en\/product\/jogger-monogram-black\/\" \/>\n<meta property=\"og:site_name\" content=\"Naebula\" \/>\n<meta property=\"article:modified_time\" content=\"2025-09-02T09:44:05+00:00\" \/>\n<meta property=\"og:image\" content=\"https:\/\/naebulashop.com\/wp-content\/uploads\/2024\/10\/all-over-print-unisex-wide-leg-joggers-white-right-front-6721f56ddcae3.jpg\" \/>\n\t<meta property=\"og:image:width\" content=\"2000\" \/>\n\t<meta property=\"og:image:height\" content=\"2000\" \/>\n\t<meta property=\"og:image:type\" content=\"image\/jpeg\" \/>\n<meta name=\"twitter:card\" content=\"summary_large_image\" \/>\n<meta name=\"twitter:label1\" content=\"Est. reading time\" \/>\n\t<meta name=\"twitter:data1\" content=\"1 minute\" \/>\n<script type=\"application\/ld+json\" class=\"yoast-schema-graph\">{\"@context\":\"https:\\\/\\\/schema.org\",\"@graph\":[{\"@type\":\"WebPage\",\"@id\":\"https:\\\/\\\/naebulashop.com\\\/produit\\\/jogger-monogram-black\\\/\",\"url\":\"https:\\\/\\\/naebulashop.com\\\/produit\\\/jogger-monogram-black\\\/\",\"name\":\"Jogger \u201cMonogram\u201d \u2013 Black - Naebula\",\"isPartOf\":{\"@id\":\"https:\\\/\\\/naebulashop.com\\\/#website\"},\"primaryImageOfPage\":{\"@id\":\"https:\\\/\\\/naebulashop.com\\\/produit\\\/jogger-monogram-black\\\/#primaryimage\"},\"image\":{\"@id\":\"https:\\\/\\\/naebulashop.com\\\/produit\\\/jogger-monogram-black\\\/#primaryimage\"},\"thumbnailUrl\":\"https:\\\/\\\/naebulashop.com\\\/wp-content\\\/uploads\\\/2024\\\/10\\\/all-over-print-unisex-wide-leg-joggers-white-right-front-6721f56ddcae3.jpg\",\"datePublished\":\"2024-10-30T08:59:44+00:00\",\"dateModified\":\"2025-09-02T09:44:05+00:00\",\"breadcrumb\":{\"@id\":\"https:\\\/\\\/naebulashop.com\\\/produit\\\/jogger-monogram-black\\\/#breadcrumb\"},\"inLanguage\":\"en-US\",\"potentialAction\":[{\"@type\":\"ReadAction\",\"target\":[\"https:\\\/\\\/naebulashop.com\\\/produit\\\/jogger-monogram-black\\\/\"]}]},{\"@type\":\"ImageObject\",\"inLanguage\":\"en-US\",\"@id\":\"https:\\\/\\\/naebulashop.com\\\/produit\\\/jogger-monogram-black\\\/#primaryimage\",\"url\":\"https:\\\/\\\/naebulashop.com\\\/wp-content\\\/uploads\\\/2024\\\/10\\\/all-over-print-unisex-wide-leg-joggers-white-right-front-6721f56ddcae3.jpg\",\"contentUrl\":\"https:\\\/\\\/naebulashop.com\\\/wp-content\\\/uploads\\\/2024\\\/10\\\/all-over-print-unisex-wide-leg-joggers-white-right-front-6721f56ddcae3.jpg\",\"width\":2000,\"height\":2000},{\"@type\":\"BreadcrumbList\",\"@id\":\"https:\\\/\\\/naebulashop.com\\\/produit\\\/jogger-monogram-black\\\/#breadcrumb\",\"itemListElement\":[{\"@type\":\"ListItem\",\"position\":1,\"name\":\"Accueil\",\"item\":\"https:\\\/\\\/naebulashop.com\\\/\"},{\"@type\":\"ListItem\",\"position\":2,\"name\":\"Boutique\",\"item\":\"https:\\\/\\\/naebulashop.com\\\/boutique\\\/\"},{\"@type\":\"ListItem\",\"position\":3,\"name\":\"Jogger \u201cMonogram\u201d \u2013 Black\"}]},{\"@type\":\"WebSite\",\"@id\":\"https:\\\/\\\/naebulashop.com\\\/#website\",\"url\":\"https:\\\/\\\/naebulashop.com\\\/\",\"name\":\"Naebula\",\"description\":\"\",\"publisher\":{\"@id\":\"https:\\\/\\\/naebulashop.com\\\/#organization\"},\"potentialAction\":[{\"@type\":\"SearchAction\",\"target\":{\"@type\":\"EntryPoint\",\"urlTemplate\":\"https:\\\/\\\/naebulashop.com\\\/?s={search_term_string}\"},\"query-input\":{\"@type\":\"PropertyValueSpecification\",\"valueRequired\":true,\"valueName\":\"search_term_string\"}}],\"inLanguage\":\"en-US\"},{\"@type\":\"Organization\",\"@id\":\"https:\\\/\\\/naebulashop.com\\\/#organization\",\"name\":\"Naebula\",\"url\":\"https:\\\/\\\/naebulashop.com\\\/\",\"logo\":{\"@type\":\"ImageObject\",\"inLanguage\":\"en-US\",\"@id\":\"https:\\\/\\\/naebulashop.com\\\/#\\\/schema\\\/logo\\\/image\\\/\",\"url\":\"https:\\\/\\\/naebulashop.com\\\/wp-content\\\/uploads\\\/2024\\\/07\\\/naebula-1.png\",\"contentUrl\":\"https:\\\/\\\/naebulashop.com\\\/wp-content\\\/uploads\\\/2024\\\/07\\\/naebula-1.png\",\"width\":1121,\"height\":379,\"caption\":\"Naebula\"},\"image\":{\"@id\":\"https:\\\/\\\/naebulashop.com\\\/#\\\/schema\\\/logo\\\/image\\\/\"},\"sameAs\":[\"https:\\\/\\\/www.instagram.com\\\/naebulaclothing\\\/\"]}]}<\/script>\n<!-- \/ Yoast SEO plugin. -->","yoast_head_json":{"title":"Jogger \u201cMonogram\u201d \u2013 Black - Naebula","robots":{"index":"index","follow":"follow","max-snippet":"max-snippet:-1","max-image-preview":"max-image-preview:large","max-video-preview":"max-video-preview:-1"},"canonical":"https:\/\/naebulashop.com\/en\/product\/jogger-monogram-black\/","og_locale":"en_US","og_type":"article","og_title":"Jogger \u201cMonogram\u201d \u2013 Black - Naebula","og_description":"Le Jogger \u201cMonogram\u201d \u2013 Black est une pi\u00e8ce incontournable de la collection permanente de Naebula, con\u00e7ue pour allier confort, fonctionnalit\u00e9 et style minimaliste. Avec son design \u00e9pur\u00e9 et ses d\u00e9tails subtils, il incarne parfaitement l&rsquo;esprit intemporel de la marque. \u2022 95\u00a0% polyester recycl\u00e9, 5\u00a0% spandex \u2022 Jambes \u00e9vas\u00e9es \u2022 Coupe confortable \u2022 Poches lat\u00e9rales \u2022 [&hellip;]","og_url":"https:\/\/naebulashop.com\/en\/product\/jogger-monogram-black\/","og_site_name":"Naebula","article_modified_time":"2025-09-02T09:44:05+00:00","og_image":[{"width":2000,"height":2000,"url":"https:\/\/naebulashop.com\/wp-content\/uploads\/2024\/10\/all-over-print-unisex-wide-leg-joggers-white-right-front-6721f56ddcae3.jpg","type":"image\/jpeg"}],"twitter_card":"summary_large_image","twitter_misc":{"Est. reading time":"1 minute"},"schema":{"@context":"https:\/\/schema.org","@graph":[{"@type":"WebPage","@id":"https:\/\/naebulashop.com\/produit\/jogger-monogram-black\/","url":"https:\/\/naebulashop.com\/produit\/jogger-monogram-black\/","name":"Jogger \u201cMonogram\u201d \u2013 Black - Naebula","isPartOf":{"@id":"https:\/\/naebulashop.com\/#website"},"primaryImageOfPage":{"@id":"https:\/\/naebulashop.com\/produit\/jogger-monogram-black\/#primaryimage"},"image":{"@id":"https:\/\/naebulashop.com\/produit\/jogger-monogram-black\/#primaryimage"},"thumbnailUrl":"https:\/\/naebulashop.com\/wp-content\/uploads\/2024\/10\/all-over-print-unisex-wide-leg-joggers-white-right-front-6721f56ddcae3.jpg","datePublished":"2024-10-30T08:59:44+00:00","dateModified":"2025-09-02T09:44:05+00:00","breadcrumb":{"@id":"https:\/\/naebulashop.com\/produit\/jogger-monogram-black\/#breadcrumb"},"inLanguage":"en-US","potentialAction":[{"@type":"ReadAction","target":["https:\/\/naebulashop.com\/produit\/jogger-monogram-black\/"]}]},{"@type":"ImageObject","inLanguage":"en-US","@id":"https:\/\/naebulashop.com\/produit\/jogger-monogram-black\/#primaryimage","url":"https:\/\/naebulashop.com\/wp-content\/uploads\/2024\/10\/all-over-print-unisex-wide-leg-joggers-white-right-front-6721f56ddcae3.jpg","contentUrl":"https:\/\/naebulashop.com\/wp-content\/uploads\/2024\/10\/all-over-print-unisex-wide-leg-joggers-white-right-front-6721f56ddcae3.jpg","width":2000,"height":2000},{"@type":"BreadcrumbList","@id":"https:\/\/naebulashop.com\/produit\/jogger-monogram-black\/#breadcrumb","itemListElement":[{"@type":"ListItem","position":1,"name":"Accueil","item":"https:\/\/naebulashop.com\/"},{"@type":"ListItem","position":2,"name":"Boutique","item":"https:\/\/naebulashop.com\/boutique\/"},{"@type":"ListItem","position":3,"name":"Jogger \u201cMonogram\u201d \u2013 Black"}]},{"@type":"WebSite","@id":"https:\/\/naebulashop.com\/#website","url":"https:\/\/naebulashop.com\/","name":"Naebula","description":"","publisher":{"@id":"https:\/\/naebulashop.com\/#organization"},"potentialAction":[{"@type":"SearchAction","target":{"@type":"EntryPoint","urlTemplate":"https:\/\/naebulashop.com\/?s={search_term_string}"},"query-input":{"@type":"PropertyValueSpecification","valueRequired":true,"valueName":"search_term_string"}}],"inLanguage":"en-US"},{"@type":"Organization","@id":"https:\/\/naebulashop.com\/#organization","name":"Naebula","url":"https:\/\/naebulashop.com\/","logo":{"@type":"ImageObject","inLanguage":"en-US","@id":"https:\/\/naebulashop.com\/#\/schema\/logo\/image\/","url":"https:\/\/naebulashop.com\/wp-content\/uploads\/2024\/07\/naebula-1.png","contentUrl":"https:\/\/naebulashop.com\/wp-content\/uploads\/2024\/07\/naebula-1.png","width":1121,"height":379,"caption":"Naebula"},"image":{"@id":"https:\/\/naebulashop.com\/#\/schema\/logo\/image\/"},"sameAs":["https:\/\/www.instagram.com\/naebulaclothing\/"]}]}},"_links":{"self":[{"href":"https:\/\/naebulashop.com\/en\/wp-json\/wp\/v2\/product\/606","targetHints":{"allow":["GET"]}}],"collection":[{"href":"https:\/\/naebulashop.com\/en\/wp-json\/wp\/v2\/product"}],"about":[{"href":"https:\/\/naebulashop.com\/en\/wp-json\/wp\/v2\/types\/product"}],"replies":[{"embeddable":true,"href":"https:\/\/naebulashop.com\/en\/wp-json\/wp\/v2\/comments?post=606"}],"wp:featuredmedia":[{"embeddable":true,"href":"https:\/\/naebulashop.com\/en\/wp-json\/wp\/v2\/media\/620"}],"wp:attachment":[{"href":"https:\/\/naebulashop.com\/en\/wp-json\/wp\/v2\/media?parent=606"}],"wp:term":[{"taxonomy":"product_brand","embeddable":true,"href":"https:\/\/naebulashop.com\/en\/wp-json\/wp\/v2\/product_brand?post=606"},{"taxonomy":"product_cat","embeddable":true,"href":"https:\/\/naebulashop.com\/en\/wp-json\/wp\/v2\/product_cat?post=606"},{"taxonomy":"product_tag","embeddable":true,"href":"https:\/\/naebulashop.com\/en\/wp-json\/wp\/v2\/product_tag?post=606"}],"curies":[{"name":"wp","href":"https:\/\/api.w.org\/{rel}","templated":true}]}}