{"id":634,"date":"2024-10-30T10:53:59","date_gmt":"2024-10-30T09:53:59","guid":{"rendered":"https:\/\/naebulashop.com\/produit\/sacoche-monogram-white\/"},"modified":"2024-11-30T18:11:33","modified_gmt":"2024-11-30T17:11:33","slug":"sacoche-monogram-white","status":"publish","type":"product","link":"https:\/\/naebulashop.com\/en\/product\/sacoche-monogram-white\/","title":{"rendered":"\u201cMonogram\u201d bag \u2013 White"},"content":{"rendered":"<p>Assert your style with the \u201cMonogram\u201d Satchel \u2013 White, a sophisticated and functional piece that is part of Naebula\u2019s permanent collection. Combining timeless design and practicality, this satchel is perfect for accompanying your daily travels with elegance.<\/p>\n<p>\u2022 100 % polyester<br \/>\n\u2022 Fabric weight: 305 g\/m\u00b2 (9 oz\/yd\u00b2)<br \/>\n\u2022 Dimensions: 16 cm (6.5\u201d) height, 33 cm (13\u201d) width and 7 cm (2\u201d) diameter<br \/>\n\u2022 Capacity: 1.4 l (0.37 gallons)<br \/>\n\u2022 Water resistant material<br \/>\n\u2022 Zipper on the top with 2 sliders<br \/>\n\u2022 Small customizable interior pocket without zipper<br \/>\n\u2022 Silky lining, piped interior hems<br \/>\n\u2022 2.54 cm (1\u00bc\u2033) wide adjustable straps with plastic adjusters<br \/>\n\u2022 Components of the virgin product from China<\/p>","protected":false},"excerpt":{"rendered":"<p>Affirmez votre style avec la Sacoche \u201cMonogram\u201d \u2013 White, une pi\u00e8ce sophistiqu\u00e9e et fonctionnelle qui fait partie de la collection permanente de Naebula. Alliant design intemporel et praticit\u00e9, cette sacoche est parfaite pour accompagner vos d\u00e9placements quotidiens avec \u00e9l\u00e9gance. \u2022 100\u00a0% polyester \u2022 Poids du tissu\u00a0: 305\u00a0g\/m\u00b2 (9\u00a0oz\/yd\u00b2) \u2022 Dimensions\u00a0: 16\u00a0cm (6,5\u00a0\u00ab\u00a0) de hauteur, 33\u00a0cm [&hellip;]<\/p>\n","protected":false},"featured_media":1308,"comment_status":"open","ping_status":"closed","template":"","meta":[],"product_brand":[],"product_cat":[50,52],"product_tag":[],"class_list":{"0":"post-634","1":"product","2":"type-product","3":"status-publish","4":"has-post-thumbnail","6":"product_cat-accesoires","7":"product_cat-monogram","9":"first","10":"instock","11":"taxable","12":"shipping-taxable","13":"purchasable","14":"product-type-simple"},"yoast_head":"<!-- This site is optimized with the Yoast SEO plugin v27.4 - https:\/\/yoast.com\/product\/yoast-seo-wordpress\/ -->\n<title>Sacoche \u201cMonogram\u201d \u2013 White - Naebula<\/title>\n<meta name=\"robots\" content=\"index, follow, max-snippet:-1, max-image-preview:large, max-video-preview:-1\" \/>\n<link rel=\"canonical\" href=\"https:\/\/naebulashop.com\/en\/product\/sacoche-monogram-white\/\" \/>\n<meta property=\"og:locale\" content=\"en_US\" \/>\n<meta property=\"og:type\" content=\"article\" \/>\n<meta property=\"og:title\" content=\"Sacoche \u201cMonogram\u201d \u2013 White - Naebula\" \/>\n<meta property=\"og:description\" content=\"Affirmez votre style avec la Sacoche \u201cMonogram\u201d \u2013 White, une pi\u00e8ce sophistiqu\u00e9e et fonctionnelle qui fait partie de la collection permanente de Naebula. Alliant design intemporel et praticit\u00e9, cette sacoche est parfaite pour accompagner vos d\u00e9placements quotidiens avec \u00e9l\u00e9gance. \u2022 100\u00a0% polyester \u2022 Poids du tissu\u00a0: 305\u00a0g\/m\u00b2 (9\u00a0oz\/yd\u00b2) \u2022 Dimensions\u00a0: 16\u00a0cm (6,5\u00a0\u00ab\u00a0) de hauteur, 33\u00a0cm [&hellip;]\" \/>\n<meta property=\"og:url\" content=\"https:\/\/naebulashop.com\/en\/product\/sacoche-monogram-white\/\" \/>\n<meta property=\"og:site_name\" content=\"Naebula\" \/>\n<meta property=\"article:modified_time\" content=\"2024-11-30T17:11:33+00:00\" \/>\n<meta property=\"og:image\" content=\"https:\/\/naebulashop.com\/wp-content\/uploads\/2024\/11\/all-over-print-fanny-pack-white-front-6748666a04fdd.jpg\" \/>\n\t<meta property=\"og:image:width\" content=\"2000\" \/>\n\t<meta property=\"og:image:height\" content=\"2000\" \/>\n\t<meta property=\"og:image:type\" content=\"image\/jpeg\" \/>\n<meta name=\"twitter:card\" content=\"summary_large_image\" \/>\n<meta name=\"twitter:label1\" content=\"Est. reading time\" \/>\n\t<meta name=\"twitter:data1\" content=\"1 minute\" \/>\n<script type=\"application\/ld+json\" class=\"yoast-schema-graph\">{\"@context\":\"https:\\\/\\\/schema.org\",\"@graph\":[{\"@type\":\"WebPage\",\"@id\":\"https:\\\/\\\/naebulashop.com\\\/produit\\\/sacoche-monogram-white\\\/\",\"url\":\"https:\\\/\\\/naebulashop.com\\\/produit\\\/sacoche-monogram-white\\\/\",\"name\":\"Sacoche \u201cMonogram\u201d \u2013 White - Naebula\",\"isPartOf\":{\"@id\":\"https:\\\/\\\/naebulashop.com\\\/#website\"},\"primaryImageOfPage\":{\"@id\":\"https:\\\/\\\/naebulashop.com\\\/produit\\\/sacoche-monogram-white\\\/#primaryimage\"},\"image\":{\"@id\":\"https:\\\/\\\/naebulashop.com\\\/produit\\\/sacoche-monogram-white\\\/#primaryimage\"},\"thumbnailUrl\":\"https:\\\/\\\/naebulashop.com\\\/wp-content\\\/uploads\\\/2024\\\/11\\\/all-over-print-fanny-pack-white-front-6748666a04fdd.jpg\",\"datePublished\":\"2024-10-30T09:53:59+00:00\",\"dateModified\":\"2024-11-30T17:11:33+00:00\",\"breadcrumb\":{\"@id\":\"https:\\\/\\\/naebulashop.com\\\/produit\\\/sacoche-monogram-white\\\/#breadcrumb\"},\"inLanguage\":\"en-US\",\"potentialAction\":[{\"@type\":\"ReadAction\",\"target\":[\"https:\\\/\\\/naebulashop.com\\\/produit\\\/sacoche-monogram-white\\\/\"]}]},{\"@type\":\"ImageObject\",\"inLanguage\":\"en-US\",\"@id\":\"https:\\\/\\\/naebulashop.com\\\/produit\\\/sacoche-monogram-white\\\/#primaryimage\",\"url\":\"https:\\\/\\\/naebulashop.com\\\/wp-content\\\/uploads\\\/2024\\\/11\\\/all-over-print-fanny-pack-white-front-6748666a04fdd.jpg\",\"contentUrl\":\"https:\\\/\\\/naebulashop.com\\\/wp-content\\\/uploads\\\/2024\\\/11\\\/all-over-print-fanny-pack-white-front-6748666a04fdd.jpg\",\"width\":2000,\"height\":2000},{\"@type\":\"BreadcrumbList\",\"@id\":\"https:\\\/\\\/naebulashop.com\\\/produit\\\/sacoche-monogram-white\\\/#breadcrumb\",\"itemListElement\":[{\"@type\":\"ListItem\",\"position\":1,\"name\":\"Accueil\",\"item\":\"https:\\\/\\\/naebulashop.com\\\/\"},{\"@type\":\"ListItem\",\"position\":2,\"name\":\"Boutique\",\"item\":\"https:\\\/\\\/naebulashop.com\\\/boutique\\\/\"},{\"@type\":\"ListItem\",\"position\":3,\"name\":\"Sacoche \u201cMonogram\u201d \u2013 White\"}]},{\"@type\":\"WebSite\",\"@id\":\"https:\\\/\\\/naebulashop.com\\\/#website\",\"url\":\"https:\\\/\\\/naebulashop.com\\\/\",\"name\":\"Naebula\",\"description\":\"\",\"publisher\":{\"@id\":\"https:\\\/\\\/naebulashop.com\\\/#organization\"},\"potentialAction\":[{\"@type\":\"SearchAction\",\"target\":{\"@type\":\"EntryPoint\",\"urlTemplate\":\"https:\\\/\\\/naebulashop.com\\\/?s={search_term_string}\"},\"query-input\":{\"@type\":\"PropertyValueSpecification\",\"valueRequired\":true,\"valueName\":\"search_term_string\"}}],\"inLanguage\":\"en-US\"},{\"@type\":\"Organization\",\"@id\":\"https:\\\/\\\/naebulashop.com\\\/#organization\",\"name\":\"Naebula\",\"url\":\"https:\\\/\\\/naebulashop.com\\\/\",\"logo\":{\"@type\":\"ImageObject\",\"inLanguage\":\"en-US\",\"@id\":\"https:\\\/\\\/naebulashop.com\\\/#\\\/schema\\\/logo\\\/image\\\/\",\"url\":\"https:\\\/\\\/naebulashop.com\\\/wp-content\\\/uploads\\\/2024\\\/07\\\/naebula-1.png\",\"contentUrl\":\"https:\\\/\\\/naebulashop.com\\\/wp-content\\\/uploads\\\/2024\\\/07\\\/naebula-1.png\",\"width\":1121,\"height\":379,\"caption\":\"Naebula\"},\"image\":{\"@id\":\"https:\\\/\\\/naebulashop.com\\\/#\\\/schema\\\/logo\\\/image\\\/\"},\"sameAs\":[\"https:\\\/\\\/www.instagram.com\\\/naebulaclothing\\\/\"]}]}<\/script>\n<!-- \/ Yoast SEO plugin. -->","yoast_head_json":{"title":"Sacoche \u201cMonogram\u201d \u2013 White - Naebula","robots":{"index":"index","follow":"follow","max-snippet":"max-snippet:-1","max-image-preview":"max-image-preview:large","max-video-preview":"max-video-preview:-1"},"canonical":"https:\/\/naebulashop.com\/en\/product\/sacoche-monogram-white\/","og_locale":"en_US","og_type":"article","og_title":"Sacoche \u201cMonogram\u201d \u2013 White - Naebula","og_description":"Affirmez votre style avec la Sacoche \u201cMonogram\u201d \u2013 White, une pi\u00e8ce sophistiqu\u00e9e et fonctionnelle qui fait partie de la collection permanente de Naebula. Alliant design intemporel et praticit\u00e9, cette sacoche est parfaite pour accompagner vos d\u00e9placements quotidiens avec \u00e9l\u00e9gance. \u2022 100\u00a0% polyester \u2022 Poids du tissu\u00a0: 305\u00a0g\/m\u00b2 (9\u00a0oz\/yd\u00b2) \u2022 Dimensions\u00a0: 16\u00a0cm (6,5\u00a0\u00ab\u00a0) de hauteur, 33\u00a0cm [&hellip;]","og_url":"https:\/\/naebulashop.com\/en\/product\/sacoche-monogram-white\/","og_site_name":"Naebula","article_modified_time":"2024-11-30T17:11:33+00:00","og_image":[{"width":2000,"height":2000,"url":"https:\/\/naebulashop.com\/wp-content\/uploads\/2024\/11\/all-over-print-fanny-pack-white-front-6748666a04fdd.jpg","type":"image\/jpeg"}],"twitter_card":"summary_large_image","twitter_misc":{"Est. reading time":"1 minute"},"schema":{"@context":"https:\/\/schema.org","@graph":[{"@type":"WebPage","@id":"https:\/\/naebulashop.com\/produit\/sacoche-monogram-white\/","url":"https:\/\/naebulashop.com\/produit\/sacoche-monogram-white\/","name":"Sacoche \u201cMonogram\u201d \u2013 White - Naebula","isPartOf":{"@id":"https:\/\/naebulashop.com\/#website"},"primaryImageOfPage":{"@id":"https:\/\/naebulashop.com\/produit\/sacoche-monogram-white\/#primaryimage"},"image":{"@id":"https:\/\/naebulashop.com\/produit\/sacoche-monogram-white\/#primaryimage"},"thumbnailUrl":"https:\/\/naebulashop.com\/wp-content\/uploads\/2024\/11\/all-over-print-fanny-pack-white-front-6748666a04fdd.jpg","datePublished":"2024-10-30T09:53:59+00:00","dateModified":"2024-11-30T17:11:33+00:00","breadcrumb":{"@id":"https:\/\/naebulashop.com\/produit\/sacoche-monogram-white\/#breadcrumb"},"inLanguage":"en-US","potentialAction":[{"@type":"ReadAction","target":["https:\/\/naebulashop.com\/produit\/sacoche-monogram-white\/"]}]},{"@type":"ImageObject","inLanguage":"en-US","@id":"https:\/\/naebulashop.com\/produit\/sacoche-monogram-white\/#primaryimage","url":"https:\/\/naebulashop.com\/wp-content\/uploads\/2024\/11\/all-over-print-fanny-pack-white-front-6748666a04fdd.jpg","contentUrl":"https:\/\/naebulashop.com\/wp-content\/uploads\/2024\/11\/all-over-print-fanny-pack-white-front-6748666a04fdd.jpg","width":2000,"height":2000},{"@type":"BreadcrumbList","@id":"https:\/\/naebulashop.com\/produit\/sacoche-monogram-white\/#breadcrumb","itemListElement":[{"@type":"ListItem","position":1,"name":"Accueil","item":"https:\/\/naebulashop.com\/"},{"@type":"ListItem","position":2,"name":"Boutique","item":"https:\/\/naebulashop.com\/boutique\/"},{"@type":"ListItem","position":3,"name":"Sacoche \u201cMonogram\u201d \u2013 White"}]},{"@type":"WebSite","@id":"https:\/\/naebulashop.com\/#website","url":"https:\/\/naebulashop.com\/","name":"Naebula","description":"","publisher":{"@id":"https:\/\/naebulashop.com\/#organization"},"potentialAction":[{"@type":"SearchAction","target":{"@type":"EntryPoint","urlTemplate":"https:\/\/naebulashop.com\/?s={search_term_string}"},"query-input":{"@type":"PropertyValueSpecification","valueRequired":true,"valueName":"search_term_string"}}],"inLanguage":"en-US"},{"@type":"Organization","@id":"https:\/\/naebulashop.com\/#organization","name":"Naebula","url":"https:\/\/naebulashop.com\/","logo":{"@type":"ImageObject","inLanguage":"en-US","@id":"https:\/\/naebulashop.com\/#\/schema\/logo\/image\/","url":"https:\/\/naebulashop.com\/wp-content\/uploads\/2024\/07\/naebula-1.png","contentUrl":"https:\/\/naebulashop.com\/wp-content\/uploads\/2024\/07\/naebula-1.png","width":1121,"height":379,"caption":"Naebula"},"image":{"@id":"https:\/\/naebulashop.com\/#\/schema\/logo\/image\/"},"sameAs":["https:\/\/www.instagram.com\/naebulaclothing\/"]}]}},"_links":{"self":[{"href":"https:\/\/naebulashop.com\/en\/wp-json\/wp\/v2\/product\/634","targetHints":{"allow":["GET"]}}],"collection":[{"href":"https:\/\/naebulashop.com\/en\/wp-json\/wp\/v2\/product"}],"about":[{"href":"https:\/\/naebulashop.com\/en\/wp-json\/wp\/v2\/types\/product"}],"replies":[{"embeddable":true,"href":"https:\/\/naebulashop.com\/en\/wp-json\/wp\/v2\/comments?post=634"}],"wp:featuredmedia":[{"embeddable":true,"href":"https:\/\/naebulashop.com\/en\/wp-json\/wp\/v2\/media\/1308"}],"wp:attachment":[{"href":"https:\/\/naebulashop.com\/en\/wp-json\/wp\/v2\/media?parent=634"}],"wp:term":[{"taxonomy":"product_brand","embeddable":true,"href":"https:\/\/naebulashop.com\/en\/wp-json\/wp\/v2\/product_brand?post=634"},{"taxonomy":"product_cat","embeddable":true,"href":"https:\/\/naebulashop.com\/en\/wp-json\/wp\/v2\/product_cat?post=634"},{"taxonomy":"product_tag","embeddable":true,"href":"https:\/\/naebulashop.com\/en\/wp-json\/wp\/v2\/product_tag?post=634"}],"curies":[{"name":"wp","href":"https:\/\/api.w.org\/{rel}","templated":true}]}}