{"id":642,"date":"2024-10-30T11:57:32","date_gmt":"2024-10-30T10:57:32","guid":{"rendered":"https:\/\/naebulashop.com\/produit\/hoodie-monogram-white\/"},"modified":"2025-05-26T12:01:20","modified_gmt":"2025-05-26T10:01:20","slug":"hoodie-monogram-white","status":"publish","type":"product","link":"https:\/\/naebulashop.com\/en\/product\/hoodie-monogram-white\/","title":{"rendered":"\u201cMonogram\u201d Hoodie \u2013 White"},"content":{"rendered":"<p>Hoodie \u201cMonogram\u201d \u2013 White is a must-have piece from Naebula\u2019s permanent collection, designed to combine comfort, functionality and minimalist style. With its clean design and subtle details, it perfectly embodies the brand\u2019s timeless spirit.<\/p>\n<p>\u2022 95 % recycled polyester, 5 % spandex<br \/>\n\u2022 Fabric weight (may vary from 5 to 3T): 308 g\/m\u00b2 (9.08 oz\/yd\u00b2)<br \/>\n\u2022 Soft-touch cotton fabric side<br \/>\n\u2022 Brushed fleece fabric inside<br \/>\n\u2022 Lined hood with design on both sides<br \/>\n\u2022 Unisex style<br \/>\n\u2022 With drawstrings<br \/>\n\u2022 Overlock seams<br \/>\n\u2022 Components of the virgin product in Mexico from Poland and Mexico<br \/>\n\u2022 Components of the virgin EU product from China and Poland<\/p>","protected":false},"excerpt":{"rendered":"<p>Hoodie \u201cMonogram\u201d \u2013 White est une pi\u00e8ce incontournable de la collection permanente de Naebula, con\u00e7ue pour allier confort, fonctionnalit\u00e9 et style minimaliste. Avec son design \u00e9pur\u00e9 et ses d\u00e9tails subtils, il incarne parfaitement l&rsquo;esprit intemporel de la marque. \u2022 95\u00a0%\u00a0polyester recycl\u00e9, 5\u00a0% spandex \u2022 Poids du tissu (peut varier de 5\u00a0%)\u00a0:\u00a0308\u00a0g\/m\u00b2 (9,08\u00a0oz\/yd\u00b2) \u2022 C\u00f4t\u00e9 en [&hellip;]<\/p>\n","protected":false},"featured_media":652,"comment_status":"open","ping_status":"closed","template":"","meta":[],"product_brand":[],"product_cat":[47,52],"product_tag":[],"class_list":{"0":"post-642","1":"product","2":"type-product","3":"status-publish","4":"has-post-thumbnail","6":"product_cat-hoodies","7":"product_cat-monogram","9":"first","10":"instock","11":"taxable","12":"shipping-taxable","13":"purchasable","14":"product-type-variable"},"yoast_head":"<!-- This site is optimized with the Yoast SEO plugin v27.4 - https:\/\/yoast.com\/product\/yoast-seo-wordpress\/ -->\n<title>Hoodie \u201cMonogram\u201d \u2013 White - Naebula<\/title>\n<meta name=\"robots\" content=\"index, follow, max-snippet:-1, max-image-preview:large, max-video-preview:-1\" \/>\n<link rel=\"canonical\" href=\"https:\/\/naebulashop.com\/en\/product\/hoodie-monogram-white\/\" \/>\n<meta property=\"og:locale\" content=\"en_US\" \/>\n<meta property=\"og:type\" content=\"article\" \/>\n<meta property=\"og:title\" content=\"Hoodie \u201cMonogram\u201d \u2013 White - Naebula\" \/>\n<meta property=\"og:description\" content=\"Hoodie \u201cMonogram\u201d \u2013 White est une pi\u00e8ce incontournable de la collection permanente de Naebula, con\u00e7ue pour allier confort, fonctionnalit\u00e9 et style minimaliste. Avec son design \u00e9pur\u00e9 et ses d\u00e9tails subtils, il incarne parfaitement l&rsquo;esprit intemporel de la marque. \u2022 95\u00a0%\u00a0polyester recycl\u00e9, 5\u00a0% spandex \u2022 Poids du tissu (peut varier de 5\u00a0%)\u00a0:\u00a0308\u00a0g\/m\u00b2 (9,08\u00a0oz\/yd\u00b2) \u2022 C\u00f4t\u00e9 en [&hellip;]\" \/>\n<meta property=\"og:url\" content=\"https:\/\/naebulashop.com\/en\/product\/hoodie-monogram-white\/\" \/>\n<meta property=\"og:site_name\" content=\"Naebula\" \/>\n<meta property=\"article:modified_time\" content=\"2025-05-26T10:01:20+00:00\" \/>\n<meta property=\"og:image\" content=\"https:\/\/naebulashop.com\/wp-content\/uploads\/2024\/10\/all-over-print-recycled-unisex-hoodie-white-front-6722110e5e9e6.jpg\" \/>\n\t<meta property=\"og:image:width\" content=\"2000\" \/>\n\t<meta property=\"og:image:height\" content=\"2000\" \/>\n\t<meta property=\"og:image:type\" content=\"image\/jpeg\" \/>\n<meta name=\"twitter:card\" content=\"summary_large_image\" \/>\n<meta name=\"twitter:label1\" content=\"Est. reading time\" \/>\n\t<meta name=\"twitter:data1\" content=\"1 minute\" \/>\n<script type=\"application\/ld+json\" class=\"yoast-schema-graph\">{\"@context\":\"https:\\\/\\\/schema.org\",\"@graph\":[{\"@type\":\"WebPage\",\"@id\":\"https:\\\/\\\/naebulashop.com\\\/produit\\\/hoodie-monogram-white\\\/\",\"url\":\"https:\\\/\\\/naebulashop.com\\\/produit\\\/hoodie-monogram-white\\\/\",\"name\":\"Hoodie \u201cMonogram\u201d \u2013 White - Naebula\",\"isPartOf\":{\"@id\":\"https:\\\/\\\/naebulashop.com\\\/#website\"},\"primaryImageOfPage\":{\"@id\":\"https:\\\/\\\/naebulashop.com\\\/produit\\\/hoodie-monogram-white\\\/#primaryimage\"},\"image\":{\"@id\":\"https:\\\/\\\/naebulashop.com\\\/produit\\\/hoodie-monogram-white\\\/#primaryimage\"},\"thumbnailUrl\":\"https:\\\/\\\/naebulashop.com\\\/wp-content\\\/uploads\\\/2024\\\/10\\\/all-over-print-recycled-unisex-hoodie-white-front-6722110e5e9e6.jpg\",\"datePublished\":\"2024-10-30T10:57:32+00:00\",\"dateModified\":\"2025-05-26T10:01:20+00:00\",\"breadcrumb\":{\"@id\":\"https:\\\/\\\/naebulashop.com\\\/produit\\\/hoodie-monogram-white\\\/#breadcrumb\"},\"inLanguage\":\"en-US\",\"potentialAction\":[{\"@type\":\"ReadAction\",\"target\":[\"https:\\\/\\\/naebulashop.com\\\/produit\\\/hoodie-monogram-white\\\/\"]}]},{\"@type\":\"ImageObject\",\"inLanguage\":\"en-US\",\"@id\":\"https:\\\/\\\/naebulashop.com\\\/produit\\\/hoodie-monogram-white\\\/#primaryimage\",\"url\":\"https:\\\/\\\/naebulashop.com\\\/wp-content\\\/uploads\\\/2024\\\/10\\\/all-over-print-recycled-unisex-hoodie-white-front-6722110e5e9e6.jpg\",\"contentUrl\":\"https:\\\/\\\/naebulashop.com\\\/wp-content\\\/uploads\\\/2024\\\/10\\\/all-over-print-recycled-unisex-hoodie-white-front-6722110e5e9e6.jpg\",\"width\":2000,\"height\":2000},{\"@type\":\"BreadcrumbList\",\"@id\":\"https:\\\/\\\/naebulashop.com\\\/produit\\\/hoodie-monogram-white\\\/#breadcrumb\",\"itemListElement\":[{\"@type\":\"ListItem\",\"position\":1,\"name\":\"Accueil\",\"item\":\"https:\\\/\\\/naebulashop.com\\\/\"},{\"@type\":\"ListItem\",\"position\":2,\"name\":\"Boutique\",\"item\":\"https:\\\/\\\/naebulashop.com\\\/boutique\\\/\"},{\"@type\":\"ListItem\",\"position\":3,\"name\":\"Hoodie \u201cMonogram\u201d \u2013 White\"}]},{\"@type\":\"WebSite\",\"@id\":\"https:\\\/\\\/naebulashop.com\\\/#website\",\"url\":\"https:\\\/\\\/naebulashop.com\\\/\",\"name\":\"Naebula\",\"description\":\"\",\"publisher\":{\"@id\":\"https:\\\/\\\/naebulashop.com\\\/#organization\"},\"potentialAction\":[{\"@type\":\"SearchAction\",\"target\":{\"@type\":\"EntryPoint\",\"urlTemplate\":\"https:\\\/\\\/naebulashop.com\\\/?s={search_term_string}\"},\"query-input\":{\"@type\":\"PropertyValueSpecification\",\"valueRequired\":true,\"valueName\":\"search_term_string\"}}],\"inLanguage\":\"en-US\"},{\"@type\":\"Organization\",\"@id\":\"https:\\\/\\\/naebulashop.com\\\/#organization\",\"name\":\"Naebula\",\"url\":\"https:\\\/\\\/naebulashop.com\\\/\",\"logo\":{\"@type\":\"ImageObject\",\"inLanguage\":\"en-US\",\"@id\":\"https:\\\/\\\/naebulashop.com\\\/#\\\/schema\\\/logo\\\/image\\\/\",\"url\":\"https:\\\/\\\/naebulashop.com\\\/wp-content\\\/uploads\\\/2024\\\/07\\\/naebula-1.png\",\"contentUrl\":\"https:\\\/\\\/naebulashop.com\\\/wp-content\\\/uploads\\\/2024\\\/07\\\/naebula-1.png\",\"width\":1121,\"height\":379,\"caption\":\"Naebula\"},\"image\":{\"@id\":\"https:\\\/\\\/naebulashop.com\\\/#\\\/schema\\\/logo\\\/image\\\/\"},\"sameAs\":[\"https:\\\/\\\/www.instagram.com\\\/naebulaclothing\\\/\"]}]}<\/script>\n<!-- \/ Yoast SEO plugin. -->","yoast_head_json":{"title":"Hoodie \u201cMonogram\u201d \u2013 White - Naebula","robots":{"index":"index","follow":"follow","max-snippet":"max-snippet:-1","max-image-preview":"max-image-preview:large","max-video-preview":"max-video-preview:-1"},"canonical":"https:\/\/naebulashop.com\/en\/product\/hoodie-monogram-white\/","og_locale":"en_US","og_type":"article","og_title":"Hoodie \u201cMonogram\u201d \u2013 White - Naebula","og_description":"Hoodie \u201cMonogram\u201d \u2013 White est une pi\u00e8ce incontournable de la collection permanente de Naebula, con\u00e7ue pour allier confort, fonctionnalit\u00e9 et style minimaliste. Avec son design \u00e9pur\u00e9 et ses d\u00e9tails subtils, il incarne parfaitement l&rsquo;esprit intemporel de la marque. \u2022 95\u00a0%\u00a0polyester recycl\u00e9, 5\u00a0% spandex \u2022 Poids du tissu (peut varier de 5\u00a0%)\u00a0:\u00a0308\u00a0g\/m\u00b2 (9,08\u00a0oz\/yd\u00b2) \u2022 C\u00f4t\u00e9 en [&hellip;]","og_url":"https:\/\/naebulashop.com\/en\/product\/hoodie-monogram-white\/","og_site_name":"Naebula","article_modified_time":"2025-05-26T10:01:20+00:00","og_image":[{"width":2000,"height":2000,"url":"https:\/\/naebulashop.com\/wp-content\/uploads\/2024\/10\/all-over-print-recycled-unisex-hoodie-white-front-6722110e5e9e6.jpg","type":"image\/jpeg"}],"twitter_card":"summary_large_image","twitter_misc":{"Est. reading time":"1 minute"},"schema":{"@context":"https:\/\/schema.org","@graph":[{"@type":"WebPage","@id":"https:\/\/naebulashop.com\/produit\/hoodie-monogram-white\/","url":"https:\/\/naebulashop.com\/produit\/hoodie-monogram-white\/","name":"Hoodie \u201cMonogram\u201d \u2013 White - Naebula","isPartOf":{"@id":"https:\/\/naebulashop.com\/#website"},"primaryImageOfPage":{"@id":"https:\/\/naebulashop.com\/produit\/hoodie-monogram-white\/#primaryimage"},"image":{"@id":"https:\/\/naebulashop.com\/produit\/hoodie-monogram-white\/#primaryimage"},"thumbnailUrl":"https:\/\/naebulashop.com\/wp-content\/uploads\/2024\/10\/all-over-print-recycled-unisex-hoodie-white-front-6722110e5e9e6.jpg","datePublished":"2024-10-30T10:57:32+00:00","dateModified":"2025-05-26T10:01:20+00:00","breadcrumb":{"@id":"https:\/\/naebulashop.com\/produit\/hoodie-monogram-white\/#breadcrumb"},"inLanguage":"en-US","potentialAction":[{"@type":"ReadAction","target":["https:\/\/naebulashop.com\/produit\/hoodie-monogram-white\/"]}]},{"@type":"ImageObject","inLanguage":"en-US","@id":"https:\/\/naebulashop.com\/produit\/hoodie-monogram-white\/#primaryimage","url":"https:\/\/naebulashop.com\/wp-content\/uploads\/2024\/10\/all-over-print-recycled-unisex-hoodie-white-front-6722110e5e9e6.jpg","contentUrl":"https:\/\/naebulashop.com\/wp-content\/uploads\/2024\/10\/all-over-print-recycled-unisex-hoodie-white-front-6722110e5e9e6.jpg","width":2000,"height":2000},{"@type":"BreadcrumbList","@id":"https:\/\/naebulashop.com\/produit\/hoodie-monogram-white\/#breadcrumb","itemListElement":[{"@type":"ListItem","position":1,"name":"Accueil","item":"https:\/\/naebulashop.com\/"},{"@type":"ListItem","position":2,"name":"Boutique","item":"https:\/\/naebulashop.com\/boutique\/"},{"@type":"ListItem","position":3,"name":"Hoodie \u201cMonogram\u201d \u2013 White"}]},{"@type":"WebSite","@id":"https:\/\/naebulashop.com\/#website","url":"https:\/\/naebulashop.com\/","name":"Naebula","description":"","publisher":{"@id":"https:\/\/naebulashop.com\/#organization"},"potentialAction":[{"@type":"SearchAction","target":{"@type":"EntryPoint","urlTemplate":"https:\/\/naebulashop.com\/?s={search_term_string}"},"query-input":{"@type":"PropertyValueSpecification","valueRequired":true,"valueName":"search_term_string"}}],"inLanguage":"en-US"},{"@type":"Organization","@id":"https:\/\/naebulashop.com\/#organization","name":"Naebula","url":"https:\/\/naebulashop.com\/","logo":{"@type":"ImageObject","inLanguage":"en-US","@id":"https:\/\/naebulashop.com\/#\/schema\/logo\/image\/","url":"https:\/\/naebulashop.com\/wp-content\/uploads\/2024\/07\/naebula-1.png","contentUrl":"https:\/\/naebulashop.com\/wp-content\/uploads\/2024\/07\/naebula-1.png","width":1121,"height":379,"caption":"Naebula"},"image":{"@id":"https:\/\/naebulashop.com\/#\/schema\/logo\/image\/"},"sameAs":["https:\/\/www.instagram.com\/naebulaclothing\/"]}]}},"_links":{"self":[{"href":"https:\/\/naebulashop.com\/en\/wp-json\/wp\/v2\/product\/642","targetHints":{"allow":["GET"]}}],"collection":[{"href":"https:\/\/naebulashop.com\/en\/wp-json\/wp\/v2\/product"}],"about":[{"href":"https:\/\/naebulashop.com\/en\/wp-json\/wp\/v2\/types\/product"}],"replies":[{"embeddable":true,"href":"https:\/\/naebulashop.com\/en\/wp-json\/wp\/v2\/comments?post=642"}],"wp:featuredmedia":[{"embeddable":true,"href":"https:\/\/naebulashop.com\/en\/wp-json\/wp\/v2\/media\/652"}],"wp:attachment":[{"href":"https:\/\/naebulashop.com\/en\/wp-json\/wp\/v2\/media?parent=642"}],"wp:term":[{"taxonomy":"product_brand","embeddable":true,"href":"https:\/\/naebulashop.com\/en\/wp-json\/wp\/v2\/product_brand?post=642"},{"taxonomy":"product_cat","embeddable":true,"href":"https:\/\/naebulashop.com\/en\/wp-json\/wp\/v2\/product_cat?post=642"},{"taxonomy":"product_tag","embeddable":true,"href":"https:\/\/naebulashop.com\/en\/wp-json\/wp\/v2\/product_tag?post=642"}],"curies":[{"name":"wp","href":"https:\/\/api.w.org\/{rel}","templated":true}]}}