{"id":709,"date":"2024-10-30T15:17:55","date_gmt":"2024-10-30T14:17:55","guid":{"rendered":"https:\/\/naebulashop.com\/produit\/hoodie-venus-black\/"},"modified":"2025-05-26T11:53:04","modified_gmt":"2025-05-26T09:53:04","slug":"hoodie-venus-black","status":"publish","type":"product","link":"https:\/\/naebulashop.com\/en\/product\/hoodie-venus-black\/","title":{"rendered":"Hoodie \u201cVenus\u201d \u2013 Black"},"content":{"rendered":"<p>Express your fascination for the planet of beauty and mystery with the \u201cVenus\u201d Hoodie \u2013 Black, an elegant and timeless piece from the Solar System collection. Inspired by the brilliance and power of Venus, this hoodie combines cosmic style with modern comfort.<\/p>\n<p>\u2022 50 % preshrunk cotton and 50 % polyester<br \/>\n\u2022 Fabric weight: 271.25 g\/m\u00b2<br \/>\n\u2022 Air-jet spun yarn with soft feel and reduced pilling<br \/>\n\u2022 Double-lined hood with matching drawstring<br \/>\n\u2022 Body turned a quarter turn to avoid central crease<br \/>\n\u2022 Athletic ribbed knit cuffs and waistband with spandex<br \/>\n\u2022 Front pocket<br \/>\n\u2022 Double needle stitching of collar, shoulders, armholes, cuffs and hem<br \/>\n\u2022 Virgin product from Bangladesh, Nicaragua, Honduras or El Salvador<\/p>","protected":false},"excerpt":{"rendered":"<p>Exprimez votre fascination pour la plan\u00e8te de la beaut\u00e9 et du myst\u00e8re avec le Hoodie \u201cVenus\u201d \u2013 Black, une pi\u00e8ce \u00e9l\u00e9gante et intemporelle de la collection Solar System. Inspir\u00e9 par l&rsquo;\u00e9clat et la puissance de V\u00e9nus, ce hoodie marie style cosmique et confort moderne. \u2022 50\u00a0% coton pr\u00e9r\u00e9tr\u00e9ci et 50\u00a0% polyester \u2022 Grammage du tissu\u00a0: [&hellip;]<\/p>\n","protected":false},"featured_media":775,"comment_status":"open","ping_status":"closed","template":"","meta":[],"product_brand":[],"product_cat":[47,51],"product_tag":[],"class_list":{"0":"post-709","1":"product","2":"type-product","3":"status-publish","4":"has-post-thumbnail","6":"product_cat-hoodies","7":"product_cat-solarsystem","9":"first","10":"instock","11":"taxable","12":"shipping-taxable","13":"purchasable","14":"product-type-variable"},"yoast_head":"<!-- This site is optimized with the Yoast SEO plugin v27.4 - https:\/\/yoast.com\/product\/yoast-seo-wordpress\/ -->\n<title>Hoodie \u201cVenus\u201d \u2013 Black - Naebula<\/title>\n<meta name=\"robots\" content=\"index, follow, max-snippet:-1, max-image-preview:large, max-video-preview:-1\" \/>\n<link rel=\"canonical\" href=\"https:\/\/naebulashop.com\/en\/product\/hoodie-venus-black\/\" \/>\n<meta property=\"og:locale\" content=\"en_US\" \/>\n<meta property=\"og:type\" content=\"article\" \/>\n<meta property=\"og:title\" content=\"Hoodie \u201cVenus\u201d \u2013 Black - Naebula\" \/>\n<meta property=\"og:description\" content=\"Exprimez votre fascination pour la plan\u00e8te de la beaut\u00e9 et du myst\u00e8re avec le Hoodie \u201cVenus\u201d \u2013 Black, une pi\u00e8ce \u00e9l\u00e9gante et intemporelle de la collection Solar System. Inspir\u00e9 par l&rsquo;\u00e9clat et la puissance de V\u00e9nus, ce hoodie marie style cosmique et confort moderne. \u2022 50\u00a0% coton pr\u00e9r\u00e9tr\u00e9ci et 50\u00a0% polyester \u2022 Grammage du tissu\u00a0: [&hellip;]\" \/>\n<meta property=\"og:url\" content=\"https:\/\/naebulashop.com\/en\/product\/hoodie-venus-black\/\" \/>\n<meta property=\"og:site_name\" content=\"Naebula\" \/>\n<meta property=\"article:modified_time\" content=\"2025-05-26T09:53:04+00:00\" \/>\n<meta property=\"og:image\" content=\"https:\/\/naebulashop.com\/wp-content\/uploads\/2024\/10\/unisex-heavy-blend-hoodie-black-front-67235c6425629.jpg\" \/>\n\t<meta property=\"og:image:width\" content=\"2000\" \/>\n\t<meta property=\"og:image:height\" content=\"2000\" \/>\n\t<meta property=\"og:image:type\" content=\"image\/jpeg\" \/>\n<meta name=\"twitter:card\" content=\"summary_large_image\" \/>\n<meta name=\"twitter:label1\" content=\"Est. reading time\" \/>\n\t<meta name=\"twitter:data1\" content=\"1 minute\" \/>\n<script type=\"application\/ld+json\" class=\"yoast-schema-graph\">{\"@context\":\"https:\\\/\\\/schema.org\",\"@graph\":[{\"@type\":\"WebPage\",\"@id\":\"https:\\\/\\\/naebulashop.com\\\/produit\\\/hoodie-venus-black\\\/\",\"url\":\"https:\\\/\\\/naebulashop.com\\\/produit\\\/hoodie-venus-black\\\/\",\"name\":\"Hoodie \u201cVenus\u201d \u2013 Black - Naebula\",\"isPartOf\":{\"@id\":\"https:\\\/\\\/naebulashop.com\\\/#website\"},\"primaryImageOfPage\":{\"@id\":\"https:\\\/\\\/naebulashop.com\\\/produit\\\/hoodie-venus-black\\\/#primaryimage\"},\"image\":{\"@id\":\"https:\\\/\\\/naebulashop.com\\\/produit\\\/hoodie-venus-black\\\/#primaryimage\"},\"thumbnailUrl\":\"https:\\\/\\\/naebulashop.com\\\/wp-content\\\/uploads\\\/2024\\\/10\\\/unisex-heavy-blend-hoodie-black-front-67235c6425629.jpg\",\"datePublished\":\"2024-10-30T14:17:55+00:00\",\"dateModified\":\"2025-05-26T09:53:04+00:00\",\"breadcrumb\":{\"@id\":\"https:\\\/\\\/naebulashop.com\\\/produit\\\/hoodie-venus-black\\\/#breadcrumb\"},\"inLanguage\":\"en-US\",\"potentialAction\":[{\"@type\":\"ReadAction\",\"target\":[\"https:\\\/\\\/naebulashop.com\\\/produit\\\/hoodie-venus-black\\\/\"]}]},{\"@type\":\"ImageObject\",\"inLanguage\":\"en-US\",\"@id\":\"https:\\\/\\\/naebulashop.com\\\/produit\\\/hoodie-venus-black\\\/#primaryimage\",\"url\":\"https:\\\/\\\/naebulashop.com\\\/wp-content\\\/uploads\\\/2024\\\/10\\\/unisex-heavy-blend-hoodie-black-front-67235c6425629.jpg\",\"contentUrl\":\"https:\\\/\\\/naebulashop.com\\\/wp-content\\\/uploads\\\/2024\\\/10\\\/unisex-heavy-blend-hoodie-black-front-67235c6425629.jpg\",\"width\":2000,\"height\":2000},{\"@type\":\"BreadcrumbList\",\"@id\":\"https:\\\/\\\/naebulashop.com\\\/produit\\\/hoodie-venus-black\\\/#breadcrumb\",\"itemListElement\":[{\"@type\":\"ListItem\",\"position\":1,\"name\":\"Accueil\",\"item\":\"https:\\\/\\\/naebulashop.com\\\/\"},{\"@type\":\"ListItem\",\"position\":2,\"name\":\"Boutique\",\"item\":\"https:\\\/\\\/naebulashop.com\\\/boutique\\\/\"},{\"@type\":\"ListItem\",\"position\":3,\"name\":\"Hoodie \u201cVenus\u201d \u2013 Black\"}]},{\"@type\":\"WebSite\",\"@id\":\"https:\\\/\\\/naebulashop.com\\\/#website\",\"url\":\"https:\\\/\\\/naebulashop.com\\\/\",\"name\":\"Naebula\",\"description\":\"\",\"publisher\":{\"@id\":\"https:\\\/\\\/naebulashop.com\\\/#organization\"},\"potentialAction\":[{\"@type\":\"SearchAction\",\"target\":{\"@type\":\"EntryPoint\",\"urlTemplate\":\"https:\\\/\\\/naebulashop.com\\\/?s={search_term_string}\"},\"query-input\":{\"@type\":\"PropertyValueSpecification\",\"valueRequired\":true,\"valueName\":\"search_term_string\"}}],\"inLanguage\":\"en-US\"},{\"@type\":\"Organization\",\"@id\":\"https:\\\/\\\/naebulashop.com\\\/#organization\",\"name\":\"Naebula\",\"url\":\"https:\\\/\\\/naebulashop.com\\\/\",\"logo\":{\"@type\":\"ImageObject\",\"inLanguage\":\"en-US\",\"@id\":\"https:\\\/\\\/naebulashop.com\\\/#\\\/schema\\\/logo\\\/image\\\/\",\"url\":\"https:\\\/\\\/naebulashop.com\\\/wp-content\\\/uploads\\\/2024\\\/07\\\/naebula-1.png\",\"contentUrl\":\"https:\\\/\\\/naebulashop.com\\\/wp-content\\\/uploads\\\/2024\\\/07\\\/naebula-1.png\",\"width\":1121,\"height\":379,\"caption\":\"Naebula\"},\"image\":{\"@id\":\"https:\\\/\\\/naebulashop.com\\\/#\\\/schema\\\/logo\\\/image\\\/\"},\"sameAs\":[\"https:\\\/\\\/www.instagram.com\\\/naebulaclothing\\\/\"]}]}<\/script>\n<!-- \/ Yoast SEO plugin. -->","yoast_head_json":{"title":"Hoodie \u201cVenus\u201d \u2013 Black - Naebula","robots":{"index":"index","follow":"follow","max-snippet":"max-snippet:-1","max-image-preview":"max-image-preview:large","max-video-preview":"max-video-preview:-1"},"canonical":"https:\/\/naebulashop.com\/en\/product\/hoodie-venus-black\/","og_locale":"en_US","og_type":"article","og_title":"Hoodie \u201cVenus\u201d \u2013 Black - Naebula","og_description":"Exprimez votre fascination pour la plan\u00e8te de la beaut\u00e9 et du myst\u00e8re avec le Hoodie \u201cVenus\u201d \u2013 Black, une pi\u00e8ce \u00e9l\u00e9gante et intemporelle de la collection Solar System. Inspir\u00e9 par l&rsquo;\u00e9clat et la puissance de V\u00e9nus, ce hoodie marie style cosmique et confort moderne. \u2022 50\u00a0% coton pr\u00e9r\u00e9tr\u00e9ci et 50\u00a0% polyester \u2022 Grammage du tissu\u00a0: [&hellip;]","og_url":"https:\/\/naebulashop.com\/en\/product\/hoodie-venus-black\/","og_site_name":"Naebula","article_modified_time":"2025-05-26T09:53:04+00:00","og_image":[{"width":2000,"height":2000,"url":"https:\/\/naebulashop.com\/wp-content\/uploads\/2024\/10\/unisex-heavy-blend-hoodie-black-front-67235c6425629.jpg","type":"image\/jpeg"}],"twitter_card":"summary_large_image","twitter_misc":{"Est. reading time":"1 minute"},"schema":{"@context":"https:\/\/schema.org","@graph":[{"@type":"WebPage","@id":"https:\/\/naebulashop.com\/produit\/hoodie-venus-black\/","url":"https:\/\/naebulashop.com\/produit\/hoodie-venus-black\/","name":"Hoodie \u201cVenus\u201d \u2013 Black - Naebula","isPartOf":{"@id":"https:\/\/naebulashop.com\/#website"},"primaryImageOfPage":{"@id":"https:\/\/naebulashop.com\/produit\/hoodie-venus-black\/#primaryimage"},"image":{"@id":"https:\/\/naebulashop.com\/produit\/hoodie-venus-black\/#primaryimage"},"thumbnailUrl":"https:\/\/naebulashop.com\/wp-content\/uploads\/2024\/10\/unisex-heavy-blend-hoodie-black-front-67235c6425629.jpg","datePublished":"2024-10-30T14:17:55+00:00","dateModified":"2025-05-26T09:53:04+00:00","breadcrumb":{"@id":"https:\/\/naebulashop.com\/produit\/hoodie-venus-black\/#breadcrumb"},"inLanguage":"en-US","potentialAction":[{"@type":"ReadAction","target":["https:\/\/naebulashop.com\/produit\/hoodie-venus-black\/"]}]},{"@type":"ImageObject","inLanguage":"en-US","@id":"https:\/\/naebulashop.com\/produit\/hoodie-venus-black\/#primaryimage","url":"https:\/\/naebulashop.com\/wp-content\/uploads\/2024\/10\/unisex-heavy-blend-hoodie-black-front-67235c6425629.jpg","contentUrl":"https:\/\/naebulashop.com\/wp-content\/uploads\/2024\/10\/unisex-heavy-blend-hoodie-black-front-67235c6425629.jpg","width":2000,"height":2000},{"@type":"BreadcrumbList","@id":"https:\/\/naebulashop.com\/produit\/hoodie-venus-black\/#breadcrumb","itemListElement":[{"@type":"ListItem","position":1,"name":"Accueil","item":"https:\/\/naebulashop.com\/"},{"@type":"ListItem","position":2,"name":"Boutique","item":"https:\/\/naebulashop.com\/boutique\/"},{"@type":"ListItem","position":3,"name":"Hoodie \u201cVenus\u201d \u2013 Black"}]},{"@type":"WebSite","@id":"https:\/\/naebulashop.com\/#website","url":"https:\/\/naebulashop.com\/","name":"Naebula","description":"","publisher":{"@id":"https:\/\/naebulashop.com\/#organization"},"potentialAction":[{"@type":"SearchAction","target":{"@type":"EntryPoint","urlTemplate":"https:\/\/naebulashop.com\/?s={search_term_string}"},"query-input":{"@type":"PropertyValueSpecification","valueRequired":true,"valueName":"search_term_string"}}],"inLanguage":"en-US"},{"@type":"Organization","@id":"https:\/\/naebulashop.com\/#organization","name":"Naebula","url":"https:\/\/naebulashop.com\/","logo":{"@type":"ImageObject","inLanguage":"en-US","@id":"https:\/\/naebulashop.com\/#\/schema\/logo\/image\/","url":"https:\/\/naebulashop.com\/wp-content\/uploads\/2024\/07\/naebula-1.png","contentUrl":"https:\/\/naebulashop.com\/wp-content\/uploads\/2024\/07\/naebula-1.png","width":1121,"height":379,"caption":"Naebula"},"image":{"@id":"https:\/\/naebulashop.com\/#\/schema\/logo\/image\/"},"sameAs":["https:\/\/www.instagram.com\/naebulaclothing\/"]}]}},"_links":{"self":[{"href":"https:\/\/naebulashop.com\/en\/wp-json\/wp\/v2\/product\/709","targetHints":{"allow":["GET"]}}],"collection":[{"href":"https:\/\/naebulashop.com\/en\/wp-json\/wp\/v2\/product"}],"about":[{"href":"https:\/\/naebulashop.com\/en\/wp-json\/wp\/v2\/types\/product"}],"replies":[{"embeddable":true,"href":"https:\/\/naebulashop.com\/en\/wp-json\/wp\/v2\/comments?post=709"}],"wp:featuredmedia":[{"embeddable":true,"href":"https:\/\/naebulashop.com\/en\/wp-json\/wp\/v2\/media\/775"}],"wp:attachment":[{"href":"https:\/\/naebulashop.com\/en\/wp-json\/wp\/v2\/media?parent=709"}],"wp:term":[{"taxonomy":"product_brand","embeddable":true,"href":"https:\/\/naebulashop.com\/en\/wp-json\/wp\/v2\/product_brand?post=709"},{"taxonomy":"product_cat","embeddable":true,"href":"https:\/\/naebulashop.com\/en\/wp-json\/wp\/v2\/product_cat?post=709"},{"taxonomy":"product_tag","embeddable":true,"href":"https:\/\/naebulashop.com\/en\/wp-json\/wp\/v2\/product_tag?post=709"}],"curies":[{"name":"wp","href":"https:\/\/api.w.org\/{rel}","templated":true}]}}